{"id":21675,"date":"2022-09-01T11:51:57","date_gmt":"2022-09-01T11:51:57","guid":{"rendered":"https:\/\/toy2.com\/vare\/allround-small\/"},"modified":"2023-11-07T10:32:25","modified_gmt":"2023-11-07T10:32:25","slug":"allround-small","status":"publish","type":"product","link":"https:\/\/toy2.com\/sv\/vare\/allround-small\/","title":{"rendered":"Allround Small<br> 8 delar"},"content":{"rendered":"<p><strong>Allround Small inneh\u00e5ller 8 Track Connectors.<\/strong><\/p>\n<table>\n<tbody>\n<tr>\n<th>Basis<\/th>\n<th>Double Female<\/th>\n<th>Double Male<\/th>\n<th>Intersection<\/th>\n<\/tr>\n<tr>\n<td style=\"text-align: center;\">4<\/td>\n<td style=\"text-align: center;\">1<\/td>\n<td style=\"text-align: center;\">1<\/td>\n<td style=\"text-align: center;\">0<\/td>\n<\/tr>\n<tr>\n<td style=\"text-align: center;\"><img decoding=\"async\" class=\"alignnone wp-image-4253 size-full\" src=\"https:\/\/toy2.com\/wp-content\/uploads\/2022\/04\/Basis-Black.png\" alt=\"\" width=\"50\" height=\"50\" \/><\/td>\n<td style=\"text-align: center;\"><img decoding=\"async\" class=\"alignnone size-full wp-image-4259\" src=\"https:\/\/toy2.com\/wp-content\/uploads\/2022\/04\/Double-female.png\" alt=\"\" width=\"50\" height=\"50\" \/><\/td>\n<td style=\"text-align: center;\"><img decoding=\"async\" class=\"alignnone size-full wp-image-4261\" src=\"https:\/\/toy2.com\/wp-content\/uploads\/2022\/04\/Double-male.png\" alt=\"\" width=\"50\" height=\"50\" \/><\/td>\n<td style=\"text-align: center;\"><img loading=\"lazy\" decoding=\"async\" class=\"alignnone size-full wp-image-4243\" src=\"https:\/\/toy2.com\/wp-content\/uploads\/2022\/04\/Untitled-design-68.png\" alt=\"\" width=\"50\" height=\"50\" \/><\/td>\n<\/tr>\n<tr>\n<td style=\"text-align: center;\"><strong>Anchor<\/strong><\/td>\n<td style=\"text-align: center;\"><strong>Straight<\/strong><\/td>\n<td style=\"text-align: center;\"><\/td>\n<\/tr>\n<tr>\n<td style=\"text-align: center;\">1<\/td>\n<td style=\"text-align: center;\">1<\/td>\n<td style=\"text-align: center;\"><\/td>\n<\/tr>\n<tr>\n<th><img loading=\"lazy\" decoding=\"async\" class=\"alignnone size-full wp-image-4265\" src=\"https:\/\/toy2.com\/wp-content\/uploads\/2022\/04\/Straight-1.png\" alt=\"\" width=\"50\" height=\"50\" \/><\/th>\n<th><img loading=\"lazy\" decoding=\"async\" class=\"alignnone size-full wp-image-4257\" src=\"https:\/\/toy2.com\/wp-content\/uploads\/2022\/04\/Anchor.png\" alt=\"\" width=\"50\" height=\"50\" \/><\/th>\n<th><\/th>\n<\/tr>\n<\/tbody>\n<\/table>\n<p>&nbsp;<\/p>\n<table>\n<tbody>\n<tr>\n<th>\u00c5lder<\/th>\n<th>M\u00e4ngd tegelstenar<br \/>\n&amp;<br \/>\nsp\u00e5r som kr\u00e4vs<\/th>\n<th>Hur m\u00e5nga barn<br \/>\nbarn kan leka tillsammans<\/th>\n<th>Sv\u00e5righet<\/th>\n<\/tr>\n<tr>\n<td style=\"text-align: center;\">4+ \u00e5r<\/td>\n<td style=\"text-align: center;\">Liten samling<\/td>\n<td style=\"text-align: center;\">1-2 barn i \u00e5ldern 3-10<\/td>\n<td style=\"text-align: center;\">L\u00e4tt<\/td>\n<\/tr>\n<\/tbody>\n<\/table>\n<p><strong>Om Track Connectors:<\/strong><\/p>\n<ul>\n<li>Alla typer av Track Connector-klossar \u00e4r utformade f\u00f6r att ha samma r\u00e4lsh\u00f6jd, vilket ger ett plant och stabilt t\u00e5gsp\u00e5r &#8211; \u00e4ven n\u00e4r konstruktionen \u00e4r avancerad.<\/li>\n<li>Alla Track Connector-klossar \u00e4r utformade f\u00f6r att sitta i mitten av DUPLO \/ BiOBUDDi-br\u00e4dor, f\u00f6r att ge st\u00f6rsta m\u00f6jliga frihet f\u00f6r kreativ ingenj\u00f6rskonst.<\/li>\n<li>Kombinerar DUPLO\u00ae, BioBUDDi och motsvarande med t\u00e5gbanor fr\u00e5n BRIO\u00ae, Thomas&amp;Friends, Ikea Lillabo, VIGA m.fl.<\/li>\n<\/ul>\n<p>&nbsp;<\/p>\n<div class=\"m-product-short-description ck-content clearfix\" data-controller=\"description--short\"><\/div>\n","protected":false},"excerpt":{"rendered":"<p>Med Allround Small kan du bygga sammanfl\u00e4tade t\u00e5gbanor i m\u00e5nga niv\u00e5er. Allround Small \u00e4r bra f\u00f6r att prova alla de olika anslutningarna. Perfekt f\u00f6r att utmana barn och f\u00f6r\u00e4ldrar i kreativt, lekfullt l\u00e4rande.<\/p>\n<p>Alla barn k\u00e4nner till och \u00e4lskar b\u00e5de DUPLO\u00ae och BRIO\u00ae. Leksaker som vi har lekt med i generationer och som fortfarande \u00e4r roliga att bygga med. Men har du provat att leka med b\u00e5da samtidigt? Med de nya TOY2 Track Connectors f\u00e5r du sm\u00e5 kontakter med stort v\u00e4rde. Nu kan du koppla ihop de leksaker du redan har och pl\u00f6tsligt uppst\u00e5r helt nya m\u00f6jligheter till \u00e4nnu h\u00e4ftigare, vildare och stabilare t\u00e5gbanor.<\/p>\n<p>Bygg upp, bygg runt, bygg s\u00e4kert. Track Connectors \u00e4r till f\u00f6r byggare som vill prova att bygga ihop plastklossar och t\u00e5gbanor i tr\u00e4. F\u00e5 ut mycket mer av din DUPLO\u00ae och BRIO\u00ae genom att bygga med b\u00e5da.<\/p>\n<p>OBS: Byggklossar och r\u00e4ls ing\u00e5r inte.<\/p>\n","protected":false},"featured_media":31793,"comment_status":"closed","ping_status":"closed","template":"","meta":{"_acf_changed":false,"inline_featured_image":false},"product_brand":[],"product_cat":[419,227,312,447,311],"product_tag":[],"class_list":{"0":"post-21675","1":"product","2":"type-product","3":"status-publish","4":"has-post-thumbnail","6":"product_cat-allround-sv","7":"product_cat-beginner-sets-sv","8":"product_cat-new-arrivals-sv","9":"product_cat-old-packages-sv","10":"product_cat-standard-sv","12":"first","13":"instock","14":"featured","15":"taxable","16":"shipping-taxable","17":"purchasable","18":"product-type-simple"},"acf":[],"_links":{"self":[{"href":"https:\/\/toy2.com\/sv\/wp-json\/wp\/v2\/product\/21675","targetHints":{"allow":["GET"]}}],"collection":[{"href":"https:\/\/toy2.com\/sv\/wp-json\/wp\/v2\/product"}],"about":[{"href":"https:\/\/toy2.com\/sv\/wp-json\/wp\/v2\/types\/product"}],"replies":[{"embeddable":true,"href":"https:\/\/toy2.com\/sv\/wp-json\/wp\/v2\/comments?post=21675"}],"wp:featuredmedia":[{"embeddable":true,"href":"https:\/\/toy2.com\/sv\/wp-json\/wp\/v2\/media\/31793"}],"wp:attachment":[{"href":"https:\/\/toy2.com\/sv\/wp-json\/wp\/v2\/media?parent=21675"}],"wp:term":[{"taxonomy":"product_brand","embeddable":true,"href":"https:\/\/toy2.com\/sv\/wp-json\/wp\/v2\/product_brand?post=21675"},{"taxonomy":"product_cat","embeddable":true,"href":"https:\/\/toy2.com\/sv\/wp-json\/wp\/v2\/product_cat?post=21675"},{"taxonomy":"product_tag","embeddable":true,"href":"https:\/\/toy2.com\/sv\/wp-json\/wp\/v2\/product_tag?post=21675"}],"curies":[{"name":"wp","href":"https:\/\/api.w.org\/{rel}","templated":true}]}}