{"id":21035,"date":"2023-09-14T10:21:01","date_gmt":"2023-09-14T10:21:02","guid":{"rendered":"https:\/\/toy2.com\/?post_type=product&#038;p=21035"},"modified":"2023-11-07T10:00:07","modified_gmt":"2023-11-07T10:00:07","slug":"20-basis","status":"publish","type":"product","link":"https:\/\/toy2.com\/sv\/vare\/20-basis\/","title":{"rendered":"20 Basis<br> 20 delar"},"content":{"rendered":"<p><strong>F\u00f6rpackningen inneh\u00e5ller 20 Basis-kontakter.<\/strong><\/p>\n<table>\n<tbody>\n<tr>\n<th>Basis<\/th>\n<\/tr>\n<tr>\n<td style=\"text-align: center;\">20<\/td>\n<\/tr>\n<tr>\n<td style=\"text-align: center;\"><img decoding=\"async\" class=\"alignnone wp-image-12076 size-full\" src=\"https:\/\/toy2.com\/wp-content\/uploads\/2022\/09\/Basis-3.png\" alt=\"\" width=\"63\" height=\"63\" \/><\/td>\n<\/tr>\n<\/tbody>\n<\/table>\n<p>&nbsp;<\/p>\n<table>\n<tbody>\n<tr>\n<th>\u00c5lder<\/th>\n<th>M\u00e4ngd tegelstenar<br \/>\n&amp;<br \/>\nsp\u00e5r som kr\u00e4vs<\/th>\n<th>Hur m\u00e5nga barn<br \/>\nbarn kan leka tillsammans<\/th>\n<th>Sv\u00e5righet<\/th>\n<\/tr>\n<tr>\n<td style=\"text-align: center;\">18+ m\u00e5nader<\/td>\n<td style=\"text-align: center;\">Medelh\u00f6g samling<\/td>\n<td style=\"text-align: center;\">1-2 barn i \u00e5ldern 3-10<\/td>\n<td style=\"text-align: center;\">Mellanliggande<\/td>\n<\/tr>\n<\/tbody>\n<\/table>\n<p>&nbsp;<\/p>\n<p><strong>Om denna produkt<\/strong><\/p>\n<ul>\n<li>Inneh\u00e5ller 20 anslutningsdon f\u00f6r basskenor och 12 Slopes<\/li>\n<li>Perfekt f\u00f6r stora och h\u00e4ftiga byggprojekt<\/li>\n<li>Perfekt f\u00f6r b\u00e5de nyb\u00f6rjare och erfarna och f\u00f6r st\u00f6rre lager av plastklossar och t\u00e5gbanor i tr\u00e4<\/li>\n<li>Kopplar ihop DUPLO\u00ae, Hubelino, BioBUDDi och liknande med tr\u00e4banor fr\u00e5n BRIO\u00ae, Ikea, VIGA m.fl.<\/li>\n<\/ul>\n<div class=\"m-product-short-description ck-content clearfix\" data-controller=\"description--short\"><\/div>\n","protected":false},"excerpt":{"rendered":"<p>Det speciella TOY2 of 20 Basis Connectors-paketet g\u00f6r att du kan bygga t\u00e5gbanor i tv\u00e5 eller flera niv\u00e5er och bygga komplicerade kompakta byggen.<\/p>\n<p><em>OBS: Byggklossar och r\u00e4ls ing\u00e5r inte.<\/em><\/p>\n","protected":false},"featured_media":22334,"comment_status":"closed","ping_status":"closed","template":"","meta":{"_acf_changed":false,"inline_featured_image":false},"product_brand":[],"product_cat":[424,227,447,311],"product_tag":[],"class_list":{"0":"post-21035","1":"product","2":"type-product","3":"status-publish","4":"has-post-thumbnail","6":"product_cat-basic-sv","7":"product_cat-beginner-sets-sv","8":"product_cat-old-packages-sv","9":"product_cat-standard-sv","11":"first","12":"outofstock","13":"featured","14":"downloadable","15":"taxable","16":"shipping-taxable","17":"purchasable","18":"product-type-simple"},"acf":[],"_links":{"self":[{"href":"https:\/\/toy2.com\/sv\/wp-json\/wp\/v2\/product\/21035","targetHints":{"allow":["GET"]}}],"collection":[{"href":"https:\/\/toy2.com\/sv\/wp-json\/wp\/v2\/product"}],"about":[{"href":"https:\/\/toy2.com\/sv\/wp-json\/wp\/v2\/types\/product"}],"replies":[{"embeddable":true,"href":"https:\/\/toy2.com\/sv\/wp-json\/wp\/v2\/comments?post=21035"}],"wp:featuredmedia":[{"embeddable":true,"href":"https:\/\/toy2.com\/sv\/wp-json\/wp\/v2\/media\/22334"}],"wp:attachment":[{"href":"https:\/\/toy2.com\/sv\/wp-json\/wp\/v2\/media?parent=21035"}],"wp:term":[{"taxonomy":"product_brand","embeddable":true,"href":"https:\/\/toy2.com\/sv\/wp-json\/wp\/v2\/product_brand?post=21035"},{"taxonomy":"product_cat","embeddable":true,"href":"https:\/\/toy2.com\/sv\/wp-json\/wp\/v2\/product_cat?post=21035"},{"taxonomy":"product_tag","embeddable":true,"href":"https:\/\/toy2.com\/sv\/wp-json\/wp\/v2\/product_tag?post=21035"}],"curies":[{"name":"wp","href":"https:\/\/api.w.org\/{rel}","templated":true}]}}