{"id":18225,"date":"2022-12-26T13:33:45","date_gmt":"2022-12-26T13:33:45","guid":{"rendered":"https:\/\/toy2.com\/vare\/40-slopes\/"},"modified":"2023-11-07T10:41:16","modified_gmt":"2023-11-07T10:41:16","slug":"40-slopes","status":"publish","type":"product","link":"https:\/\/toy2.com\/sv\/vare\/40-slopes\/","title":{"rendered":"40 Slopes<br> 40 delar"},"content":{"rendered":"<p><strong>40 Slopes<br \/>\n<\/strong><\/p>\n<table>\n<tbody>\n<tr>\n<th>Slopes<\/th>\n<\/tr>\n<tr>\n<td style=\"text-align: center;\">40<\/td>\n<\/tr>\n<tr>\n<td style=\"text-align: center;\"><img decoding=\"async\" class=\"alignnone wp-image-9958\" src=\"https:\/\/toy2.com\/wp-content\/uploads\/2022\/12\/slope-content-image.png\" alt=\"\" width=\"52\" height=\"52\" \/><\/td>\n<\/tr>\n<\/tbody>\n<\/table>\n<p>Med Slope kan du luta dina klossar och kontakter och skapa branta nedf\u00f6rsbackar d\u00e4r t\u00e5gen kan \u00f6ka farten rej\u00e4lt.<\/p>\n<p>Med 40 Slopes finns det n\u00e4stan inga gr\u00e4nser. Du kan bygga upp och ner flera g\u00e5nger och skapa en allt brantare lutning genom att kombinera backarna ovanp\u00e5 varandra.<\/p>\n<p>Du kan skapa l\u00e5nga nedf\u00f6rsbackar med och med 40 Slopes kan du skapa flera nedf\u00f6rsbackar och ha flera t\u00e5g som t\u00e4vlar mot varandra.<\/p>\n<p>&nbsp;<\/p>\n<table>\n<tbody>\n<tr>\n<th>\u00c5lder<\/th>\n<th>M\u00e4ngd tegelstenar<br \/>\n&amp;<br \/>\nsp\u00e5r som kr\u00e4vs<\/th>\n<th>Hur m\u00e5nga barn<br \/>\nbarn kan leka tillsammans<\/th>\n<th>Sv\u00e5righet<\/th>\n<\/tr>\n<tr>\n<td style=\"text-align: center;\">3+ \u00e5r<\/td>\n<td style=\"text-align: center;\">Medelstor samling<\/td>\n<td style=\"text-align: center;\">1-2 barn i \u00e5ldern 3-10<\/td>\n<td style=\"text-align: center;\">L\u00e4tt<\/td>\n<\/tr>\n<\/tbody>\n<\/table>\n<p>&nbsp;<\/p>\n<p>Med Slope kan du luta dina klossar och kontaktdon och skapa branta nedf\u00f6rsbackar d\u00e4r t\u00e5gen kan \u00f6ka farten rej\u00e4lt.<\/p>\n<p>Slope \u00e4r en liten kloss, d\u00e4r toppen lutar 9 grader, vilket \u00e4r en bra lutning f\u00f6r t\u00e5g att bygga upp hastighet.<\/p>\n<p>Om 9 graders lutning inte \u00e4r tillr\u00e4ckligt kan flera Slopes kombineras och skapa \u00e4nnu brantare lutning p\u00e5 18, 27, 36 grader eller mer.<\/p>\n<p>Lutningen g\u00f6r det \u00e4ven m\u00f6jligt f\u00f6r t\u00e5g att bygga upp tillr\u00e4ckligt med hastighet f\u00f6r att kunna hoppa \u00f6ver luckor. Tips: Anv\u00e4nd tegelstenar eller plattor under f\u00f6r att h\u00e5lla hopp- och landningssp\u00e5ren i linje.<\/p>\n<p>Slope skapar helt nya m\u00f6jligheter att bygga upp, ner, runt och \u00e4nnu vildare t\u00e5gbanor \u00e4n vad som tidigare varit m\u00f6jligt.<\/p>\n","protected":false},"excerpt":{"rendered":"<p><strong>40 Slopes<\/strong> \u00e4r perfekta f\u00f6r att l\u00e4gga till extra h\u00f6jd, branthet och mycket mer kul n\u00e4r du kombinerar klossar och sp\u00e5r med Track Connectors. Kan bygga m\u00e5nga meter l\u00e5nga nedf\u00f6rsbackar och flera sp\u00e5r d\u00e4r t\u00e5gen kan t\u00e4vla mot varandra.<\/p>\n","protected":false},"featured_media":21079,"comment_status":"closed","ping_status":"closed","template":"","meta":{"_acf_changed":false,"inline_featured_image":false},"product_brand":[],"product_cat":[294,340,454],"product_tag":[],"class_list":{"0":"post-18225","1":"product","2":"type-product","3":"status-publish","4":"has-post-thumbnail","6":"product_cat-exclusive-on-toy2-com-sv","7":"product_cat-slopes-sv","8":"product_cat-special-sv","10":"first","11":"instock","12":"sale","13":"featured","14":"taxable","15":"shipping-taxable","16":"purchasable","17":"product-type-simple"},"acf":[],"_links":{"self":[{"href":"https:\/\/toy2.com\/sv\/wp-json\/wp\/v2\/product\/18225","targetHints":{"allow":["GET"]}}],"collection":[{"href":"https:\/\/toy2.com\/sv\/wp-json\/wp\/v2\/product"}],"about":[{"href":"https:\/\/toy2.com\/sv\/wp-json\/wp\/v2\/types\/product"}],"replies":[{"embeddable":true,"href":"https:\/\/toy2.com\/sv\/wp-json\/wp\/v2\/comments?post=18225"}],"wp:featuredmedia":[{"embeddable":true,"href":"https:\/\/toy2.com\/sv\/wp-json\/wp\/v2\/media\/21079"}],"wp:attachment":[{"href":"https:\/\/toy2.com\/sv\/wp-json\/wp\/v2\/media?parent=18225"}],"wp:term":[{"taxonomy":"product_brand","embeddable":true,"href":"https:\/\/toy2.com\/sv\/wp-json\/wp\/v2\/product_brand?post=18225"},{"taxonomy":"product_cat","embeddable":true,"href":"https:\/\/toy2.com\/sv\/wp-json\/wp\/v2\/product_cat?post=18225"},{"taxonomy":"product_tag","embeddable":true,"href":"https:\/\/toy2.com\/sv\/wp-json\/wp\/v2\/product_tag?post=18225"}],"curies":[{"name":"wp","href":"https:\/\/api.w.org\/{rel}","templated":true}]}}