{"id":18215,"date":"2023-07-04T08:02:33","date_gmt":"2023-07-04T08:02:33","guid":{"rendered":"https:\/\/toy2.com\/vare\/engineer-set\/"},"modified":"2023-11-07T10:11:30","modified_gmt":"2023-11-07T10:11:30","slug":"engineer-set","status":"publish","type":"product","link":"https:\/\/toy2.com\/sv\/vare\/engineer-set\/","title":{"rendered":"Engineer Set<br> 64 delar"},"content":{"rendered":"<p><strong>Engineer Set inneh\u00e5ller 64 Track Connectors.<\/strong><\/p>\n<p><strong>Engineer Set<\/strong> \u00e4r det mest avancerade setet av alla. Du kan bygga fr\u00e5n h\u00f6ga eller kompakta konstruktioner. M\u00f6jlighet till massor av pelare f\u00f6r att skapa broar och stora sp\u00e4nnvidder i m\u00e5nga niv\u00e5er.<\/p>\n<table>\n<tbody>\n<tr>\n<th>Basis<\/th>\n<th>Double-blank<\/th>\n<th>Double-tab<\/th>\n<\/tr>\n<tr>\n<td style=\"text-align: center;\">31<\/td>\n<td style=\"text-align: center;\">6<\/td>\n<td style=\"text-align: center;\">1<\/td>\n<\/tr>\n<tr>\n<td style=\"text-align: center;\"><img decoding=\"async\" class=\"alignnone wp-image-12076 size-full\" src=\"https:\/\/toy2.com\/wp-content\/uploads\/2022\/09\/Basis-3.png\" alt=\"\" width=\"63\" height=\"63\" \/><\/td>\n<td style=\"text-align: center;\"><img decoding=\"async\" class=\"alignnone wp-image-12079 size-full\" src=\"https:\/\/toy2.com\/wp-content\/uploads\/2022\/09\/Double-female-1.png\" alt=\"\" width=\"63\" height=\"63\" \/><\/td>\n<td style=\"text-align: center;\"><img decoding=\"async\" class=\"alignnone wp-image-12082 size-full\" src=\"https:\/\/toy2.com\/wp-content\/uploads\/2022\/09\/Double-male-1.png\" alt=\"\" width=\"64\" height=\"64\" \/><\/td>\n<\/tr>\n<tr>\n<td style=\"text-align: center;\"><strong>Anchor<\/strong><\/td>\n<td style=\"text-align: center;\"><strong>Straight<\/strong><\/td>\n<td style=\"text-align: center;\"><strong>Intersection<\/strong><\/td>\n<\/tr>\n<tr>\n<td style=\"text-align: center;\">12<\/td>\n<td style=\"text-align: center;\">12<\/td>\n<td style=\"text-align: center;\">2<\/td>\n<\/tr>\n<tr>\n<th><img loading=\"lazy\" decoding=\"async\" class=\"alignnone wp-image-12073 size-full\" style=\"font-weight: 400;\" src=\"https:\/\/toy2.com\/wp-content\/uploads\/2022\/09\/Anchor-1.png\" alt=\"\" width=\"64\" height=\"63\" \/><\/th>\n<th><img loading=\"lazy\" decoding=\"async\" class=\"alignnone wp-image-12088 size-full\" src=\"https:\/\/toy2.com\/wp-content\/uploads\/2022\/09\/Straight-1.png\" alt=\"\" width=\"63\" height=\"63\" \/><\/th>\n<th><img loading=\"lazy\" decoding=\"async\" class=\"alignnone wp-image-12085 size-full\" src=\"https:\/\/toy2.com\/wp-content\/uploads\/2022\/09\/Intersection-1.png\" alt=\"\" width=\"64\" height=\"63\" \/><\/th>\n<\/tr>\n<\/tbody>\n<\/table>\n<p><strong>Perfekt f\u00f6r att starta ett stort och avancerat byggprojekt.<\/strong> Perfekt f\u00f6r att utmana barn och f\u00f6r\u00e4ldrar i kreativt och lekfullt l\u00e4rande i alla \u00e5ldrar. F\u00f6rpackningen inneh\u00e5ller massor av f\u00e4rgglada Track Connectors med alla de olika anslutningarna.<\/p>\n<p><strong>Alla barn k\u00e4nner till och \u00e4lskar b\u00e5de DUPLO\u00ae och BRIO\u00ae.<\/strong> Leksaker som vi har lekt med i generationer och som fortfarande \u00e4r roliga att bygga med. Men har du provat att leka med b\u00e5da p\u00e5 en g\u00e5ng? Med de nya Toy2 Track Connectors f\u00e5r du sm\u00e5 kontakter med stort v\u00e4rde. Nu kan du koppla ihop de leksaker du redan har och pl\u00f6tsligt uppst\u00e5r helt nya m\u00f6jligheter till \u00e4nnu h\u00e4ftigare, vildare och stabilare t\u00e5gbanor.<\/p>\n<p><em>OBS: Byggklossar och t\u00e5gbanor ing\u00e5r inte.<\/em><\/p>\n<table>\n<tbody>\n<tr>\n<th>\u00c5lder<\/th>\n<th>M\u00e4ngd tegelstenar<br \/>\n&amp;<br \/>\nsp\u00e5r som kr\u00e4vs<\/th>\n<th>Hur m\u00e5nga barn<br \/>\nbarn kan leka tillsammans<\/th>\n<th>Sv\u00e5righet<\/th>\n<\/tr>\n<tr>\n<td style=\"text-align: center;\">4+ \u00e5r<\/td>\n<td style=\"text-align: center;\">Stor samling<\/td>\n<td style=\"text-align: center;\">2-4 barn i \u00e5ldern 3-10<\/td>\n<td style=\"text-align: center;\">Avancerad<\/td>\n<\/tr>\n<\/tbody>\n<\/table>\n<p><strong>Om Track Connectors:<\/strong><\/p>\n<ul>\n<li>Alla typer av Track Connector-klossar \u00e4r utformade f\u00f6r att ha samma r\u00e4lsh\u00f6jd, vilket ger ett plant och stabilt t\u00e5gsp\u00e5r &#8211; \u00e4ven n\u00e4r konstruktionen \u00e4r avancerad.<\/li>\n<li>Alla Track Connector-klossar \u00e4r utformade f\u00f6r att sitta i mitten av DUPLO \/ BiOBUDDi-br\u00e4dor, f\u00f6r att ge st\u00f6rsta m\u00f6jliga frihet f\u00f6r kreativ ingenj\u00f6rskonst.<\/li>\n<li>Kombinerar DUPLO\u00ae, BioBUDDi och motsvarande med t\u00e5gbanor fr\u00e5n BRIO\u00ae, Thomas&amp;Friends, Ikea Lillabo, VIGA m.fl.<\/li>\n<\/ul>\n<p><strong>Mer information om Track Connectors:<\/strong><\/p>\n<p><strong>31 Basis<\/strong><br \/>\nDet h\u00e4r blocket kan placeras ovanp\u00e5 b\u00e5de DUPLO\u00ae, BiOBUDDi och liknande.<br \/>\nDet kan anslutas till b\u00e5de kvinnliga och manliga t\u00e5gsp\u00e5r i tr\u00e4, och Connectors har tillr\u00e4ckligt med utrymme s\u00e5 att de olika generationerna och sp\u00e5rtyperna st\u00f6ds (de varierar n\u00e5got i storlek).<br \/>\nBasis \u00e4r den mest intuitiva, enklaste att anv\u00e4nda och \u00e4r den prim\u00e4ra Track Connector i verktygsl\u00e5dan n\u00e4r du bygger klossar och t\u00e5gbanor tillsammans med TOY2 Track Connectors.<\/p>\n<p><strong>12 Anchor<\/strong><br \/>\nAnkaranslutningen fungerar genom att h\u00e5lla fast t\u00e5gbanan underifr\u00e5n. R\u00e4lsbyglar i tr\u00e4 och &#8221;y-kors\/delare&#8221; har f\u00f6rdjupningar upptill och nedtill, vilket \u00e4r vad Anchor Track Connector anv\u00e4nder f\u00f6r att h\u00e5lla fast dem. Detta g\u00f6r att den avancerade TOY2 Track Connector-byggaren inte bara kan bygga p\u00e5 h\u00f6jden utan ocks\u00e5 dela sp\u00e5r, samt andra liknande avancerade trick.<br \/>\nF\u00f6r att ta TOY2 Track Connector-konstruktionen till n\u00e4sta niv\u00e5 \u00e4r ankarblocket viktigt, men det \u00e4r ocks\u00e5 en n\u00f6dv\u00e4ndighet f\u00f6r att stabilisera gungor i konstruktionen d\u00e4r till exempel DUPLO-block inte bara anv\u00e4nds som bropelare utan byggs i mer kontinuerliga konstruktioner. F\u00f6r splitters \u00e4r en eller tv\u00e5 ankarl\u00e4nkar ocks\u00e5 utm\u00e4rkta f\u00f6r f\u00f6rankring.<\/p>\n<p><strong>6 Dubbel blank<\/strong><br \/>\nTOY2 Track Connectors tar bort begr\u00e4nsningar i byggandet av t\u00e5gbanor med Double-Blank Track Connectors. Det g\u00f6r att du kan f\u00e4sta t\u00e5gsp\u00e5ret till grunden av block och \u00e4ndra riktningen p\u00e5 t\u00e5gsp\u00e5ren.<\/p>\n<p><strong>1 Dubbel flik<\/strong><br \/>\nTOY2 sp\u00e5rkopplingsbrytare tar bort begr\u00e4nsningar i t\u00e5gkonstruktionen med sp\u00e5rkopplingar med dubbel flik.<br \/>\nDouble Tab g\u00f6r att du kan f\u00e4sta t\u00e5gsp\u00e5ret vid fundamentet av block och \u00e4ndra riktningen p\u00e5 r\u00e4lsen.<\/p>\n<p><strong>2 Intersection<\/strong><br \/>\nMed Intersection kan du f\u00e4sta sp\u00e5ren p\u00e5 fundamentet av t.ex. DUPLO-block och ansluta 4 t\u00e5gsp\u00e5r &#8211; p\u00e5 samma h\u00f6jd ist\u00e4llet f\u00f6r en bro \u00f6ver. Den st\u00f6der olika typer av t\u00e5gsp\u00e5r. N\u00e4r dina projekt blir mer avancerade \u00e4r det viktigt att ha den h\u00e4r klossen i din verktygsl\u00e5da.<\/p>\n<p><strong>12 Straight<\/strong><br \/>\nStraight Track Connectors \u00e4r en distans och passar bra n\u00e4r du har en str\u00e4cka d\u00e4r saker och ting inte passar som de ska. Den \u00e4r utformad f\u00f6r att ha tillr\u00e4ckligt med utrymme f\u00f6r att st\u00f6dja olika typer av sp\u00e5r.<\/p>\n<div class=\"m-product-short-description ck-content clearfix\" data-controller=\"description--short\"><\/div>\n","protected":false},"excerpt":{"rendered":"<p>Du kan bygga fr\u00e5n h\u00f6ga eller kompakta konstruktioner. M\u00f6jlighet till massor av pelare f\u00f6r att skapa broar och stora sp\u00e4nnvidder och i m\u00e5nga niv\u00e5er. Skapa nedf\u00f6rsbackar med sl\u00e4nter och sl\u00e4pp loss din kreativitet med b\u00e5gar.<\/p>\n<p><em>OBS: Byggklossar och sp\u00e5r ing\u00e5r ej<\/em><\/p>\n","protected":false},"featured_media":23491,"comment_status":"closed","ping_status":"closed","template":"","meta":{"_acf_changed":false,"inline_featured_image":false},"product_brand":[],"product_cat":[223,430,294,311],"product_tag":[218],"class_list":{"0":"post-18215","1":"product","2":"type-product","3":"status-publish","4":"has-post-thumbnail","6":"product_cat-advanced-sv","7":"product_cat-engineer-sv","8":"product_cat-exclusive-on-toy2-com-sv","9":"product_cat-standard-sv","10":"product_tag-free-shipping-sv","12":"first","13":"instock","14":"sale","15":"featured","16":"taxable","17":"shipping-taxable","18":"purchasable","19":"product-type-simple"},"acf":[],"_links":{"self":[{"href":"https:\/\/toy2.com\/sv\/wp-json\/wp\/v2\/product\/18215","targetHints":{"allow":["GET"]}}],"collection":[{"href":"https:\/\/toy2.com\/sv\/wp-json\/wp\/v2\/product"}],"about":[{"href":"https:\/\/toy2.com\/sv\/wp-json\/wp\/v2\/types\/product"}],"replies":[{"embeddable":true,"href":"https:\/\/toy2.com\/sv\/wp-json\/wp\/v2\/comments?post=18215"}],"wp:featuredmedia":[{"embeddable":true,"href":"https:\/\/toy2.com\/sv\/wp-json\/wp\/v2\/media\/23491"}],"wp:attachment":[{"href":"https:\/\/toy2.com\/sv\/wp-json\/wp\/v2\/media?parent=18215"}],"wp:term":[{"taxonomy":"product_brand","embeddable":true,"href":"https:\/\/toy2.com\/sv\/wp-json\/wp\/v2\/product_brand?post=18215"},{"taxonomy":"product_cat","embeddable":true,"href":"https:\/\/toy2.com\/sv\/wp-json\/wp\/v2\/product_cat?post=18215"},{"taxonomy":"product_tag","embeddable":true,"href":"https:\/\/toy2.com\/sv\/wp-json\/wp\/v2\/product_tag?post=18215"}],"curies":[{"name":"wp","href":"https:\/\/api.w.org\/{rel}","templated":true}]}}