{"id":18211,"date":"2023-07-04T08:12:19","date_gmt":"2023-07-04T08:12:19","guid":{"rendered":"https:\/\/toy2.com\/vare\/builder-set-small\/"},"modified":"2025-10-19T15:40:38","modified_gmt":"2025-10-19T15:40:38","slug":"builder-set-small","status":"publish","type":"product","link":"https:\/\/toy2.com\/sv\/vare\/builder-set-small\/","title":{"rendered":"Builder Set Small<br> 12 delar"},"content":{"rendered":"<p><strong>Builder Set Small inneh\u00e5ller 12 Track Connectors.<\/strong><\/p>\n<table>\n<tbody>\n<tr>\n<th>Basis<\/th>\n<th>Double-blank<\/th>\n<th>Double-tab<\/th>\n<th>Slopes<\/th>\n<\/tr>\n<tr>\n<td style=\"text-align: center;\">8<\/td>\n<td style=\"text-align: center;\">1<\/td>\n<td style=\"text-align: center;\">1<\/td>\n<td style=\"text-align: center;\">2<\/td>\n<\/tr>\n<tr>\n<td style=\"text-align: center;\"><img decoding=\"async\" class=\"alignnone wp-image-12076 size-full\" src=\"https:\/\/toy2.com\/wp-content\/uploads\/2022\/09\/Basis-3.png\" alt=\"\" width=\"63\" height=\"63\" \/><\/td>\n<td style=\"text-align: center;\"><img decoding=\"async\" class=\"alignnone wp-image-12079 size-full\" src=\"https:\/\/toy2.com\/wp-content\/uploads\/2022\/09\/Double-female-1.png\" alt=\"\" width=\"63\" height=\"63\" \/><\/td>\n<td style=\"text-align: center;\"><img decoding=\"async\" class=\"alignnone wp-image-12082 size-full\" src=\"https:\/\/toy2.com\/wp-content\/uploads\/2022\/09\/Double-male-1.png\" alt=\"\" width=\"64\" height=\"64\" \/><\/td>\n<td style=\"text-align: center;\"><img loading=\"lazy\" decoding=\"async\" class=\"alignnone wp-image-9958\" src=\"https:\/\/toy2.com\/wp-content\/uploads\/2022\/12\/slope-content-image.png\" alt=\"\" width=\"52\" height=\"52\" \/><\/td>\n<\/tr>\n<\/tbody>\n<\/table>\n<p>&nbsp;<\/p>\n<table>\n<tbody>\n<tr>\n<th>\u00c5lder<\/th>\n<th>M\u00e4ngd tegelstenar<br \/>\n&amp;<br \/>\nsp\u00e5r som kr\u00e4vs<\/th>\n<th>Hur m\u00e5nga barn<br \/>\nbarn kan leka tillsammans<\/th>\n<th>Sv\u00e5righet<\/th>\n<\/tr>\n<tr>\n<td style=\"text-align: center;\">4+ \u00e5r<\/td>\n<td style=\"text-align: center;\">Liten samling<\/td>\n<td style=\"text-align: center;\">1-2 barn i \u00e5ldern 3-10<\/td>\n<td style=\"text-align: center;\">L\u00e4tt<\/td>\n<\/tr>\n<\/tbody>\n<\/table>\n<p><strong>Om Track Connectors:<\/strong><\/p>\n<ul>\n<li>Alla typer av Track Connector-klossar \u00e4r utformade f\u00f6r att ha samma r\u00e4lsh\u00f6jd, vilket ger ett plant och stabilt t\u00e5gsp\u00e5r &#8211; \u00e4ven n\u00e4r konstruktionen \u00e4r avancerad.<\/li>\n<li>Alla Track Connector-klossar \u00e4r utformade f\u00f6r att sitta i mitten av DUPLO \/ BiOBUDDi-br\u00e4dor, f\u00f6r att ge st\u00f6rsta m\u00f6jliga frihet f\u00f6r kreativ ingenj\u00f6rskonst.<\/li>\n<li>Kombinerar DUPLO\u00ae, BioBUDDi och motsvarande med t\u00e5gbanor fr\u00e5n BRIO\u00ae, Thomas&amp;Friends, Ikea Lillabo, VIGA m.fl.<\/li>\n<\/ul>\n<div class=\"m-product-short-description ck-content clearfix\" data-controller=\"description--short\"><\/div>\n","protected":false},"excerpt":{"rendered":"<p><strong>Byggset Small<\/strong> \u00e4r perfekt f\u00f6r att starta byggprojekt \u00e4ven f\u00f6r mindre barn. Perfekt f\u00f6r att bygga i tv\u00e5 eller flera niv\u00e5er med pelare under anslutningarna. En flexibel start f\u00f6r sm\u00e5 byggprojekt.<\/p>\n<p><strong>L\u00e4mplig f\u00f6r den typiska nyb\u00f6rjaren och mindre byggare och f\u00f6r sm\u00e5 tegel- \/ sp\u00e5rsamlingar.<\/strong><\/p>\n<p><strong>Alla barn k\u00e4nner till och \u00e4lskar b\u00e5de DUPLO\u00ae och BRIO\u00ae.<\/strong> Leksaker som vi har lekt med i generationer och som fortfarande \u00e4r roliga att bygga med. Men har du provat att leka med b\u00e5da p\u00e5 en g\u00e5ng? Med de nya Toy2 Track Connectors f\u00e5r du sm\u00e5 kontakter med stort v\u00e4rde. Nu kan du koppla ihop de leksaker du redan har och pl\u00f6tsligt uppst\u00e5r helt nya m\u00f6jligheter till \u00e4nnu h\u00e4ftigare, vildare och stabilare t\u00e5gbanor.<\/p>\n<p>Bygg upp, bygg runt, bygg s\u00e4kert. Track Connectors \u00e4r till f\u00f6r b\u00e5de nyb\u00f6rjare och erfarna byggare som vill prova p\u00e5 att bygga ihop plastklossar och t\u00e5gbanor i tr\u00e4. <strong>F\u00e5 ut mycket mer av din DUPLO\u00ae och BRIO\u00ae genom att bygga med b\u00e5da.<\/strong> Det utmanar barnens kreativitet.<\/p>\n<p><em>OBS: Byggklossar och t\u00e5gbanor ing\u00e5r inte.<\/em><\/p>\n","protected":false},"featured_media":33041,"comment_status":"closed","ping_status":"closed","template":"","meta":{"_acf_changed":false,"inline_featured_image":false},"product_brand":[],"product_cat":[227,231,413,311,328],"product_tag":[],"class_list":{"0":"post-18211","1":"product","2":"type-product","3":"status-publish","4":"has-post-thumbnail","6":"product_cat-beginner-sets-sv","7":"product_cat-bestseller-sv","8":"product_cat-builder-sv","9":"product_cat-standard-sv","10":"product_cat-ukategoriseret-sv","12":"first","13":"instock","14":"sale","15":"featured","16":"taxable","17":"shipping-taxable","18":"purchasable","19":"product-type-simple"},"acf":[],"_links":{"self":[{"href":"https:\/\/toy2.com\/sv\/wp-json\/wp\/v2\/product\/18211","targetHints":{"allow":["GET"]}}],"collection":[{"href":"https:\/\/toy2.com\/sv\/wp-json\/wp\/v2\/product"}],"about":[{"href":"https:\/\/toy2.com\/sv\/wp-json\/wp\/v2\/types\/product"}],"replies":[{"embeddable":true,"href":"https:\/\/toy2.com\/sv\/wp-json\/wp\/v2\/comments?post=18211"}],"wp:featuredmedia":[{"embeddable":true,"href":"https:\/\/toy2.com\/sv\/wp-json\/wp\/v2\/media\/33041"}],"wp:attachment":[{"href":"https:\/\/toy2.com\/sv\/wp-json\/wp\/v2\/media?parent=18211"}],"wp:term":[{"taxonomy":"product_brand","embeddable":true,"href":"https:\/\/toy2.com\/sv\/wp-json\/wp\/v2\/product_brand?post=18211"},{"taxonomy":"product_cat","embeddable":true,"href":"https:\/\/toy2.com\/sv\/wp-json\/wp\/v2\/product_cat?post=18211"},{"taxonomy":"product_tag","embeddable":true,"href":"https:\/\/toy2.com\/sv\/wp-json\/wp\/v2\/product_tag?post=18211"}],"curies":[{"name":"wp","href":"https:\/\/api.w.org\/{rel}","templated":true}]}}