{"id":18203,"date":"2023-07-05T09:47:59","date_gmt":"2023-07-05T09:47:59","guid":{"rendered":"https:\/\/toy2.com\/vare\/arches\/"},"modified":"2023-07-27T07:32:57","modified_gmt":"2023-07-27T07:32:57","slug":"arches","status":"publish","type":"product","link":"https:\/\/toy2.com\/sv\/vare\/arches\/","title":{"rendered":"Arches"},"content":{"rendered":"<p><strong>Med Arches kan du dekorera och anpassa dina t\u00e5gkonstruktioner.<\/strong> Den robusta b\u00e5gen placeras mellan kontakten och tegelstenen och skapar en liten valvb\u00e5ge som t\u00e5get kan g\u00e5 igenom. Rita, dekorera och klipp ut m\u00f6nster f\u00f6r att skapa DIN egen v\u00e4rld.<\/p>\n<p>Arches \u00e4r tillverkade av robust kartong som \u00e4r t\u00e5lig och kan anv\u00e4ndas m\u00e5nga g\u00e5nger.<\/p>\n<p>F\u00e5 inspiration om Arches h\u00e4r:<\/p>\n<p><a href=\"https:\/\/www.kreativmedungerne.dk\/blog\/eventyrlig-togbane-med-smarte-arches\">Kreativ med ungerne (danska)<\/a><\/p>\n","protected":false},"excerpt":{"rendered":"<p>Ge dina t\u00e5gkonstruktioner mer kreativitet och g\u00f6r dem till dina egna genom att anv\u00e4nda Arches.<\/p>\n","protected":false},"featured_media":17172,"comment_status":"closed","ping_status":"closed","template":"","meta":{"_acf_changed":false,"inline_featured_image":false},"product_brand":[],"product_cat":[265,454],"product_tag":[262],"class_list":{"0":"post-18203","1":"product","2":"type-product","3":"status-publish","4":"has-post-thumbnail","6":"product_cat-arches-sv","7":"product_cat-special-sv","8":"product_tag-variation-sv","10":"first","11":"instock","12":"taxable","13":"shipping-taxable","14":"purchasable","15":"product-type-variable"},"acf":[],"_links":{"self":[{"href":"https:\/\/toy2.com\/sv\/wp-json\/wp\/v2\/product\/18203","targetHints":{"allow":["GET"]}}],"collection":[{"href":"https:\/\/toy2.com\/sv\/wp-json\/wp\/v2\/product"}],"about":[{"href":"https:\/\/toy2.com\/sv\/wp-json\/wp\/v2\/types\/product"}],"replies":[{"embeddable":true,"href":"https:\/\/toy2.com\/sv\/wp-json\/wp\/v2\/comments?post=18203"}],"wp:featuredmedia":[{"embeddable":true,"href":"https:\/\/toy2.com\/sv\/wp-json\/wp\/v2\/media\/17172"}],"wp:attachment":[{"href":"https:\/\/toy2.com\/sv\/wp-json\/wp\/v2\/media?parent=18203"}],"wp:term":[{"taxonomy":"product_brand","embeddable":true,"href":"https:\/\/toy2.com\/sv\/wp-json\/wp\/v2\/product_brand?post=18203"},{"taxonomy":"product_cat","embeddable":true,"href":"https:\/\/toy2.com\/sv\/wp-json\/wp\/v2\/product_cat?post=18203"},{"taxonomy":"product_tag","embeddable":true,"href":"https:\/\/toy2.com\/sv\/wp-json\/wp\/v2\/product_tag?post=18203"}],"curies":[{"name":"wp","href":"https:\/\/api.w.org\/{rel}","templated":true}]}}