{"id":21673,"date":"2022-09-01T11:51:57","date_gmt":"2022-09-01T11:51:57","guid":{"rendered":"https:\/\/toy2.com\/vare\/allround-small\/"},"modified":"2023-11-07T11:01:24","modified_gmt":"2023-11-07T11:01:24","slug":"allround-small","status":"publish","type":"product","link":"https:\/\/toy2.com\/fr\/vare\/allround-small\/","title":{"rendered":"Allround Small<br> 8 pi\u00e8ces"},"content":{"rendered":"<p><strong>L&rsquo;ensemble Allround Small contient 8 Track Connectors.<\/strong><\/p>\n<table>\n<tbody>\n<tr>\n<th>Basis<\/th>\n<th>Double Female<\/th>\n<th>Double Male<\/th>\n<th>Intersection<\/th>\n<\/tr>\n<tr>\n<td style=\"text-align: center;\">4<\/td>\n<td style=\"text-align: center;\">1<\/td>\n<td style=\"text-align: center;\">1<\/td>\n<td style=\"text-align: center;\">0<\/td>\n<\/tr>\n<tr>\n<td style=\"text-align: center;\"><img decoding=\"async\" class=\"alignnone wp-image-4253 size-full\" src=\"https:\/\/toy2.com\/wp-content\/uploads\/2022\/04\/Basis-Black.png\" alt=\"\" width=\"50\" height=\"50\" \/><\/td>\n<td style=\"text-align: center;\"><img decoding=\"async\" class=\"alignnone size-full wp-image-4259\" src=\"https:\/\/toy2.com\/wp-content\/uploads\/2022\/04\/Double-female.png\" alt=\"\" width=\"50\" height=\"50\" \/><\/td>\n<td style=\"text-align: center;\"><img decoding=\"async\" class=\"alignnone size-full wp-image-4261\" src=\"https:\/\/toy2.com\/wp-content\/uploads\/2022\/04\/Double-male.png\" alt=\"\" width=\"50\" height=\"50\" \/><\/td>\n<td style=\"text-align: center;\"><img loading=\"lazy\" decoding=\"async\" class=\"alignnone size-full wp-image-4243\" src=\"https:\/\/toy2.com\/wp-content\/uploads\/2022\/04\/Untitled-design-68.png\" alt=\"\" width=\"50\" height=\"50\" \/><\/td>\n<\/tr>\n<tr>\n<td style=\"text-align: center;\"><strong>Anchor<\/strong><\/td>\n<td style=\"text-align: center;\"><strong>Straight<\/strong><\/td>\n<td style=\"text-align: center;\"><\/td>\n<\/tr>\n<tr>\n<td style=\"text-align: center;\">1<\/td>\n<td style=\"text-align: center;\">1<\/td>\n<td style=\"text-align: center;\"><\/td>\n<\/tr>\n<tr>\n<th><img loading=\"lazy\" decoding=\"async\" class=\"alignnone size-full wp-image-4265\" src=\"https:\/\/toy2.com\/wp-content\/uploads\/2022\/04\/Straight-1.png\" alt=\"\" width=\"50\" height=\"50\" \/><\/th>\n<th><img loading=\"lazy\" decoding=\"async\" class=\"alignnone size-full wp-image-4257\" src=\"https:\/\/toy2.com\/wp-content\/uploads\/2022\/04\/Anchor.png\" alt=\"\" width=\"50\" height=\"50\" \/><\/th>\n<th><\/th>\n<\/tr>\n<\/tbody>\n<\/table>\n<p>&nbsp;<\/p>\n<table>\n<tbody>\n<tr>\n<th>L&rsquo;\u00e2ge<\/th>\n<th>Quantit\u00e9 de briques<br \/>\n&amp;<br \/>\nrails n\u00e9cessaires<\/th>\n<th>Combien d&rsquo;enfants<br \/>\nenfants peuvent jouer ensemble<\/th>\n<th>Difficult\u00e9<\/th>\n<\/tr>\n<tr>\n<td style=\"text-align: center;\">3+ ans<\/td>\n<td style=\"text-align: center;\">Petite collection<\/td>\n<td style=\"text-align: center;\">1-2 enfants<\/td>\n<td style=\"text-align: center;\">Facile<\/td>\n<\/tr>\n<\/tbody>\n<\/table>\n<p><strong>A propos de ce produit:<\/strong><\/p>\n<ul>\n<li>Tous les types de blocs Toy2 Track Connector sont con\u00e7us pour avoir la m\u00eame hauteur de rail, ce qui permet d&rsquo;obtenir une voie ferr\u00e9e plane et stable, m\u00eame lorsque la construction est avanc\u00e9e.<\/li>\n<li>Toutes les briques Track Connector sont con\u00e7ues pour s&rsquo;ins\u00e9rer au milieu des planches DUPLO \/ BiOBUDDi, afin d&rsquo;offrir la plus grande libert\u00e9 possible en mati\u00e8re d&rsquo;ing\u00e9nierie cr\u00e9ative.<\/li>\n<li>Combine DUPLO\u00ae, BioBUDDi et \u00e9quivalents avec les rails de train de BRIO\u00ae, Thomas&amp;Friends, Ikea Lillabo, VIGA etc.<\/li>\n<\/ul>\n<p>&nbsp;<\/p>\n<div class=\"m-product-short-description ck-content clearfix\" data-controller=\"description--short\"><\/div>\n","protected":false},"excerpt":{"rendered":"<p>Avec l&rsquo;Allround Small, vous pouvez construire des voies ferr\u00e9es entrelac\u00e9es sur plusieurs niveaux. L&rsquo;Allround Small permet d&rsquo;essayer tous les diff\u00e9rents connecteurs. Il est id\u00e9al pour stimuler les enfants et les parents dans un apprentissage cr\u00e9atif et ludique.<\/p>\n<p>Tous les enfants connaissent et aiment DUPLO\u00ae et BRIO\u00ae. Des jouets avec lesquels nous jouons depuis des g\u00e9n\u00e9rations et qu&rsquo;il est toujours aussi amusant de construire. Mais avez-vous d\u00e9j\u00e0 essay\u00e9 de jouer avec les deux en m\u00eame temps ? Avec les nouveaux connecteurs de rails TOY2, vous disposez de petits connecteurs d&rsquo;une grande valeur. Vous pouvez d\u00e9sormais connecter les jouets que vous poss\u00e9dez d\u00e9j\u00e0 et, soudain, de nouvelles possibilit\u00e9s s&rsquo;offrent \u00e0 vous pour cr\u00e9er des voies ferr\u00e9es encore plus cool, plus folles et plus stables.<\/p>\n<p>Construire en hauteur, construire en rond, construire en toute s\u00e9curit\u00e9. Les connecteurs de rails sont destin\u00e9s aux constructeurs qui veulent essayer de construire des briques en plastique et des rails de train en bois ensemble. Tirez le meilleur parti de vos DUPLO\u00ae et BRIO\u00ae en construisant avec les deux.<\/p>\n<p>NB : Les briques de construction et les rails ne sont pas inclus.<\/p>\n","protected":false},"featured_media":31791,"comment_status":"closed","ping_status":"closed","template":"","meta":{"_acf_changed":false,"inline_featured_image":false},"product_brand":[],"product_cat":[417,226,272,445,271],"product_tag":[],"class_list":{"0":"post-21673","1":"product","2":"type-product","3":"status-publish","4":"has-post-thumbnail","6":"product_cat-allround-fr","7":"product_cat-beginner-sets-fr","8":"product_cat-new-arrivals-fr","9":"product_cat-old-packages-fr","10":"product_cat-standard-fr","12":"first","13":"instock","14":"featured","15":"taxable","16":"shipping-taxable","17":"purchasable","18":"product-type-simple"},"acf":[],"_links":{"self":[{"href":"https:\/\/toy2.com\/fr\/wp-json\/wp\/v2\/product\/21673","targetHints":{"allow":["GET"]}}],"collection":[{"href":"https:\/\/toy2.com\/fr\/wp-json\/wp\/v2\/product"}],"about":[{"href":"https:\/\/toy2.com\/fr\/wp-json\/wp\/v2\/types\/product"}],"replies":[{"embeddable":true,"href":"https:\/\/toy2.com\/fr\/wp-json\/wp\/v2\/comments?post=21673"}],"wp:featuredmedia":[{"embeddable":true,"href":"https:\/\/toy2.com\/fr\/wp-json\/wp\/v2\/media\/31791"}],"wp:attachment":[{"href":"https:\/\/toy2.com\/fr\/wp-json\/wp\/v2\/media?parent=21673"}],"wp:term":[{"taxonomy":"product_brand","embeddable":true,"href":"https:\/\/toy2.com\/fr\/wp-json\/wp\/v2\/product_brand?post=21673"},{"taxonomy":"product_cat","embeddable":true,"href":"https:\/\/toy2.com\/fr\/wp-json\/wp\/v2\/product_cat?post=21673"},{"taxonomy":"product_tag","embeddable":true,"href":"https:\/\/toy2.com\/fr\/wp-json\/wp\/v2\/product_tag?post=21673"}],"curies":[{"name":"wp","href":"https:\/\/api.w.org\/{rel}","templated":true}]}}