{"id":20909,"date":"2023-09-12T13:20:05","date_gmt":"2023-09-12T13:20:05","guid":{"rendered":"https:\/\/toy2.com\/?post_type=product&#038;p=20909"},"modified":"2023-11-07T10:56:49","modified_gmt":"2023-11-07T10:56:49","slug":"builder-set-xl","status":"publish","type":"product","link":"https:\/\/toy2.com\/fr\/vare\/builder-set-xl\/","title":{"rendered":"Builder Set XL<br> 44 pi\u00e8ces"},"content":{"rendered":"<p><strong>L&rsquo;ensemble Builder contient 44 Track Connectors.<\/strong><\/p>\n<table>\n<tbody>\n<tr>\n<th>Basis<\/th>\n<th>Double-blank<\/th>\n<th>Double-tab<\/th>\n<\/tr>\n<tr>\n<td style=\"text-align: center;\">28<\/td>\n<td style=\"text-align: center;\">6<\/td>\n<td style=\"text-align: center;\">4<\/td>\n<\/tr>\n<tr>\n<td style=\"text-align: center;\"><img decoding=\"async\" class=\"alignnone wp-image-12076 size-full\" src=\"https:\/\/toy2.com\/wp-content\/uploads\/2022\/09\/Basis-3.png\" alt=\"\" width=\"63\" height=\"63\" \/><\/td>\n<td style=\"text-align: center;\"><img decoding=\"async\" class=\"alignnone wp-image-12079 size-full\" src=\"https:\/\/toy2.com\/wp-content\/uploads\/2022\/09\/Double-female-1.png\" alt=\"\" width=\"63\" height=\"63\" \/><\/td>\n<td style=\"text-align: center;\"><img decoding=\"async\" class=\"alignnone wp-image-12082 size-full\" src=\"https:\/\/toy2.com\/wp-content\/uploads\/2022\/09\/Double-male-1.png\" alt=\"\" width=\"64\" height=\"64\" \/><\/td>\n<\/tr>\n<tr>\n<td style=\"text-align: center;\"><strong>Anchor<\/strong><\/td>\n<td style=\"text-align: center;\"><strong>Intersection<\/strong><\/td>\n<\/tr>\n<tr>\n<td style=\"text-align: center;\">4<\/td>\n<td style=\"text-align: center;\">2<\/td>\n<\/tr>\n<tr>\n<th><img loading=\"lazy\" decoding=\"async\" class=\"alignnone wp-image-12073 size-full\" style=\"font-weight: 400;\" src=\"https:\/\/toy2.com\/wp-content\/uploads\/2022\/09\/Anchor-1.png\" alt=\"\" width=\"64\" height=\"63\" \/><\/th>\n<th><img loading=\"lazy\" decoding=\"async\" class=\"alignnone wp-image-12085 size-full\" src=\"https:\/\/toy2.com\/wp-content\/uploads\/2022\/09\/Intersection-1.png\" alt=\"\" width=\"64\" height=\"63\" \/><\/th>\n<\/tr>\n<\/tbody>\n<\/table>\n<p>&nbsp;<\/p>\n<table>\n<tbody>\n<tr>\n<th>L&rsquo;\u00e2ge<\/th>\n<th>Quantit\u00e9 de briques<br \/>\n&amp;<br \/>\nrails n\u00e9cessaires<\/th>\n<th>Combien d&rsquo;enfants<br \/>\nenfants peuvent jouer ensemble<\/th>\n<th>Difficult\u00e9<\/th>\n<\/tr>\n<tr>\n<td style=\"text-align: center;\">3+ ans<\/td>\n<td style=\"text-align: center;\">Petite collection<\/td>\n<td style=\"text-align: center;\">1-2 enfants<\/td>\n<td style=\"text-align: center;\">Facile<\/td>\n<\/tr>\n<\/tbody>\n<\/table>\n<p><strong>A propos de ce produit:<\/strong><\/p>\n<ul>\n<li>Tous les types de blocs Toy2 Track Connector sont con\u00e7us pour avoir la m\u00eame hauteur de rail, ce qui permet d&rsquo;obtenir une voie ferr\u00e9e plane et stable, m\u00eame lorsque la construction est avanc\u00e9e.<\/li>\n<li>Toutes les briques Track Connector sont con\u00e7ues pour s&rsquo;ins\u00e9rer au milieu des planches DUPLO \/ BiOBUDDi, afin d&rsquo;offrir la plus grande libert\u00e9 possible en mati\u00e8re d&rsquo;ing\u00e9nierie cr\u00e9ative.<\/li>\n<li>Combine DUPLO\u00ae, BioBUDDi et \u00e9quivalents avec les rails de train de BRIO\u00ae, Thomas&amp;Friends, Ikea Lillabo, VIGA etc.<\/li>\n<\/ul>\n<div class=\"m-product-short-description ck-content clearfix\" data-controller=\"description--short\"><\/div>\n","protected":false},"excerpt":{"rendered":"<p><strong>Le Builder Set XL est parfait pour d\u00e9marrer des projets de construction, m\u00eame pour les petits enfants<\/strong>. Il est id\u00e9al pour construire sur deux niveaux ou plus avec des piliers sous les connecteurs. Un d\u00e9marrage flexible pour les petits projets de construction.<\/p>\n<p><strong>Convient aux d\u00e9butants typiques et aux petits constructeurs et aux petites collections de briques\/pistes.<\/strong> La bo\u00eete contient 5 connecteurs de piste diff\u00e9rents.<\/p>\n<p><b>Tous les enfants connaissent et aiment DUPLO\u00ae et BRIO\u00ae.<\/b><span style=\"font-weight: 400;\"> Des jouets avec lesquels nous jouons depuis des g\u00e9n\u00e9rations et qu&rsquo;il est toujours aussi amusant de construire. Mais avez-vous d\u00e9j\u00e0 essay\u00e9 de jouer avec les deux en m\u00eame temps ? Avec les nouveaux connecteurs de rails TOY2, vous disposez de petits connecteurs d&rsquo;une grande valeur. Vous pouvez d\u00e9sormais connecter les jouets que vous poss\u00e9dez d\u00e9j\u00e0 et, soudain, de nouvelles possibilit\u00e9s s&rsquo;offrent \u00e0 vous pour cr\u00e9er des voies ferr\u00e9es encore plus cool, plus folles et plus stables.<\/span><\/p>\n<p><i><span style=\"font-weight: 400;\">NB : Les briques de construction et les rails ne sont pas inclus.<\/span><\/i><\/p>\n","protected":false},"featured_media":23496,"comment_status":"closed","ping_status":"closed","template":"","meta":{"_acf_changed":false,"inline_featured_image":false},"product_brand":[],"product_cat":[411,237,271,280],"product_tag":[217],"class_list":{"0":"post-20909","1":"product","2":"type-product","3":"status-publish","4":"has-post-thumbnail","6":"product_cat-builder-fr","7":"product_cat-intermediate-fr","8":"product_cat-standard-fr","9":"product_cat-ukategoriseret-fr","10":"product_tag-free-shipping-fr","12":"first","13":"instock","14":"featured","15":"taxable","16":"shipping-taxable","17":"purchasable","18":"product-type-simple"},"acf":[],"_links":{"self":[{"href":"https:\/\/toy2.com\/fr\/wp-json\/wp\/v2\/product\/20909","targetHints":{"allow":["GET"]}}],"collection":[{"href":"https:\/\/toy2.com\/fr\/wp-json\/wp\/v2\/product"}],"about":[{"href":"https:\/\/toy2.com\/fr\/wp-json\/wp\/v2\/types\/product"}],"replies":[{"embeddable":true,"href":"https:\/\/toy2.com\/fr\/wp-json\/wp\/v2\/comments?post=20909"}],"wp:featuredmedia":[{"embeddable":true,"href":"https:\/\/toy2.com\/fr\/wp-json\/wp\/v2\/media\/23496"}],"wp:attachment":[{"href":"https:\/\/toy2.com\/fr\/wp-json\/wp\/v2\/media?parent=20909"}],"wp:term":[{"taxonomy":"product_brand","embeddable":true,"href":"https:\/\/toy2.com\/fr\/wp-json\/wp\/v2\/product_brand?post=20909"},{"taxonomy":"product_cat","embeddable":true,"href":"https:\/\/toy2.com\/fr\/wp-json\/wp\/v2\/product_cat?post=20909"},{"taxonomy":"product_tag","embeddable":true,"href":"https:\/\/toy2.com\/fr\/wp-json\/wp\/v2\/product_tag?post=20909"}],"curies":[{"name":"wp","href":"https:\/\/api.w.org\/{rel}","templated":true}]}}