{"id":18237,"date":"2022-09-23T12:08:56","date_gmt":"2022-09-23T12:08:56","guid":{"rendered":"https:\/\/toy2.com\/vare\/track-connectors-40-basis-connectors-intersection\/"},"modified":"2023-11-27T11:18:53","modified_gmt":"2023-11-27T11:18:53","slug":"track-connectors-40-basis-connectors-intersection","status":"publish","type":"product","link":"https:\/\/toy2.com\/fr\/vare\/track-connectors-40-basis-connectors-intersection\/","title":{"rendered":"40 Basis + Intersection<br> 43 pi\u00e8ces"},"content":{"rendered":"<p><strong>40 connecteurs de base + l&rsquo;intersection.<\/strong><\/p>\n<p>&nbsp;<\/p>\n<table>\n<tbody>\n<tr>\n<th>Basis<\/th>\n<th>Intersection<\/th>\n<th>Double-blank<\/th>\n<\/tr>\n<tr>\n<td style=\"text-align: center;\">40<\/td>\n<td style=\"text-align: center;\">1<\/td>\n<td style=\"text-align: center;\">2<\/td>\n<\/tr>\n<tr>\n<td style=\"text-align: center;\"><img decoding=\"async\" class=\"alignnone wp-image-6282\" src=\"https:\/\/toy2.com\/wp-content\/uploads\/2022\/09\/Basis-track-connector-600x600.png\" alt=\"\" width=\"52\" height=\"52\" srcset=\"https:\/\/toy2.com\/wp-content\/uploads\/2022\/09\/Basis-track-connector-600x600.png 600w, https:\/\/toy2.com\/wp-content\/uploads\/2022\/09\/Basis-track-connector-300x300.png 300w, https:\/\/toy2.com\/wp-content\/uploads\/2022\/09\/Basis-track-connector-100x100.png 100w, https:\/\/toy2.com\/wp-content\/uploads\/2022\/09\/Basis-track-connector-768x767.png 768w, https:\/\/toy2.com\/wp-content\/uploads\/2022\/09\/Basis-track-connector.png 800w\" sizes=\"(max-width: 52px) 100vw, 52px\" \/><\/td>\n<td style=\"text-align: center;\"><img decoding=\"async\" class=\"alignnone wp-image-6284\" src=\"https:\/\/toy2.com\/wp-content\/uploads\/2022\/09\/Intersection-track-connector-600x600.png\" alt=\"\" width=\"52\" height=\"52\" srcset=\"https:\/\/toy2.com\/wp-content\/uploads\/2022\/09\/Intersection-track-connector-600x600.png 600w, https:\/\/toy2.com\/wp-content\/uploads\/2022\/09\/Intersection-track-connector-300x300.png 300w, https:\/\/toy2.com\/wp-content\/uploads\/2022\/09\/Intersection-track-connector-100x100.png 100w, https:\/\/toy2.com\/wp-content\/uploads\/2022\/09\/Intersection-track-connector-768x767.png 768w, https:\/\/toy2.com\/wp-content\/uploads\/2022\/09\/Intersection-track-connector.png 800w\" sizes=\"(max-width: 52px) 100vw, 52px\" \/><\/td>\n<td style=\"text-align: center;\"><img decoding=\"async\" class=\"alignnone wp-image-6286\" src=\"https:\/\/toy2.com\/wp-content\/uploads\/2022\/09\/DoubleBlank-track-connector-600x600.png\" alt=\"\" width=\"52\" height=\"52\" srcset=\"https:\/\/toy2.com\/wp-content\/uploads\/2022\/09\/DoubleBlank-track-connector-600x600.png 600w, https:\/\/toy2.com\/wp-content\/uploads\/2022\/09\/DoubleBlank-track-connector-300x300.png 300w, https:\/\/toy2.com\/wp-content\/uploads\/2022\/09\/DoubleBlank-track-connector-100x100.png 100w, https:\/\/toy2.com\/wp-content\/uploads\/2022\/09\/DoubleBlank-track-connector-768x767.png 768w, https:\/\/toy2.com\/wp-content\/uploads\/2022\/09\/DoubleBlank-track-connector.png 800w\" sizes=\"(max-width: 52px) 100vw, 52px\" \/><\/td>\n<\/tr>\n<\/tbody>\n<\/table>\n<p>&nbsp;<\/p>\n<table>\n<tbody>\n<tr>\n<th>L&rsquo;\u00e2ge<\/th>\n<th>Quantit\u00e9 de briques<br \/>\n&amp;<br \/>\nrails n\u00e9cessaires<\/th>\n<th>Combien d&rsquo;enfants<br \/>\nenfants peuvent jouer ensemble<\/th>\n<th>Difficult\u00e9<\/th>\n<\/tr>\n<tr>\n<td style=\"text-align: center;\">3+ ans<\/td>\n<td style=\"text-align: center;\">Grande collection<\/td>\n<td style=\"text-align: center;\">1-2 enfants de 3 \u00e0 10 ans<\/td>\n<td style=\"text-align: center;\">Interm\u00e9diaire<\/td>\n<\/tr>\n<\/tbody>\n<\/table>\n<p>&nbsp;<\/p>\n<p><b>\u00c0 propos des connecteurs de voies<\/b><\/p>\n<ul>\n<li>Tous les types de blocs Track Connector sont con\u00e7us pour avoir la m\u00eame hauteur de rail, ce qui permet d&rsquo;obtenir une voie ferr\u00e9e plane et stable, m\u00eame lorsque la construction est avanc\u00e9e.<\/li>\n<li>Toutes les briques Track Connector sont con\u00e7ues pour \u00eatre plac\u00e9es au milieu des cartes DUPLO \/ BiOBUDDi, afin d&rsquo;offrir la plus grande libert\u00e9 possible en mati\u00e8re d&rsquo;ing\u00e9nierie cr\u00e9ative.<\/li>\n<li>Combine DUPLO\u00ae, BioBUDDi et \u00e9quivalents avec les rails de train de BRIO\u00ae, Thomas&amp;Friends, Ikea Lillabo, VIGA etc.<\/li>\n<\/ul>\n<p>&nbsp;<\/p>\n<p><strong>En savoir plus sur les connecteurs de voies:<\/strong><\/p>\n<p><strong>40 Basis<\/strong><br \/>\nCe bloc peut \u00eatre plac\u00e9 au-dessus des DUPLO\u00ae, BiOBUDDi et autres.<br \/>\nIl peut \u00eatre connect\u00e9 \u00e0 des rails en bois m\u00e2les et femelles, et les connecteurs ont suffisamment d&rsquo;espace pour que les diff\u00e9rentes g\u00e9n\u00e9rations et les diff\u00e9rents types de rails soient tous pris en charge (ils varient l\u00e9g\u00e8rement en taille).<br \/>\nBasis est le plus intuitif et le plus facile \u00e0 utiliser. C&rsquo;est le principal connecteur de rails dans la bo\u00eete \u00e0 outils lorsque l&rsquo;on construit des blocs et des rails de train avec les connecteurs de rails TOY2.<\/p>\n<p><strong>2 Double Blanc<\/strong><br \/>\nLes connecteurs de voies TOY2 \u00e9liminent les limites de la construction de voies ferr\u00e9es gr\u00e2ce aux connecteurs de voies ferr\u00e9es \u00e0 double paroi. Ils permettent d&rsquo;attacher les rails aux fondations des blocs et de changer la direction des rails.<\/p>\n<p><strong>1 Intersection<\/strong><br \/>\nL&rsquo;intersection vous permet de fixer les rails \u00e0 la fondation des blocs DUPLO, par exemple, et de relier 4 rails de train \u00e0 la m\u00eame hauteur, au lieu d&rsquo;un pont. Il supporte diff\u00e9rents types de voies ferr\u00e9es. Au fur et \u00e0 mesure que vos projets deviennent plus avanc\u00e9s, il est important d&rsquo;avoir cette brique dans votre bo\u00eete \u00e0 outils.<\/p>\n<div class=\"m-product-short-description ck-content clearfix\" data-controller=\"description--short\"><\/div>\n<div class=\"m-product-short-description ck-content clearfix\" data-controller=\"description--short\"><\/div>\n","protected":false},"excerpt":{"rendered":"<p>40 Basis Connectors and Intersection est un bon set de d\u00e9part et\/ou un compl\u00e9ment id\u00e9al \u00e0 tous les autres sets de connecteurs de voies lorsque vos ambitions de construction s&rsquo;accroissent. Id\u00e9al pour construire de nombreux piliers pour les ponts ou pour des constructions compactes avec des voies qui se croisent. La bo\u00eete contient diff\u00e9rents connecteurs de voies dans un m\u00e9lange de couleurs.<\/p>\n","protected":false},"featured_media":15748,"comment_status":"closed","ping_status":"closed","template":"","meta":{"_acf_changed":false,"inline_featured_image":false},"product_brand":[],"product_cat":[422,226,272,271,270],"product_tag":[217],"class_list":{"0":"post-18237","1":"product","2":"type-product","3":"status-publish","4":"has-post-thumbnail","6":"product_cat-basic-fr","7":"product_cat-beginner-sets-fr","8":"product_cat-new-arrivals-fr","9":"product_cat-standard-fr","10":"product_cat-standard-pakker-fr","11":"product_tag-free-shipping-fr","13":"first","14":"instock","15":"featured","16":"taxable","17":"shipping-taxable","18":"purchasable","19":"product-type-simple"},"acf":[],"_links":{"self":[{"href":"https:\/\/toy2.com\/fr\/wp-json\/wp\/v2\/product\/18237","targetHints":{"allow":["GET"]}}],"collection":[{"href":"https:\/\/toy2.com\/fr\/wp-json\/wp\/v2\/product"}],"about":[{"href":"https:\/\/toy2.com\/fr\/wp-json\/wp\/v2\/types\/product"}],"replies":[{"embeddable":true,"href":"https:\/\/toy2.com\/fr\/wp-json\/wp\/v2\/comments?post=18237"}],"wp:featuredmedia":[{"embeddable":true,"href":"https:\/\/toy2.com\/fr\/wp-json\/wp\/v2\/media\/15748"}],"wp:attachment":[{"href":"https:\/\/toy2.com\/fr\/wp-json\/wp\/v2\/media?parent=18237"}],"wp:term":[{"taxonomy":"product_brand","embeddable":true,"href":"https:\/\/toy2.com\/fr\/wp-json\/wp\/v2\/product_brand?post=18237"},{"taxonomy":"product_cat","embeddable":true,"href":"https:\/\/toy2.com\/fr\/wp-json\/wp\/v2\/product_cat?post=18237"},{"taxonomy":"product_tag","embeddable":true,"href":"https:\/\/toy2.com\/fr\/wp-json\/wp\/v2\/product_tag?post=18237"}],"curies":[{"name":"wp","href":"https:\/\/api.w.org\/{rel}","templated":true}]}}