{"id":17853,"date":"2023-07-04T08:02:33","date_gmt":"2023-07-04T08:02:33","guid":{"rendered":"https:\/\/toy2.com\/vare\/engineer-set\/"},"modified":"2023-11-07T10:54:17","modified_gmt":"2023-11-07T10:54:17","slug":"engineer-set","status":"publish","type":"product","link":"https:\/\/toy2.com\/fr\/vare\/engineer-set\/","title":{"rendered":"Engineer Set<br> 64 pi\u00e8ces"},"content":{"rendered":"<p><strong>L&rsquo;ensemble Engineer contient 64 Track Connectors.<\/strong><\/p>\n<p><strong>Le jeu de l&rsquo;ing\u00e9nieur est le plus avanc\u00e9 de tous.<\/strong> Vous pouvez construire en hauteur ou de mani\u00e8re compacte. L&rsquo;option de nombreux piliers permet de cr\u00e9er des ponts et de grandes trav\u00e9es dans de nombreux niveaux.<\/p>\n<table>\n<tbody>\n<tr>\n<th>Basis<\/th>\n<th>Double-blank<\/th>\n<th>Double-tab<\/th>\n<\/tr>\n<tr>\n<td style=\"text-align: center;\">31<\/td>\n<td style=\"text-align: center;\">6<\/td>\n<td style=\"text-align: center;\">1<\/td>\n<\/tr>\n<tr>\n<td style=\"text-align: center;\"><img decoding=\"async\" class=\"alignnone wp-image-12076 size-full\" src=\"https:\/\/toy2.com\/wp-content\/uploads\/2022\/09\/Basis-3.png\" alt=\"\" width=\"63\" height=\"63\" \/><\/td>\n<td style=\"text-align: center;\"><img decoding=\"async\" class=\"alignnone wp-image-12079 size-full\" src=\"https:\/\/toy2.com\/wp-content\/uploads\/2022\/09\/Double-female-1.png\" alt=\"\" width=\"63\" height=\"63\" \/><\/td>\n<td style=\"text-align: center;\"><img decoding=\"async\" class=\"alignnone wp-image-12082 size-full\" src=\"https:\/\/toy2.com\/wp-content\/uploads\/2022\/09\/Double-male-1.png\" alt=\"\" width=\"64\" height=\"64\" \/><\/td>\n<\/tr>\n<tr>\n<td style=\"text-align: center;\"><strong>Anchor<\/strong><\/td>\n<td style=\"text-align: center;\"><strong>Straight<\/strong><\/td>\n<td style=\"text-align: center;\"><strong>Intersection<\/strong><\/td>\n<\/tr>\n<tr>\n<td style=\"text-align: center;\">12<\/td>\n<td style=\"text-align: center;\">12<\/td>\n<td style=\"text-align: center;\">2<\/td>\n<\/tr>\n<tr>\n<th><img loading=\"lazy\" decoding=\"async\" class=\"alignnone wp-image-12073 size-full\" style=\"font-weight: 400;\" src=\"https:\/\/toy2.com\/wp-content\/uploads\/2022\/09\/Anchor-1.png\" alt=\"\" width=\"64\" height=\"63\" \/><\/th>\n<th><img loading=\"lazy\" decoding=\"async\" class=\"alignnone wp-image-12088 size-full\" src=\"https:\/\/toy2.com\/wp-content\/uploads\/2022\/09\/Straight-1.png\" alt=\"\" width=\"63\" height=\"63\" \/><\/th>\n<th><img loading=\"lazy\" decoding=\"async\" class=\"alignnone wp-image-12085 size-full\" src=\"https:\/\/toy2.com\/wp-content\/uploads\/2022\/09\/Intersection-1.png\" alt=\"\" width=\"64\" height=\"63\" \/><\/th>\n<\/tr>\n<\/tbody>\n<\/table>\n<p><strong>Parfait pour d\u00e9marrer un grand projet de construction avanc\u00e9.<\/strong> Id\u00e9al pour stimuler les enfants et les parents dans un apprentissage cr\u00e9atif et ludique pour tous les \u00e2ges. La bo\u00eete contient de nombreux connecteurs de voies color\u00e9s avec tous les diff\u00e9rents connecteurs.<\/p>\n<p><b>Tous les enfants connaissent et aiment DUPLO\u00ae et BRIO\u00ae.<\/b><span style=\"font-weight: 400;\"> Des jouets avec lesquels nous jouons depuis des g\u00e9n\u00e9rations et qu&rsquo;il est toujours aussi amusant de construire. Mais avez-vous d\u00e9j\u00e0 essay\u00e9 de jouer avec les deux en m\u00eame temps ? Avec les nouveaux connecteurs de rails TOY2, vous disposez de petits connecteurs d&rsquo;une grande valeur. Vous pouvez d\u00e9sormais connecter les jouets que vous poss\u00e9dez d\u00e9j\u00e0 et, soudain, de nouvelles possibilit\u00e9s s&rsquo;offrent \u00e0 vous pour cr\u00e9er des voies ferr\u00e9es encore plus cool, plus folles et plus stables.<\/span><\/p>\n<p><i><span style=\"font-weight: 400;\">NB : Les briques de construction et les rails ne sont pas inclus.<\/span><\/i><\/p>\n<table>\n<tbody>\n<tr>\n<th>L&rsquo;\u00e2ge<\/th>\n<th>Quantit\u00e9 de briques<br \/>\n&amp;<br \/>\nrails n\u00e9cessaires<\/th>\n<th>Combien d&rsquo;enfants<br \/>\nenfants peuvent jouer ensemble<\/th>\n<th>Difficult\u00e9<\/th>\n<\/tr>\n<tr>\n<td style=\"text-align: center;\">4+ ans<\/td>\n<td style=\"text-align: center;\">Grande collection<\/td>\n<td style=\"text-align: center;\">2-4 enfants<\/td>\n<td style=\"text-align: center;\">Avanc\u00e9<\/td>\n<\/tr>\n<\/tbody>\n<\/table>\n<p><strong>A propos de ce produit:<\/strong><\/p>\n<ul>\n<li>Tous les types de blocs Toy2 Track Connector sont con\u00e7us pour avoir la m\u00eame hauteur de rail, ce qui permet d&rsquo;obtenir une voie ferr\u00e9e plane et stable, m\u00eame lorsque la construction est avanc\u00e9e.<\/li>\n<li>Toutes les briques Track Connector sont con\u00e7ues pour s&rsquo;ins\u00e9rer au milieu des planches DUPLO \/ BiOBUDDi, afin d&rsquo;offrir la plus grande libert\u00e9 possible en mati\u00e8re d&rsquo;ing\u00e9nierie cr\u00e9ative.<\/li>\n<li>Combine DUPLO\u00ae, BioBUDDi et \u00e9quivalents avec les rails de train de BRIO\u00ae, Thomas&amp;Friends, Ikea Lillabo, VIGA etc.<\/li>\n<\/ul>\n<p><strong>En savoir plus sur Track Connectors:<\/strong><\/p>\n<p><strong>31 Basis<\/strong><br \/>\nCe bloc peut \u00eatre plac\u00e9 au-dessus des DUPLO\u00ae, BiOBUDDi et autres.<br \/>\nIl peut \u00eatre connect\u00e9 \u00e0 des rails en bois m\u00e2les et femelles, et les connecteurs ont suffisamment d&rsquo;espace pour que les diff\u00e9rentes g\u00e9n\u00e9rations et les diff\u00e9rents types de rails soient tous pris en charge (ils varient l\u00e9g\u00e8rement en taille).<br \/>\nBasis est le plus intuitif et le plus facile \u00e0 utiliser. C&rsquo;est le principal connecteur de rails dans la bo\u00eete \u00e0 outils lorsque l&rsquo;on construit des blocs et des rails de train avec les connecteurs de rails TOY2.<\/p>\n<p><strong>12 Anchor<\/strong><br \/>\nLe connecteur d&rsquo;ancrage fonctionne en retenant la voie ferr\u00e9e par le bas. Les balan\u00e7oires \u00e0 rail en bois et les \u00ab\u00a0croisements en Y\u00a0\u00bb ont des encoches en haut et en bas, et c&rsquo;est ce qu&rsquo;utilise le connecteur de rail d&rsquo;ancrage pour les maintenir. Cela permet au constructeur avanc\u00e9 de TOY2 Track Connector non seulement de construire en hauteur mais aussi de diviser les rails, ainsi que d&rsquo;autres astuces avanc\u00e9es similaires.<br \/>\nLe bloc d&rsquo;ancrage est important pour faire passer la construction du connecteur de voie TOY2 au niveau sup\u00e9rieur, mais il est \u00e9galement n\u00e9cessaire pour stabiliser les oscillations dans la construction o\u00f9, par exemple, les blocs DUPLO ne sont pas seulement utilis\u00e9s comme piliers de pontage mais sont construits dans une construction plus continue. Pour les splitters, un ou deux liens d&rsquo;ancrage sont \u00e9galement excellents pour l&rsquo;ancrage.<\/p>\n<p><strong>6 Double Blank<\/strong><br \/>\nLes connecteurs de voies TOY2 \u00e9liminent les limites de la construction de voies ferr\u00e9es gr\u00e2ce aux connecteurs de voies ferr\u00e9es \u00e0 double paroi. Ils permettent d&rsquo;attacher les rails aux fondations des blocs et de changer la direction des rails.<\/p>\n<p><strong>1 Double Tab<\/strong><br \/>\nLes connecteurs de rails TOY2 \u00e9liminent les limites de la construction des trains gr\u00e2ce aux connecteurs de rails \u00e0 double languette.<br \/>\nLa double languette vous permet de fixer les rails du train \u00e0 la fondation des blocs et de changer la direction des rails.<\/p>\n<p><strong>2 Intersection<\/strong><br \/>\nL&rsquo;intersection vous permet de fixer les rails \u00e0 la fondation des blocs DUPLO, par exemple, et de relier 4 rails de train \u00e0 la m\u00eame hauteur, au lieu d&rsquo;un pont. Il supporte diff\u00e9rents types de voies ferr\u00e9es. Au fur et \u00e0 mesure que vos projets deviennent plus avanc\u00e9s, il est important d&rsquo;avoir cette brique dans votre bo\u00eete \u00e0 outils.<\/p>\n<p><strong>12 Straight<\/strong><br \/>\nLes connecteurs de voies droites sont des entretoises et sont parfaits lorsque vous avez un tron\u00e7on o\u00f9 les choses ne s&#8217;embo\u00eetent pas comme il faut. Il est con\u00e7u pour avoir suffisamment d&rsquo;espace pour supporter diff\u00e9rents types de rails.<\/p>\n<div class=\"m-product-short-description ck-content clearfix\" data-controller=\"description--short\"><\/div>\n","protected":false},"excerpt":{"rendered":"<p>Vous pouvez construire en hauteur ou de mani\u00e8re compacte. L&rsquo;option de nombreux piliers permet de cr\u00e9er des ponts et de grandes trav\u00e9es dans de nombreux niveaux. Cr\u00e9ez des pistes de descente avec les pentes et lib\u00e9rez votre cr\u00e9ativit\u00e9 avec les arches.<\/p>\n<p>&nbsp;<\/p>\n","protected":false},"featured_media":23489,"comment_status":"closed","ping_status":"closed","template":"","meta":{"_acf_changed":false,"inline_featured_image":false},"product_brand":[],"product_cat":[220,428,281,271],"product_tag":[217],"class_list":{"0":"post-17853","1":"product","2":"type-product","3":"status-publish","4":"has-post-thumbnail","6":"product_cat-advanced-fr","7":"product_cat-engineer-fr","8":"product_cat-exclusive-on-toy2-com-fr","9":"product_cat-standard-fr","10":"product_tag-free-shipping-fr","12":"first","13":"instock","14":"sale","15":"featured","16":"taxable","17":"shipping-taxable","18":"purchasable","19":"product-type-simple"},"acf":[],"_links":{"self":[{"href":"https:\/\/toy2.com\/fr\/wp-json\/wp\/v2\/product\/17853","targetHints":{"allow":["GET"]}}],"collection":[{"href":"https:\/\/toy2.com\/fr\/wp-json\/wp\/v2\/product"}],"about":[{"href":"https:\/\/toy2.com\/fr\/wp-json\/wp\/v2\/types\/product"}],"replies":[{"embeddable":true,"href":"https:\/\/toy2.com\/fr\/wp-json\/wp\/v2\/comments?post=17853"}],"wp:featuredmedia":[{"embeddable":true,"href":"https:\/\/toy2.com\/fr\/wp-json\/wp\/v2\/media\/23489"}],"wp:attachment":[{"href":"https:\/\/toy2.com\/fr\/wp-json\/wp\/v2\/media?parent=17853"}],"wp:term":[{"taxonomy":"product_brand","embeddable":true,"href":"https:\/\/toy2.com\/fr\/wp-json\/wp\/v2\/product_brand?post=17853"},{"taxonomy":"product_cat","embeddable":true,"href":"https:\/\/toy2.com\/fr\/wp-json\/wp\/v2\/product_cat?post=17853"},{"taxonomy":"product_tag","embeddable":true,"href":"https:\/\/toy2.com\/fr\/wp-json\/wp\/v2\/product_tag?post=17853"}],"curies":[{"name":"wp","href":"https:\/\/api.w.org\/{rel}","templated":true}]}}