{"id":17851,"date":"2023-07-04T08:12:19","date_gmt":"2023-07-04T08:12:19","guid":{"rendered":"https:\/\/toy2.com\/vare\/builder-set-small\/"},"modified":"2025-10-19T15:39:54","modified_gmt":"2025-10-19T15:39:54","slug":"builder-set-small","status":"publish","type":"product","link":"https:\/\/toy2.com\/fr\/vare\/builder-set-small\/","title":{"rendered":"Builder Set Small<br> 12 pi\u00e8ces"},"content":{"rendered":"<p><strong>L&rsquo;ensemble Builder Small contient 12 Track Connectors.<\/strong><\/p>\n<table>\n<tbody>\n<tr>\n<th>Basis<\/th>\n<th>Double-blank<\/th>\n<th>Double-tab<\/th>\n<th>Slopes<\/th>\n<\/tr>\n<tr>\n<td style=\"text-align: center;\">8<\/td>\n<td style=\"text-align: center;\">1<\/td>\n<td style=\"text-align: center;\">1<\/td>\n<td style=\"text-align: center;\">2<\/td>\n<\/tr>\n<tr>\n<td style=\"text-align: center;\"><img decoding=\"async\" class=\"alignnone wp-image-12076 size-full\" src=\"https:\/\/toy2.com\/wp-content\/uploads\/2022\/09\/Basis-3.png\" alt=\"\" width=\"63\" height=\"63\" \/><\/td>\n<td style=\"text-align: center;\"><img decoding=\"async\" class=\"alignnone wp-image-12079 size-full\" src=\"https:\/\/toy2.com\/wp-content\/uploads\/2022\/09\/Double-female-1.png\" alt=\"\" width=\"63\" height=\"63\" \/><\/td>\n<td style=\"text-align: center;\"><img decoding=\"async\" class=\"alignnone wp-image-12082 size-full\" src=\"https:\/\/toy2.com\/wp-content\/uploads\/2022\/09\/Double-male-1.png\" alt=\"\" width=\"64\" height=\"64\" \/><\/td>\n<td style=\"text-align: center;\"><img loading=\"lazy\" decoding=\"async\" class=\"alignnone wp-image-9958\" src=\"https:\/\/toy2.com\/wp-content\/uploads\/2022\/12\/slope-content-image.png\" alt=\"\" width=\"52\" height=\"52\" \/><\/td>\n<\/tr>\n<\/tbody>\n<\/table>\n<p>&nbsp;<\/p>\n<table>\n<tbody>\n<tr>\n<th>L&rsquo;\u00e2ge<\/th>\n<th>Quantit\u00e9 de briques<br \/>\n&amp;<br \/>\nrails n\u00e9cessaires<\/th>\n<th>Combien d&rsquo;enfants<br \/>\nenfants peuvent jouer ensemble<\/th>\n<th>Difficult\u00e9<\/th>\n<\/tr>\n<tr>\n<td style=\"text-align: center;\">3+ ans<\/td>\n<td style=\"text-align: center;\">Petite collection<\/td>\n<td style=\"text-align: center;\">1-2 enfants<\/td>\n<td style=\"text-align: center;\">Facile<\/td>\n<\/tr>\n<\/tbody>\n<\/table>\n<p><strong>A propos de ce produit:<\/strong><\/p>\n<ul>\n<li>Tous les types de blocs Toy2 Track Connector sont con\u00e7us pour avoir la m\u00eame hauteur de rail, ce qui permet d&rsquo;obtenir une voie ferr\u00e9e plane et stable, m\u00eame lorsque la construction est avanc\u00e9e.<\/li>\n<li>Toutes les briques Track Connector sont con\u00e7ues pour s&rsquo;ins\u00e9rer au milieu des planches DUPLO \/ BiOBUDDi, afin d&rsquo;offrir la plus grande libert\u00e9 possible en mati\u00e8re d&rsquo;ing\u00e9nierie cr\u00e9ative.<\/li>\n<li>Combine DUPLO\u00ae, BioBUDDi et \u00e9quivalents avec les rails de train de BRIO\u00ae, Thomas&amp;Friends, Ikea Lillabo, VIGA etc.<\/li>\n<\/ul>\n<p><strong>8 Basis<\/strong><br \/>\nCe bloc peut \u00eatre plac\u00e9 au-dessus des DUPLO\u00ae, BiOBUDDi et autres.<br \/>\nIl peut \u00eatre connect\u00e9 \u00e0 des rails en bois m\u00e2les et femelles, et les connecteurs ont suffisamment d&rsquo;espace pour que les diff\u00e9rentes g\u00e9n\u00e9rations et les diff\u00e9rents types de rails soient tous pris en charge (ils varient l\u00e9g\u00e8rement en taille).<br \/>\nBasis est le plus intuitif et le plus facile \u00e0 utiliser. C&rsquo;est le principal connecteur de rails dans la bo\u00eete \u00e0 outils lorsque l&rsquo;on construit des blocs et des rails de train avec les connecteurs de rails TOY2.<\/p>\n<p><strong>2 Double Blank<\/strong><br \/>\nLes connecteurs de voies TOY2 \u00e9liminent les limites de la construction de voies ferr\u00e9es gr\u00e2ce aux connecteurs de voies ferr\u00e9es \u00e0 double paroi. Ils permettent d&rsquo;attacher les rails aux fondations des blocs et de changer la direction des rails.<\/p>\n<p><strong>2 Double Tab<\/strong><br \/>\nLes connecteurs de rails TOY2 \u00e9liminent les limites de la construction des trains gr\u00e2ce aux connecteurs de rails \u00e0 double languette.<br \/>\nLa double languette vous permet de fixer les rails du train \u00e0 la fondation des blocs et de changer la direction des rails.<\/p>\n<p>&nbsp;<\/p>\n<div class=\"m-product-short-description ck-content clearfix\" data-controller=\"description--short\"><\/div>\n","protected":false},"excerpt":{"rendered":"<p>Le Builder Set Small est parfait pour d\u00e9marrer des projets de construction, m\u00eame pour les plus petits. Il est id\u00e9al pour construire sur deux niveaux ou plus avec des piliers sous les connecteurs. Un d\u00e9marrage flexible pour les petits projets de construction.<\/p>\n<p><strong>Convient aux d\u00e9butants typiques et aux petits constructeurs et aux petites collections de briques\/pistes.<\/strong><\/p>\n<p><b>Tous les enfants connaissent et aiment DUPLO\u00ae et BRIO\u00ae.<\/b><span style=\"font-weight: 400;\"> Des jouets avec lesquels nous jouons depuis des g\u00e9n\u00e9rations et qu&rsquo;il est toujours aussi amusant de construire. Mais avez-vous d\u00e9j\u00e0 essay\u00e9 de jouer avec les deux en m\u00eame temps ? Avec les nouveaux connecteurs de rails TOY2, vous disposez de petits connecteurs d&rsquo;une grande valeur. Vous pouvez d\u00e9sormais connecter les jouets que vous poss\u00e9dez d\u00e9j\u00e0 et, soudain, de nouvelles possibilit\u00e9s s&rsquo;offrent \u00e0 vous pour cr\u00e9er des voies ferr\u00e9es encore plus cool, plus folles et plus stables.<\/span><\/p>\n<p><i><span style=\"font-weight: 400;\">NB : Les briques de construction et les rails ne sont pas inclus.<\/span><\/i><\/p>\n","protected":false},"featured_media":33039,"comment_status":"closed","ping_status":"closed","template":"","meta":{"_acf_changed":false,"inline_featured_image":false},"product_brand":[],"product_cat":[226,229,411,271,280],"product_tag":[],"class_list":{"0":"post-17851","1":"product","2":"type-product","3":"status-publish","4":"has-post-thumbnail","6":"product_cat-beginner-sets-fr","7":"product_cat-bestseller-fr","8":"product_cat-builder-fr","9":"product_cat-standard-fr","10":"product_cat-ukategoriseret-fr","12":"first","13":"instock","14":"sale","15":"featured","16":"taxable","17":"shipping-taxable","18":"purchasable","19":"product-type-simple"},"acf":[],"_links":{"self":[{"href":"https:\/\/toy2.com\/fr\/wp-json\/wp\/v2\/product\/17851","targetHints":{"allow":["GET"]}}],"collection":[{"href":"https:\/\/toy2.com\/fr\/wp-json\/wp\/v2\/product"}],"about":[{"href":"https:\/\/toy2.com\/fr\/wp-json\/wp\/v2\/types\/product"}],"replies":[{"embeddable":true,"href":"https:\/\/toy2.com\/fr\/wp-json\/wp\/v2\/comments?post=17851"}],"wp:featuredmedia":[{"embeddable":true,"href":"https:\/\/toy2.com\/fr\/wp-json\/wp\/v2\/media\/33039"}],"wp:attachment":[{"href":"https:\/\/toy2.com\/fr\/wp-json\/wp\/v2\/media?parent=17851"}],"wp:term":[{"taxonomy":"product_brand","embeddable":true,"href":"https:\/\/toy2.com\/fr\/wp-json\/wp\/v2\/product_brand?post=17851"},{"taxonomy":"product_cat","embeddable":true,"href":"https:\/\/toy2.com\/fr\/wp-json\/wp\/v2\/product_cat?post=17851"},{"taxonomy":"product_tag","embeddable":true,"href":"https:\/\/toy2.com\/fr\/wp-json\/wp\/v2\/product_tag?post=17851"}],"curies":[{"name":"wp","href":"https:\/\/api.w.org\/{rel}","templated":true}]}}