{"id":21672,"date":"2022-09-01T11:51:57","date_gmt":"2022-09-01T11:51:57","guid":{"rendered":"https:\/\/toy2.com\/vare\/allround-small\/"},"modified":"2023-11-07T11:54:40","modified_gmt":"2023-11-07T11:54:40","slug":"allround-small","status":"publish","type":"product","link":"https:\/\/toy2.com\/fi\/vare\/allround-small\/","title":{"rendered":"Allround Small<br> 8 osaa"},"content":{"rendered":"<p><strong>Allround Small sis\u00e4lt\u00e4\u00e4 8 Track Connectors.<\/strong><\/p>\n<table>\n<tbody>\n<tr>\n<th>Basis<\/th>\n<th>Double Female<\/th>\n<th>Double Male<\/th>\n<th>Intersection<\/th>\n<\/tr>\n<tr>\n<td style=\"text-align: center;\">4<\/td>\n<td style=\"text-align: center;\">1<\/td>\n<td style=\"text-align: center;\">1<\/td>\n<td style=\"text-align: center;\">0<\/td>\n<\/tr>\n<tr>\n<td style=\"text-align: center;\"><img decoding=\"async\" class=\"alignnone wp-image-4253 size-full\" src=\"https:\/\/toy2.com\/wp-content\/uploads\/2022\/04\/Basis-Black.png\" alt=\"\" width=\"50\" height=\"50\" \/><\/td>\n<td style=\"text-align: center;\"><img decoding=\"async\" class=\"alignnone size-full wp-image-4259\" src=\"https:\/\/toy2.com\/wp-content\/uploads\/2022\/04\/Double-female.png\" alt=\"\" width=\"50\" height=\"50\" \/><\/td>\n<td style=\"text-align: center;\"><img decoding=\"async\" class=\"alignnone size-full wp-image-4261\" src=\"https:\/\/toy2.com\/wp-content\/uploads\/2022\/04\/Double-male.png\" alt=\"\" width=\"50\" height=\"50\" \/><\/td>\n<td style=\"text-align: center;\"><img loading=\"lazy\" decoding=\"async\" class=\"alignnone size-full wp-image-4243\" src=\"https:\/\/toy2.com\/wp-content\/uploads\/2022\/04\/Untitled-design-68.png\" alt=\"\" width=\"50\" height=\"50\" \/><\/td>\n<\/tr>\n<tr>\n<td style=\"text-align: center;\"><strong>Anchor<\/strong><\/td>\n<td style=\"text-align: center;\"><strong>Straight<\/strong><\/td>\n<td style=\"text-align: center;\"><\/td>\n<\/tr>\n<tr>\n<td style=\"text-align: center;\">1<\/td>\n<td style=\"text-align: center;\">1<\/td>\n<td style=\"text-align: center;\"><\/td>\n<\/tr>\n<tr>\n<th><img loading=\"lazy\" decoding=\"async\" class=\"alignnone size-full wp-image-4265\" src=\"https:\/\/toy2.com\/wp-content\/uploads\/2022\/04\/Straight-1.png\" alt=\"\" width=\"50\" height=\"50\" \/><\/th>\n<th><img loading=\"lazy\" decoding=\"async\" class=\"alignnone size-full wp-image-4257\" src=\"https:\/\/toy2.com\/wp-content\/uploads\/2022\/04\/Anchor.png\" alt=\"\" width=\"50\" height=\"50\" \/><\/th>\n<th><\/th>\n<\/tr>\n<\/tbody>\n<\/table>\n<p>&nbsp;<\/p>\n<table>\n<tbody>\n<tr>\n<th>Ik\u00e4<\/th>\n<th>Tiilien m\u00e4\u00e4r\u00e4<br \/>\n&amp;<br \/>\ntarvittavat kiskot<\/th>\n<th>Kuinka monta<br \/>\nlapset voivat leikki\u00e4 yhdess\u00e4<\/th>\n<th>Vaikeusaste<\/th>\n<\/tr>\n<tr>\n<td style=\"text-align: center;\">3+ vuotta<\/td>\n<td style=\"text-align: center;\">Pieni kokoelma<\/td>\n<td style=\"text-align: center;\">1-2 lasta<\/td>\n<td style=\"text-align: center;\">Helppo<\/td>\n<\/tr>\n<\/tbody>\n<\/table>\n<p>&nbsp;<\/p>\n<p><strong>Tietoa t\u00e4st\u00e4 tuotteesta:<\/strong><\/p>\n<ul>\n<li>Kaikissa Toy2 Track Connector -ratapalikoissa on sama kiskon korkeus, mik\u00e4 takaa tasaisen ja vakaan junaradan my\u00f6s silloin, kun rakentaminen on edistynyt.<\/li>\n<li>Kaikki Track Connector -tiilet on suunniteltu istumaan DUPLO \/ BiOBUDDi -levyjen keskelle, jotta luovalle suunnittelulle olisi mahdollisimman paljon vapautta.<\/li>\n<li>Yhdistet\u00e4\u00e4n DUPLO\u00ae, BioBUDDi ja vastaavat BRIO\u00ae, Thomas&amp;Friends, Ikea Lillabo, VIGA, jne. junaratojen kanssa.<\/li>\n<li>Rinne kallistuu 9 astetta ja sit\u00e4 yhdistelem\u00e4ll\u00e4 voidaan luoda 18, 27, 36 asteen tai useamman asteen kaltevuuksia.<\/li>\n<\/ul>\n<p>&nbsp;<\/p>\n","protected":false},"excerpt":{"rendered":"<p>Allround Smallilla voit rakentaa toisiinsa kietoutuneita junaratoja monella tasolla. Allround Small on hyv\u00e4 kokeilla kaikkia eri liittimi\u00e4. Sopii erinomaisesti haastamaan lapsia ja vanhempia luovaan, leikkimieliseen oppimiseen.<\/p>\n<p>Kaikki lapset tuntevat ja rakastavat sek\u00e4 DUPLO\u00ae:a ett\u00e4 BRIO\u00ae:a. Leluja, joilla on leikitty sukupolvien ajan ja joilla on edelleen hauska rakentaa. Mutta oletko kokeillut leikki\u00e4 molemmilla yht\u00e4 aikaa? Uusilla TOY2 Track Connectors -rataliittimill\u00e4 saat pieni\u00e4 liittimi\u00e4, joilla on suuri arvo. Nyt voit liitt\u00e4\u00e4 jo olemassa olevat lelut toisiinsa ja yht\u00e4kki\u00e4 syntyy aivan uusia mahdollisuuksia entist\u00e4kin hienompiin, villimpiin ja vakaampiin junaratoihin.<\/p>\n<p>Rakenna yl\u00f6s, rakenna ymp\u00e4ri, rakenna turvallisesti. Rataliittimet on tarkoitettu rakentajille, jotka haluavat kokeilla muovitiilien ja puisten junaratojen yhteen rakentamista. Saat paljon enemm\u00e4n irti DUPLO\u00ae- ja BRIO\u00ae-ratoistasi rakentamalla molemmilla.<\/p>\n<p>HUOM: Rakennustiilet ja radat eiv\u00e4t sis\u00e4lly toimitukseen.<\/p>\n","protected":false},"featured_media":31790,"comment_status":"closed","ping_status":"closed","template":"","meta":{"_acf_changed":false,"inline_featured_image":false},"product_brand":[],"product_cat":[416,376,362,444,361],"product_tag":[],"class_list":{"0":"post-21672","1":"product","2":"type-product","3":"status-publish","4":"has-post-thumbnail","6":"product_cat-allround-fi","7":"product_cat-beginner-fi","8":"product_cat-new-arrivals-fi","9":"product_cat-old-packages-fi","10":"product_cat-standard-fi","12":"first","13":"instock","14":"featured","15":"taxable","16":"shipping-taxable","17":"purchasable","18":"product-type-simple"},"acf":[],"_links":{"self":[{"href":"https:\/\/toy2.com\/fi\/wp-json\/wp\/v2\/product\/21672","targetHints":{"allow":["GET"]}}],"collection":[{"href":"https:\/\/toy2.com\/fi\/wp-json\/wp\/v2\/product"}],"about":[{"href":"https:\/\/toy2.com\/fi\/wp-json\/wp\/v2\/types\/product"}],"replies":[{"embeddable":true,"href":"https:\/\/toy2.com\/fi\/wp-json\/wp\/v2\/comments?post=21672"}],"wp:featuredmedia":[{"embeddable":true,"href":"https:\/\/toy2.com\/fi\/wp-json\/wp\/v2\/media\/31790"}],"wp:attachment":[{"href":"https:\/\/toy2.com\/fi\/wp-json\/wp\/v2\/media?parent=21672"}],"wp:term":[{"taxonomy":"product_brand","embeddable":true,"href":"https:\/\/toy2.com\/fi\/wp-json\/wp\/v2\/product_brand?post=21672"},{"taxonomy":"product_cat","embeddable":true,"href":"https:\/\/toy2.com\/fi\/wp-json\/wp\/v2\/product_cat?post=21672"},{"taxonomy":"product_tag","embeddable":true,"href":"https:\/\/toy2.com\/fi\/wp-json\/wp\/v2\/product_tag?post=21672"}],"curies":[{"name":"wp","href":"https:\/\/api.w.org\/{rel}","templated":true}]}}