{"id":18466,"date":"2023-07-04T08:31:35","date_gmt":"2023-07-04T08:31:35","guid":{"rendered":"https:\/\/toy2.com\/vare\/allround-large-2\/"},"modified":"2023-11-07T11:48:14","modified_gmt":"2023-11-07T11:48:14","slug":"allround-large-2","status":"publish","type":"product","link":"https:\/\/toy2.com\/fi\/vare\/allround-large-2\/","title":{"rendered":"Allround Large<br> 33 osaa"},"content":{"rendered":"<p><strong>Allround Large sis\u00e4lt\u00e4\u00e4 33 Track Connectors.<\/strong><\/p>\n<table>\n<tbody>\n<tr>\n<th>Basis<\/th>\n<th>Double-blank<\/th>\n<th>Double-tab<\/th>\n<\/tr>\n<tr>\n<td style=\"text-align: center;\">8<\/td>\n<td style=\"text-align: center;\">4<\/td>\n<td style=\"text-align: center;\">2<\/td>\n<\/tr>\n<tr>\n<td style=\"text-align: center;\"><img decoding=\"async\" class=\"alignnone wp-image-12076 size-full\" src=\"https:\/\/toy2.com\/wp-content\/uploads\/2022\/09\/Basis-3.png\" alt=\"\" width=\"63\" height=\"63\" \/><\/td>\n<td style=\"text-align: center;\"><img decoding=\"async\" class=\"alignnone wp-image-12079 size-full\" src=\"https:\/\/toy2.com\/wp-content\/uploads\/2022\/09\/Double-female-1.png\" alt=\"\" width=\"63\" height=\"63\" \/><\/td>\n<td style=\"text-align: center;\"><img decoding=\"async\" class=\"alignnone wp-image-12082 size-full\" src=\"https:\/\/toy2.com\/wp-content\/uploads\/2022\/09\/Double-male-1.png\" alt=\"\" width=\"64\" height=\"64\" \/><\/td>\n<\/tr>\n<tr>\n<td style=\"text-align: center;\"><strong>Anchor<\/strong><\/td>\n<td style=\"text-align: center;\"><strong>Straight<\/strong><\/td>\n<td style=\"text-align: center;\"><strong>Intersection<\/strong><\/td>\n<\/tr>\n<tr>\n<td style=\"text-align: center;\">10<\/td>\n<td style=\"text-align: center;\">8<\/td>\n<td style=\"text-align: center;\">1<\/td>\n<\/tr>\n<tr>\n<th><img loading=\"lazy\" decoding=\"async\" class=\"alignnone wp-image-12073 size-full\" style=\"font-weight: 400;\" src=\"https:\/\/toy2.com\/wp-content\/uploads\/2022\/09\/Anchor-1.png\" alt=\"\" width=\"64\" height=\"63\" \/><\/th>\n<th><img loading=\"lazy\" decoding=\"async\" class=\"alignnone wp-image-12088 size-full\" src=\"https:\/\/toy2.com\/wp-content\/uploads\/2022\/09\/Straight-1.png\" alt=\"\" width=\"63\" height=\"63\" \/><\/th>\n<th><img loading=\"lazy\" decoding=\"async\" class=\"alignnone wp-image-12085 size-full\" src=\"https:\/\/toy2.com\/wp-content\/uploads\/2022\/09\/Intersection-1.png\" alt=\"\" width=\"64\" height=\"63\" \/><\/th>\n<\/tr>\n<\/tbody>\n<\/table>\n<p>&nbsp;<\/p>\n<table>\n<tbody>\n<tr>\n<th>Ik\u00e4<\/th>\n<th>Tiilien m\u00e4\u00e4r\u00e4<br \/>\n&amp;<br \/>\ntarvittavat kiskot<\/th>\n<th>Kuinka monta<br \/>\nlapset voivat leikki\u00e4 yhdess\u00e4<\/th>\n<th>Vaikeusaste<\/th>\n<\/tr>\n<tr>\n<td style=\"text-align: center;\">4+ vuotta<\/td>\n<td style=\"text-align: center;\">Keskikokoinen kokoelma<\/td>\n<td style=\"text-align: center;\">2-4 lasta, ik\u00e4 3-10 vuotta<\/td>\n<td style=\"text-align: center;\">Keskitason<\/td>\n<\/tr>\n<\/tbody>\n<\/table>\n<p><strong>Tietoa raideliittimist\u00e4<\/strong><\/p>\n<ul>\n<li>Kaikentyyppiset Track Connector -lohkot on suunniteltu siten, ett\u00e4 kiskon korkeus on sama, mik\u00e4 takaa tasaisen ja vakaan junaradan &#8211; my\u00f6s silloin, kun rakentaminen on edennyt pitk\u00e4lle.<\/li>\n<li>Kaikki Track Connector -tiilet on suunniteltu istumaan DUPLO \/ BiOBUDDi -levyjen keskelle, jotta ne antavat mahdollisimman suuren vapauden luovalle suunnittelulle.<\/li>\n<li>Yhdist\u00e4\u00e4 DUPLO\u00ae:n, BioBUDDin ja vastaavat BRIO\u00ae:n, Thomas&amp;Friendsin, Ikea Lillabon, VIGA:n jne. junaratojen kanssa.<\/li>\n<\/ul>\n<div class=\"m-product-short-description ck-content clearfix\" data-controller=\"description--short\"><\/div>\n","protected":false},"excerpt":{"rendered":"<p><strong>Allround Large <\/strong>mahdollistaa monipuoliset ja kehittyneet rakenteet. Se tarjoaa hyv\u00e4t mahdollisuudet erilaisiin rakennustyyppeihin, kuten kaksi- tai useampikerroksiseen rakentamiseen pilarien avulla, mutta my\u00f6s kompakteihin rakenteisiin, joissa on paljon tiili\u00e4 ja levyj\u00e4.<\/p>\n<p><strong>Sopii erinomaisesti rakennusprojekteihin tai rakenteisiin, joissa on paljon tiili\u00e4.<\/strong> Laatikko sis\u00e4lt\u00e4\u00e4 jopa 6 erilaista raideliitint\u00e4 eri v\u00e4reiss\u00e4.<\/p>\n<p><em>HUOM: Rakennustiilet ja radat eiv\u00e4t sis\u00e4lly toimitukseen.<\/em><\/p>\n","protected":false},"featured_media":23481,"comment_status":"closed","ping_status":"closed","template":"","meta":{"_acf_changed":false,"inline_featured_image":false},"product_brand":[],"product_cat":[416,374,361,373],"product_tag":[375],"class_list":{"0":"post-18466","1":"product","2":"type-product","3":"status-publish","4":"has-post-thumbnail","6":"product_cat-allround-fi","7":"product_cat-intermediate-fi","8":"product_cat-standard-fi","9":"product_cat-ukategoriseret-fi","10":"product_tag-free-shipping-fi","12":"first","13":"outofstock","14":"featured","15":"taxable","16":"shipping-taxable","17":"purchasable","18":"product-type-simple"},"acf":[],"_links":{"self":[{"href":"https:\/\/toy2.com\/fi\/wp-json\/wp\/v2\/product\/18466","targetHints":{"allow":["GET"]}}],"collection":[{"href":"https:\/\/toy2.com\/fi\/wp-json\/wp\/v2\/product"}],"about":[{"href":"https:\/\/toy2.com\/fi\/wp-json\/wp\/v2\/types\/product"}],"replies":[{"embeddable":true,"href":"https:\/\/toy2.com\/fi\/wp-json\/wp\/v2\/comments?post=18466"}],"wp:featuredmedia":[{"embeddable":true,"href":"https:\/\/toy2.com\/fi\/wp-json\/wp\/v2\/media\/23481"}],"wp:attachment":[{"href":"https:\/\/toy2.com\/fi\/wp-json\/wp\/v2\/media?parent=18466"}],"wp:term":[{"taxonomy":"product_brand","embeddable":true,"href":"https:\/\/toy2.com\/fi\/wp-json\/wp\/v2\/product_brand?post=18466"},{"taxonomy":"product_cat","embeddable":true,"href":"https:\/\/toy2.com\/fi\/wp-json\/wp\/v2\/product_cat?post=18466"},{"taxonomy":"product_tag","embeddable":true,"href":"https:\/\/toy2.com\/fi\/wp-json\/wp\/v2\/product_tag?post=18466"}],"curies":[{"name":"wp","href":"https:\/\/api.w.org\/{rel}","templated":true}]}}