{"id":7468,"date":"2022-10-08T09:11:16","date_gmt":"2022-10-08T09:11:16","guid":{"rendered":"https:\/\/toy2.com\/vare\/allround-large-allround-mediumtrack-connectors\/"},"modified":"2023-09-18T14:50:42","modified_gmt":"2023-09-18T14:50:42","slug":"allround-large-allround-mediumtrack-connectors","status":"publish","type":"product","link":"https:\/\/toy2.com\/de\/vare\/allround-large-allround-mediumtrack-connectors\/","title":{"rendered":"Allround Medium + Allround Large Track Connectors"},"content":{"rendered":"<p><strong>Die Box enth\u00e4lt 44 Connectors altogether.<\/strong><\/p>\n<table>\n<tbody>\n<tr>\n<th>Basis<\/th>\n<th>Double-blank<\/th>\n<th>Double-tab<\/th>\n<th>Intersection<\/th>\n<\/tr>\n<tr>\n<td style=\"text-align: center;\">8<\/td>\n<td style=\"text-align: center;\">4<\/td>\n<td style=\"text-align: center;\">4<\/td>\n<td style=\"text-align: center;\">2<\/td>\n<\/tr>\n<tr>\n<td style=\"text-align: center;\"><img decoding=\"async\" class=\"alignnone wp-image-4253 size-full\" src=\"https:\/\/toy2.com\/wp-content\/uploads\/2022\/04\/Basis-Black.png\" alt=\"\" width=\"50\" height=\"50\" \/><\/td>\n<td style=\"text-align: center;\"><img decoding=\"async\" class=\"alignnone size-full wp-image-4259\" src=\"https:\/\/toy2.com\/wp-content\/uploads\/2022\/04\/Double-female.png\" alt=\"\" width=\"50\" height=\"50\" \/><\/td>\n<td style=\"text-align: center;\"><img decoding=\"async\" class=\"alignnone size-full wp-image-4261\" src=\"https:\/\/toy2.com\/wp-content\/uploads\/2022\/04\/Double-male.png\" alt=\"\" width=\"50\" height=\"50\" \/><\/td>\n<td style=\"text-align: center;\"><img loading=\"lazy\" decoding=\"async\" class=\"alignnone size-full wp-image-4243\" src=\"https:\/\/toy2.com\/wp-content\/uploads\/2022\/04\/Untitled-design-68.png\" alt=\"\" width=\"50\" height=\"50\" \/><\/td>\n<\/tr>\n<tr>\n<td style=\"text-align: center;\"><strong>Anchor<\/strong><\/td>\n<td style=\"text-align: center;\"><strong>Straight<\/strong><\/td>\n<td style=\"text-align: center;\"><\/td>\n<\/tr>\n<tr>\n<td style=\"text-align: center;\">13<\/td>\n<td style=\"text-align: center;\">13<\/td>\n<td style=\"text-align: center;\"><\/td>\n<\/tr>\n<tr>\n<th><img loading=\"lazy\" decoding=\"async\" class=\"alignnone size-full wp-image-4265\" src=\"https:\/\/toy2.com\/wp-content\/uploads\/2022\/04\/Straight-1.png\" alt=\"\" width=\"50\" height=\"50\" \/><\/th>\n<th><img loading=\"lazy\" decoding=\"async\" class=\"alignnone size-full wp-image-4257\" src=\"https:\/\/toy2.com\/wp-content\/uploads\/2022\/04\/Anchor.png\" alt=\"\" width=\"50\" height=\"50\" \/><\/th>\n<th><\/th>\n<\/tr>\n<\/tbody>\n<\/table>\n<p>&nbsp;<\/p>\n<table>\n<tbody>\n<tr>\n<th><strong>Alter<\/strong><\/th>\n<th><strong>Prima Erg\u00e4nzung f\u00fcr<\/strong><\/th>\n<th>Wie viele<br \/>\nKinder k\u00f6nnen zusammen spielen<\/th>\n<th><strong>Schwierigkeit<\/strong><\/th>\n<\/tr>\n<tr>\n<td style=\"text-align: center;\">3+ <span style=\"font-weight: 400;\">Jahre<\/span><\/td>\n<td style=\"text-align: center;\"><span style=\"font-weight: 400;\">Kleinere Sammlungen von 10+<\/span><\/td>\n<td style=\"text-align: center;\"><span style=\"font-weight: 400;\">F\u00fcr 1-2 children <\/span><\/td>\n<td style=\"text-align: center;\"><span style=\"font-weight: 400;\">Mittel<\/span><\/td>\n<\/tr>\n<\/tbody>\n<\/table>\n<p>&nbsp;<\/p>\n<p><strong>\u00dcber Track Connectors:<\/strong><\/p>\n<ul>\n<li style=\"font-weight: 400;\" aria-level=\"1\"><span style=\"font-weight: 400;\">Alle Arten der Toy2 Toy2 Track Connector sind so hergestellt, dass sie die gleiche Schienenh\u00f6he erm\u00f6glichen, was eine flache und stabile Strecke garantiert &#8211; auch wenn die Konstruktion fortgeschritten ist.\u00a0<\/span><\/li>\n<li style=\"font-weight: 400;\" aria-level=\"1\"><span style=\"font-weight: 400;\">Alle Track Connector Bausteine sind derart hergestellt, dass sie in der Mitte von DUPLO \/ BiOBUDDi Platten, f\u00fcr die gr\u00f6\u00dftm\u00f6gliche Stabilit\u00e4t sorgen, um vielf\u00e4ltige M\u00f6glichkeiten und kreativen Spielraum im Konstruieren zu bieten.<\/span><\/li>\n<li style=\"font-weight: 400;\" aria-level=\"1\"><span style=\"font-weight: 400;\">Track Connectors zur Verbindung von DUPLO\u00ae, BioBUDDi, Hubelino, Unico u.a. mit Holzeisenbahnen von BRIO, Ikea Lillabo, Melissa, Bigjigs, Little Dutch, VIGA, Hape, u.a.<\/span><\/li>\n<\/ul>\n<div class=\"m-product-short-description ck-content clearfix\" data-controller=\"description--short\"><\/div>\n","protected":false},"excerpt":{"rendered":"<p><em><strong>Exclusive on TOY2.com!<\/strong><\/em><\/p>\n<p><strong>Allround Medium + Allround Large<\/strong><span style=\"font-weight: 400;\"> stellt eine Menge an Track Connectors zur Verf\u00fcgung und erlaubt einen freie Art, zu bauen, in der viele Bausteine zum Einsatz kommen k\u00f6nnen. <\/span><\/p>\n<p><span style=\"font-weight: 400;\">Es bietet vielf\u00e4ltige M\u00f6glichkeiten f\u00fcr verschiedene Arten von Konstruktionen, z.B. um auf zwei und mehreren Ebenen mit T\u00fcrmen aus Bausteinen zu bauen, die Br\u00fccken entstehen lassen um auch die gr\u00f6\u00dften Schluchten zu \u00fcberqueren, oder auch f\u00fcr kompaktere Bauten mit einer Menge an Bausteinen und platten. Gro\u00dfartig f\u00fcr mittlere und gro\u00dfe Bauprojekte. <\/span><span style=\"font-weight: 400;\">Diese Box enth\u00e4lt alle unterschiedlichen Track Connectors in rot und schwarz.<\/span><\/p>\n<p><span style=\"font-weight: 400;\"><strong>Kinder kennen und lieben DUPLO\u00ae und BRIO\u00ae,<\/strong> das Spielzeug, mit dem wir seit Generationen spielen und an dem wir immer noch Freude haben! <strong>Doch, hast du schon einmal probiert, mit beiden gleichzeitig zu spielen?<\/strong> Mit den neuen Schienenverbindern bekommst du kleine Verbinder mit gro\u00dfer Wirkung. Jetzt kannst du Spielzeug, das du bereits besitzt, miteinander kombinieren und erh\u00e4ltst pl\u00f6tzlich eine ganze Reihe neuer M\u00f6glichkeiten, coole, wilde und stabilere Zugstrecken zu errichten. <\/span><span style=\"font-weight: 400;\">Baue steil nach oben, rundherum und baue dabei immer sicher und stabil. <\/span><\/p>\n<p><span style=\"font-weight: 400;\">Track Connectors eignet sich f\u00fcr Beginner und erfahrene Spieler:innen, die ausprobieren m\u00f6chten, Holzschienen f\u00fcr Eisenbahnen und Bausteine zusammenzuf\u00fchren.<\/span><\/p>\n<p><em><span style=\"font-weight: 400;\">Bitte beachte: <\/span><span style=\"font-weight: 400;\">Enth\u00e4lt keine Bausteine oder Holzeisenbahnschienen.<\/span><\/em><\/p>\n","protected":false},"featured_media":7323,"comment_status":"closed","ping_status":"closed","template":"","meta":{"_acf_changed":false,"inline_featured_image":false},"product_brand":[],"product_cat":[87],"product_tag":[],"class_list":{"0":"post-7468","1":"product","2":"type-product","3":"status-publish","4":"has-post-thumbnail","6":"product_cat-ukategoriseret-de","8":"first","9":"outofstock","10":"sale","11":"featured","12":"taxable","13":"shipping-taxable","14":"purchasable","15":"product-type-simple"},"acf":[],"_links":{"self":[{"href":"https:\/\/toy2.com\/de\/wp-json\/wp\/v2\/product\/7468","targetHints":{"allow":["GET"]}}],"collection":[{"href":"https:\/\/toy2.com\/de\/wp-json\/wp\/v2\/product"}],"about":[{"href":"https:\/\/toy2.com\/de\/wp-json\/wp\/v2\/types\/product"}],"replies":[{"embeddable":true,"href":"https:\/\/toy2.com\/de\/wp-json\/wp\/v2\/comments?post=7468"}],"wp:featuredmedia":[{"embeddable":true,"href":"https:\/\/toy2.com\/de\/wp-json\/wp\/v2\/media\/7323"}],"wp:attachment":[{"href":"https:\/\/toy2.com\/de\/wp-json\/wp\/v2\/media?parent=7468"}],"wp:term":[{"taxonomy":"product_brand","embeddable":true,"href":"https:\/\/toy2.com\/de\/wp-json\/wp\/v2\/product_brand?post=7468"},{"taxonomy":"product_cat","embeddable":true,"href":"https:\/\/toy2.com\/de\/wp-json\/wp\/v2\/product_cat?post=7468"},{"taxonomy":"product_tag","embeddable":true,"href":"https:\/\/toy2.com\/de\/wp-json\/wp\/v2\/product_tag?post=7468"}],"curies":[{"name":"wp","href":"https:\/\/api.w.org\/{rel}","templated":true}]}}