{"id":7451,"date":"2022-09-23T07:58:44","date_gmt":"2022-09-23T07:58:44","guid":{"rendered":"https:\/\/toy2.com\/vare\/track-connectors-allround-xl\/"},"modified":"2023-11-02T09:27:36","modified_gmt":"2023-11-02T09:27:36","slug":"track-connectors-allround-xl","status":"publish","type":"product","link":"https:\/\/toy2.com\/de\/vare\/track-connectors-allround-xl\/","title":{"rendered":"Allround XL<br> 41 TEILE"},"content":{"rendered":"<p>&nbsp;<\/p>\n<p><strong>Die Box enth\u00e4lt 41 Track Connectors.<\/strong><\/p>\n<table>\n<tbody>\n<tr>\n<th>Basis<\/th>\n<th>Double-blank<\/th>\n<th>Double-tab<\/th>\n<\/tr>\n<tr>\n<td style=\"text-align: center;\">12<\/td>\n<td style=\"text-align: center;\">5<\/td>\n<td style=\"text-align: center;\">3<\/td>\n<\/tr>\n<tr>\n<td style=\"text-align: center;\"><img decoding=\"async\" class=\"alignnone wp-image-12076 size-full\" src=\"https:\/\/toy2.com\/wp-content\/uploads\/2022\/09\/Basis-3.png\" alt=\"\" width=\"63\" height=\"63\" \/><\/td>\n<td style=\"text-align: center;\"><img decoding=\"async\" class=\"alignnone wp-image-12079 size-full\" src=\"https:\/\/toy2.com\/wp-content\/uploads\/2022\/09\/Double-female-1.png\" alt=\"\" width=\"63\" height=\"63\" \/><\/td>\n<td style=\"text-align: center;\"><img decoding=\"async\" class=\"alignnone wp-image-12082 size-full\" src=\"https:\/\/toy2.com\/wp-content\/uploads\/2022\/09\/Double-male-1.png\" alt=\"\" width=\"64\" height=\"64\" \/><\/td>\n<\/tr>\n<tr>\n<td style=\"text-align: center;\"><strong>Anchor<\/strong><\/td>\n<td style=\"text-align: center;\"><strong>Straight<\/strong><\/td>\n<td style=\"text-align: center;\"><strong>Intersection<\/strong><\/td>\n<\/tr>\n<tr>\n<td style=\"text-align: center;\">10<\/td>\n<td style=\"text-align: center;\">10<\/td>\n<td style=\"text-align: center;\">1<\/td>\n<\/tr>\n<tr>\n<th><img loading=\"lazy\" decoding=\"async\" class=\"alignnone wp-image-12073 size-full\" style=\"font-weight: 400;\" src=\"https:\/\/toy2.com\/wp-content\/uploads\/2022\/09\/Anchor-1.png\" alt=\"\" width=\"64\" height=\"63\" \/><\/th>\n<th><img loading=\"lazy\" decoding=\"async\" class=\"alignnone wp-image-12088 size-full\" src=\"https:\/\/toy2.com\/wp-content\/uploads\/2022\/09\/Straight-1.png\" alt=\"\" width=\"63\" height=\"63\" \/><\/th>\n<th><img loading=\"lazy\" decoding=\"async\" class=\"alignnone wp-image-12085 size-full\" src=\"https:\/\/toy2.com\/wp-content\/uploads\/2022\/09\/Intersection-1.png\" alt=\"\" width=\"64\" height=\"63\" \/><\/th>\n<\/tr>\n<\/tbody>\n<\/table>\n<p>&nbsp;<\/p>\n<table>\n<tbody>\n<tr>\n<th><strong>Alter<\/strong><\/th>\n<th><strong>Prima Erg\u00e4nzung f\u00fcr<\/strong><\/th>\n<th>Wie viele Kinder k\u00f6nnen zusammen spielen<\/th>\n<th><strong>Schwierigkeit<\/strong><\/th>\n<\/tr>\n<tr>\n<td style=\"text-align: center;\">4+ <span style=\"font-weight: 400;\">Jahre<\/span><\/td>\n<td style=\"text-align: center;\"><span style=\"font-weight: 400;\">Gr\u00f6\u00dferen Sammlungen von 30+ Schiene<\/span><\/td>\n<td style=\"text-align: center;\"><span style=\"font-weight: 400;\">F\u00fcr 2-4 children <\/span><\/td>\n<td style=\"text-align: center;\">\n<pre id=\"tw-target-text\" class=\"tw-data-text tw-text-large tw-ta\" dir=\"ltr\" data-placeholder=\"Translation\"><span class=\"Y2IQFc\" lang=\"de\">Fortschrittlich<\/span><\/pre>\n<\/td>\n<\/tr>\n<\/tbody>\n<\/table>\n<p>&nbsp;<\/p>\n<p><strong>\u00dcber Track Connectors:<\/strong><\/p>\n<ul>\n<li style=\"font-weight: 400;\" aria-level=\"1\"><span style=\"font-weight: 400;\">Alle Arten der Toy2 Track Connector sind so hergestellt, dass sie die gleiche Schienenh\u00f6he erm\u00f6glichen, was eine flache und stabile Strecke garantiert &#8211; auch wenn die Konstruktion fortgeschritten ist.\u00a0<\/span><\/li>\n<li style=\"font-weight: 400;\" aria-level=\"1\"><span style=\"font-weight: 400;\">Alle Track Connector Bausteine sind derart hergestellt, dass sie in der Mitte von DUPLO \/ BiOBUDDi Platten, f\u00fcr die gr\u00f6\u00dftm\u00f6gliche Stabilit\u00e4t sorgen, um vielf\u00e4ltige M\u00f6glichkeiten und kreativen Spielraum im Konstruieren zu bieten.<\/span><\/li>\n<li style=\"font-weight: 400;\" aria-level=\"1\"><span style=\"font-weight: 400;\">Track Connectors zur Verbindung von DUPLO\u00ae, BioBUDDi, Hubelino, Unico u.a. mit Holzeisenbahnen von BRIO, Ikea Lillabo, Melissa, Bigjigs, Little Dutch, VIGA, Hape, u.a.<\/span><\/li>\n<\/ul>\n<div class=\"m-product-short-description ck-content clearfix\" data-controller=\"description--short\"><\/div>\n","protected":false},"excerpt":{"rendered":"<p><strong>Allround XL <\/strong><span style=\"font-weight: 400;\">erm\u00f6glicht abwechslungsreiche und fortgeschrittenere Konstruktionen. <\/span><span style=\"font-weight: 400;\">Es bietet gute M\u00f6glichkeiten f\u00fcr unterschiedliche Arten von Konstruktionen. So l\u00e4sst sich auf zwei und mehreren Ebenen mit Bausteinen als S\u00e4ulen bauen oder auch kompaktere Bauten mit vielen Bausteinen und Platten errichten.\u00a0<\/span><\/p>\n<p><span style=\"font-weight: 400;\"><strong>Super f\u00fcr Bauprojekte und Konstruktionen mit vielen Bausteinen.<\/strong> <\/span><span style=\"font-weight: 400;\">Die Box enth\u00e4lt bis zu 6 verschiedene Track Connectors in mehreren Farben.<\/span><\/p>\n<p><span style=\"font-weight: 400;\"><strong>Kinder kennen und lieben DUPLO\u00ae und BRIO\u00ae,<\/strong> das Spielzeug, mit dem wir seit Generationen spielen und an dem wir immer noch Freude haben! <strong>Doch, hast du schon einmal probiert, mit beiden gleichzeitig zu spielen?<\/strong> Mit den neuen Schienenverbindern bekommst du kleine Verbinder mit gro\u00dfer Wirkung. Jetzt kannst du Spielzeug, das du bereits besitzt, miteinander kombinieren und erh\u00e4ltst pl\u00f6tzlich eine ganze Reihe neuer M\u00f6glichkeiten, coole, wilde und stabilere Zugstrecken zu errichten. <\/span><span style=\"font-weight: 400;\">Baue steil nach oben, rundherum und baue dabei immer sicher und stabil. <\/span><\/p>\n<p><span style=\"font-weight: 400;\">Track Connectors eignet sich f\u00fcr Beginner und erfahrene Spieler:innen, die ausprobieren m\u00f6chten, Holzschienen f\u00fcr Eisenbahnen und Bausteine zusammenzuf\u00fchren.<\/span><\/p>\n<p><em><span style=\"font-weight: 400;\">Bitte beachte: <\/span><span style=\"font-weight: 400;\">Enth\u00e4lt keine Bausteine oder Holzeisenbahnschienen.<\/span><\/em><\/p>\n","protected":false},"featured_media":23398,"comment_status":"closed","ping_status":"closed","template":"","meta":{"_acf_changed":false,"inline_featured_image":false},"product_brand":[],"product_cat":[219,418,85],"product_tag":[214],"class_list":{"0":"post-7451","1":"product","2":"type-product","3":"status-publish","4":"has-post-thumbnail","6":"product_cat-advanced-de","7":"product_cat-allround-de","8":"product_cat-standard-de","9":"product_tag-free-shipping-de","11":"first","12":"instock","13":"featured","14":"taxable","15":"shipping-taxable","16":"purchasable","17":"product-type-simple"},"acf":[],"_links":{"self":[{"href":"https:\/\/toy2.com\/de\/wp-json\/wp\/v2\/product\/7451","targetHints":{"allow":["GET"]}}],"collection":[{"href":"https:\/\/toy2.com\/de\/wp-json\/wp\/v2\/product"}],"about":[{"href":"https:\/\/toy2.com\/de\/wp-json\/wp\/v2\/types\/product"}],"replies":[{"embeddable":true,"href":"https:\/\/toy2.com\/de\/wp-json\/wp\/v2\/comments?post=7451"}],"wp:featuredmedia":[{"embeddable":true,"href":"https:\/\/toy2.com\/de\/wp-json\/wp\/v2\/media\/23398"}],"wp:attachment":[{"href":"https:\/\/toy2.com\/de\/wp-json\/wp\/v2\/media?parent=7451"}],"wp:term":[{"taxonomy":"product_brand","embeddable":true,"href":"https:\/\/toy2.com\/de\/wp-json\/wp\/v2\/product_brand?post=7451"},{"taxonomy":"product_cat","embeddable":true,"href":"https:\/\/toy2.com\/de\/wp-json\/wp\/v2\/product_cat?post=7451"},{"taxonomy":"product_tag","embeddable":true,"href":"https:\/\/toy2.com\/de\/wp-json\/wp\/v2\/product_tag?post=7451"}],"curies":[{"name":"wp","href":"https:\/\/api.w.org\/{rel}","templated":true}]}}