{"id":7288,"date":"2022-09-23T12:08:56","date_gmt":"2022-10-07T09:47:13","guid":{"rendered":"https:\/\/toy2.com\/?post_type=product&#038;p=7288"},"modified":"2023-11-27T11:19:20","modified_gmt":"2023-11-27T11:19:20","slug":"40-basis-track-connectors-intersection","status":"publish","type":"product","link":"https:\/\/toy2.com\/de\/vare\/40-basis-track-connectors-intersection\/","title":{"rendered":"40 Basis Track Connectors + Intersection<br> 43 TEILE"},"content":{"rendered":"<p><strong>Die Box enth\u00e4lt 43 Track Connectors.<\/strong><\/p>\n<p>&nbsp;<\/p>\n<table>\n<tbody>\n<tr>\n<th>Basis<\/th>\n<th>Intersection<\/th>\n<th>Double-blank<\/th>\n<\/tr>\n<tr>\n<td style=\"text-align: center;\">40<\/td>\n<td style=\"text-align: center;\">1<\/td>\n<td style=\"text-align: center;\">2<\/td>\n<\/tr>\n<tr>\n<td style=\"text-align: center;\"><img decoding=\"async\" class=\"alignnone wp-image-6282\" src=\"https:\/\/toy2.com\/wp-content\/uploads\/2022\/09\/Basis-track-connector-600x600.png\" alt=\"\" width=\"52\" height=\"52\" srcset=\"https:\/\/toy2.com\/wp-content\/uploads\/2022\/09\/Basis-track-connector-600x600.png 600w, https:\/\/toy2.com\/wp-content\/uploads\/2022\/09\/Basis-track-connector-300x300.png 300w, https:\/\/toy2.com\/wp-content\/uploads\/2022\/09\/Basis-track-connector-100x100.png 100w, https:\/\/toy2.com\/wp-content\/uploads\/2022\/09\/Basis-track-connector-768x767.png 768w, https:\/\/toy2.com\/wp-content\/uploads\/2022\/09\/Basis-track-connector.png 800w\" sizes=\"(max-width: 52px) 100vw, 52px\" \/><\/td>\n<td style=\"text-align: center;\"><img decoding=\"async\" class=\"alignnone wp-image-6284\" src=\"https:\/\/toy2.com\/wp-content\/uploads\/2022\/09\/Intersection-track-connector-600x600.png\" alt=\"\" width=\"52\" height=\"52\" srcset=\"https:\/\/toy2.com\/wp-content\/uploads\/2022\/09\/Intersection-track-connector-600x600.png 600w, https:\/\/toy2.com\/wp-content\/uploads\/2022\/09\/Intersection-track-connector-300x300.png 300w, https:\/\/toy2.com\/wp-content\/uploads\/2022\/09\/Intersection-track-connector-100x100.png 100w, https:\/\/toy2.com\/wp-content\/uploads\/2022\/09\/Intersection-track-connector-768x767.png 768w, https:\/\/toy2.com\/wp-content\/uploads\/2022\/09\/Intersection-track-connector.png 800w\" sizes=\"(max-width: 52px) 100vw, 52px\" \/><\/td>\n<td style=\"text-align: center;\"><img decoding=\"async\" class=\"alignnone wp-image-6286\" src=\"https:\/\/toy2.com\/wp-content\/uploads\/2022\/09\/DoubleBlank-track-connector-600x600.png\" alt=\"\" width=\"52\" height=\"52\" srcset=\"https:\/\/toy2.com\/wp-content\/uploads\/2022\/09\/DoubleBlank-track-connector-600x600.png 600w, https:\/\/toy2.com\/wp-content\/uploads\/2022\/09\/DoubleBlank-track-connector-300x300.png 300w, https:\/\/toy2.com\/wp-content\/uploads\/2022\/09\/DoubleBlank-track-connector-100x100.png 100w, https:\/\/toy2.com\/wp-content\/uploads\/2022\/09\/DoubleBlank-track-connector-768x767.png 768w, https:\/\/toy2.com\/wp-content\/uploads\/2022\/09\/DoubleBlank-track-connector.png 800w\" sizes=\"(max-width: 52px) 100vw, 52px\" \/><\/td>\n<\/tr>\n<\/tbody>\n<\/table>\n<p>&nbsp;<\/p>\n<table>\n<tbody>\n<tr>\n<th><strong>Alter<\/strong><\/th>\n<th><strong>Prima Erg\u00e4nzung f\u00fcr<\/strong><\/th>\n<th>Wie viele Kinder k\u00f6nnen zusammen spielen<\/th>\n<th><strong>Schwierigkeit<\/strong><\/th>\n<\/tr>\n<tr>\n<td style=\"text-align: center;\">3+ <span style=\"font-weight: 400;\">Jahre<\/span><\/td>\n<td style=\"text-align: center;\"><span style=\"font-weight: 400;\">Gr\u00f6\u00dferen Sammlungen von 30+ Schiene<\/span><\/td>\n<td style=\"text-align: center;\"><span style=\"font-weight: 400;\">F\u00fcr 2-3 children <\/span><\/td>\n<td style=\"text-align: center;\"><span style=\"font-weight: 400;\">Mittel<\/span><\/td>\n<\/tr>\n<\/tbody>\n<\/table>\n<p>&nbsp;<\/p>\n<p><strong>\u00dcber Track Connectors:<\/strong><\/p>\n<ul>\n<li style=\"font-weight: 400;\" aria-level=\"1\"><span style=\"font-weight: 400;\">Alle Arten der Toy2 Track Connector sind so hergestellt, dass sie die gleiche Schienenh\u00f6he erm\u00f6glichen, was eine flache und stabile Strecke garantiert &#8211; auch wenn die Konstruktion fortgeschritten ist.\u00a0<\/span><\/li>\n<li style=\"font-weight: 400;\" aria-level=\"1\"><span style=\"font-weight: 400;\">Alle Track Connector Bausteine sind derart hergestellt, dass sie in der Mitte von DUPLO \/ BiOBUDDi Platten, f\u00fcr die gr\u00f6\u00dftm\u00f6gliche Stabilit\u00e4t sorgen, um vielf\u00e4ltige M\u00f6glichkeiten und kreativen Spielraum im Konstruieren zu bieten.<\/span><\/li>\n<li style=\"font-weight: 400;\" aria-level=\"1\"><span style=\"font-weight: 400;\">Track Connectors zur Verbindung von DUPLO\u00ae, BioBUDDi, Hubelino, Unico u.a. mit Holzeisenbahnen von BRIO, Ikea Lillabo, Melissa, Bigjigs, Little Dutch, VIGA, Hape, u.a.<\/span><\/li>\n<\/ul>\n<p>&nbsp;<\/p>\n<p><strong>Mehr \u00fcber Track Connectors:<\/strong><\/p>\n<p><strong>40 Basis<\/strong><br \/>\nDas Track Connector kann mit Holzschienen, &#8222;weiblich&#8220; und &#8222;m\u00e4nnlich&#8220; verbunden werden. Er ist so gemacht, dass er zu allen Generationen von Holzschienen passt.<br \/>\nObwohl Track Connectors zu 2&#215;2 Legobausteine passen, dann sind alle Track Connectors so gemacht, dass sie auch in der Mitte von einer Platte von DUPLO oder BiOBUDDi platziert werden k\u00f6nnen. Dann gibt es Raum f\u00fcr mehr Kreativit\u00e4t.<br \/>\nDas Basis Track Connector ist leicht zu verwenden und seine Funktion ist sehr intuitiv. Es ist das prim\u00e4re Werkzeug, wenn Sie mit TOY2 Track Connectors bauen.<\/p>\n<p><strong>2 Double Blank<\/strong><br \/>\nTOY2 Track Connector Wechsler entfernen Begrenzungen, wenn zwei gleiche Enden treffen. Eine Holzschiene hat ja zwei verschiedene Enden. Mit Wechsel Weibling kann die Richtung ge\u00e4ndert werden.<\/p>\n<p><strong>1 Intersection<\/strong><br \/>\nMit der Kreuzung von TOY2 Track Connector k\u00f6nnen die Schienen sich kreuzen auf der selben Ebene. Ohne dieses Connector ist Schienenkreuzung nur m\u00f6glich, wenn die Schienen \u00fcber oder unter einander sich kreuzen.<br \/>\nSie sind locker gemacht, sodass sie verschiedenen Schienen unterst\u00fctzen. Und deshalb kann man Schienen mit dem Connector verbinden, auch wenn sie mit einander nicht genau zusammenpassen. Der Kreuzung Connector ist notwendig, wenn man komplizierte Bauwerke bauen m\u00f6chte.<\/p>\n<div class=\"m-product-short-description ck-content clearfix\" data-controller=\"description--short\"><\/div>\n","protected":false},"excerpt":{"rendered":"<p><strong>Track Connectors 40 Basis Connectors and Intersection <\/strong><span style=\"font-weight: 400;\">ist ein gutes Starter-Set und\/oder ideal als Erg\u00e4nzung zu allen anderen Track Connector Sets, wenn deine Ambitionen steigen! <\/span><\/p>\n","protected":false},"featured_media":7280,"comment_status":"closed","ping_status":"closed","template":"","meta":{"_acf_changed":false,"inline_featured_image":false},"product_brand":[],"product_cat":[423,228,78,85,86],"product_tag":[214],"class_list":{"0":"post-7288","1":"product","2":"type-product","3":"status-publish","4":"has-post-thumbnail","6":"product_cat-basic-de","7":"product_cat-beginner-sets-de","8":"product_cat-new-arrivals-de","9":"product_cat-standard-de","10":"product_cat-standard-pakker-de","11":"product_tag-free-shipping-de","13":"first","14":"instock","15":"featured","16":"taxable","17":"shipping-taxable","18":"purchasable","19":"product-type-simple"},"acf":[],"_links":{"self":[{"href":"https:\/\/toy2.com\/de\/wp-json\/wp\/v2\/product\/7288","targetHints":{"allow":["GET"]}}],"collection":[{"href":"https:\/\/toy2.com\/de\/wp-json\/wp\/v2\/product"}],"about":[{"href":"https:\/\/toy2.com\/de\/wp-json\/wp\/v2\/types\/product"}],"replies":[{"embeddable":true,"href":"https:\/\/toy2.com\/de\/wp-json\/wp\/v2\/comments?post=7288"}],"wp:featuredmedia":[{"embeddable":true,"href":"https:\/\/toy2.com\/de\/wp-json\/wp\/v2\/media\/7280"}],"wp:attachment":[{"href":"https:\/\/toy2.com\/de\/wp-json\/wp\/v2\/media?parent=7288"}],"wp:term":[{"taxonomy":"product_brand","embeddable":true,"href":"https:\/\/toy2.com\/de\/wp-json\/wp\/v2\/product_brand?post=7288"},{"taxonomy":"product_cat","embeddable":true,"href":"https:\/\/toy2.com\/de\/wp-json\/wp\/v2\/product_cat?post=7288"},{"taxonomy":"product_tag","embeddable":true,"href":"https:\/\/toy2.com\/de\/wp-json\/wp\/v2\/product_tag?post=7288"}],"curies":[{"name":"wp","href":"https:\/\/api.w.org\/{rel}","templated":true}]}}