{"id":31587,"date":"2024-11-22T19:32:54","date_gmt":"2024-11-22T19:32:54","guid":{"rendered":"https:\/\/toy2.com\/?post_type=product&#038;p=31587"},"modified":"2024-12-18T16:36:43","modified_gmt":"2024-12-18T16:36:43","slug":"8-slopes-8-teile-copy","status":"publish","type":"product","link":"https:\/\/toy2.com\/de\/vare\/8-slopes-8-teile-copy\/","title":{"rendered":"8 + 8 Slopes<br> 16 TEILE"},"content":{"rendered":"<p><strong>8 + 8 Slopes<br \/>\n<\/strong><\/p>\n<p>Slopes eignen sich hervorragend um an H\u00f6he, Steigung und Spa\u00df zuzulegen, wenn du sie mit Bausteinen und Holzeisenbahnschienen und anderen Track Connectors verbindest. Baue meterlange absch\u00fcssige Strecken mit dieser Menge an Neigungen.<\/p>\n<p>Mit Slope kannst du deine Konstruktionen neigen, sodass deine Z\u00fcge so richtig an Geschwindigkeit aufnehmen k\u00f6nnen.<\/p>\n<p>Mit 8 Slopes kannst du entweder viele Steigungen und Rampen bauen, oder sie zu einer ultimativen Rampe kombinieren, wenn du sie aneinanderbaust.<\/p>\n<p>Du kannst lange absch\u00fcssige Strecken bauen, oder zwei nebeneinandersetzen und somit deine Z\u00fcge gegeneinander antreten lassen. Wer kommt die Piste schneller runter?<\/p>\n<table>\n<tbody>\n<tr>\n<th>Slopes<\/th>\n<\/tr>\n<tr>\n<td style=\"text-align: center;\">8<\/td>\n<\/tr>\n<tr>\n<td style=\"text-align: center;\"><img decoding=\"async\" class=\"alignnone wp-image-9958\" src=\"https:\/\/toy2.com\/wp-content\/uploads\/2022\/12\/slope-content-image.png\" alt=\"\" width=\"52\" height=\"52\" \/><\/td>\n<\/tr>\n<\/tbody>\n<\/table>\n<p>Mit Slope kannst du deine Bausteine neigen und somit steile absch\u00fcssige Strecken errichten, auf denen deine Z\u00fcge enorm schnell werden k\u00f6nnen.<\/p>\n<p>Slope ist ein kleiner Baustein dessen oberer Teil um 9 Grad geneigt wurde, sodass deine Z\u00fcge spielendleicht an Geschwindigkeit zulegen k\u00f6nnen.<\/p>\n<p>Wenn dir 9 Grad Neigung nicht ausreichen, kannst du mehrere Slopes miteinander kombinieren und so 18, 27, 36 und mehr Grad erreichen!<\/p>\n<p>Mit Slopes k\u00f6nnen deine Z\u00fcge so schnell rasen, dass sie \u00fcber Kluften und Spalten springen k\u00f6nnen. Hinweis: Benutze Bausteine oder Platten, um die Absprung- und Landezonen aufeinander abzustimmen.<\/p>\n<p>Slope erm\u00f6glicht vollkommen neue Wege, um hoch hinaus und tief runterzubauen. Verwirkliche deine wildesten Streckenfantasien!<\/p>\n<table>\n<tbody>\n<tr>\n<th><strong>Alter<\/strong><\/th>\n<th><strong>Prima Erg\u00e4nzung f\u00fcr<\/strong><\/th>\n<th>Wie viele Kinder k\u00f6nnen zusammen spielen<\/th>\n<th><strong>Schwierigkeit<\/strong><\/th>\n<\/tr>\n<tr>\n<td style=\"text-align: center;\">18+ Monate<\/td>\n<td style=\"text-align: center;\">Kleinere Sammlung<\/td>\n<td style=\"text-align: center;\"><span style=\"font-weight: 400;\">F\u00fcr 1-2 children <\/span><\/td>\n<td style=\"text-align: center;\"><span style=\"font-weight: 400;\">Mittel<\/span><\/td>\n<\/tr>\n<\/tbody>\n<\/table>\n","protected":false},"excerpt":{"rendered":"<p><strong>8 + 8 Slopes <\/strong>eignen sich hervorragend um an H\u00f6he, Steigung und Spa\u00df zuzulegen, wenn du sie mit Bausteinen und Holzeisenbahnschienen und anderen Track Connectors verbindest. Baue meterlange absch\u00fcssige Strecken mit dieser Menge an Neigungen.<\/p>\n","protected":false},"featured_media":31501,"comment_status":"closed","ping_status":"closed","template":"","meta":{"_acf_changed":false,"inline_featured_image":false},"product_brand":[],"product_cat":[466,77,440,453,87,436],"product_tag":[],"class_list":{"0":"post-31587","1":"product","2":"type-product","3":"status-publish","4":"has-post-thumbnail","6":"product_cat-black-week-de-2","7":"product_cat-exclusive-on-toy2-com-de","8":"product_cat-slopes-de","9":"product_cat-special-de","10":"product_cat-ukategoriseret-de","11":"product_cat-weekly-deal-de","13":"first","14":"instock","15":"sale","16":"featured","17":"taxable","18":"shipping-taxable","19":"purchasable","20":"product-type-simple"},"acf":[],"_links":{"self":[{"href":"https:\/\/toy2.com\/de\/wp-json\/wp\/v2\/product\/31587","targetHints":{"allow":["GET"]}}],"collection":[{"href":"https:\/\/toy2.com\/de\/wp-json\/wp\/v2\/product"}],"about":[{"href":"https:\/\/toy2.com\/de\/wp-json\/wp\/v2\/types\/product"}],"replies":[{"embeddable":true,"href":"https:\/\/toy2.com\/de\/wp-json\/wp\/v2\/comments?post=31587"}],"wp:featuredmedia":[{"embeddable":true,"href":"https:\/\/toy2.com\/de\/wp-json\/wp\/v2\/media\/31501"}],"wp:attachment":[{"href":"https:\/\/toy2.com\/de\/wp-json\/wp\/v2\/media?parent=31587"}],"wp:term":[{"taxonomy":"product_brand","embeddable":true,"href":"https:\/\/toy2.com\/de\/wp-json\/wp\/v2\/product_brand?post=31587"},{"taxonomy":"product_cat","embeddable":true,"href":"https:\/\/toy2.com\/de\/wp-json\/wp\/v2\/product_cat?post=31587"},{"taxonomy":"product_tag","embeddable":true,"href":"https:\/\/toy2.com\/de\/wp-json\/wp\/v2\/product_tag?post=31587"}],"curies":[{"name":"wp","href":"https:\/\/api.w.org\/{rel}","templated":true}]}}