{"id":21674,"date":"2022-09-01T11:51:57","date_gmt":"2022-09-01T11:51:57","guid":{"rendered":"https:\/\/toy2.com\/vare\/allround-small\/"},"modified":"2023-11-02T09:35:06","modified_gmt":"2023-11-02T09:35:06","slug":"allround-small","status":"publish","type":"product","link":"https:\/\/toy2.com\/de\/vare\/allround-small\/","title":{"rendered":"Allround Small<br> 8 TEILE"},"content":{"rendered":"<p><strong>Allround Small enth\u00e4lt 8 Track Connectors.<\/strong><\/p>\n<table>\n<tbody>\n<tr>\n<th>Basis<\/th>\n<th>Double Female<\/th>\n<th>Double Male<\/th>\n<th>Intersection<\/th>\n<\/tr>\n<tr>\n<td style=\"text-align: center;\">4<\/td>\n<td style=\"text-align: center;\">1<\/td>\n<td style=\"text-align: center;\">1<\/td>\n<td style=\"text-align: center;\">0<\/td>\n<\/tr>\n<tr>\n<td style=\"text-align: center;\"><img decoding=\"async\" class=\"alignnone wp-image-4253 size-full\" src=\"https:\/\/toy2.com\/wp-content\/uploads\/2022\/04\/Basis-Black.png\" alt=\"\" width=\"50\" height=\"50\" \/><\/td>\n<td style=\"text-align: center;\"><img decoding=\"async\" class=\"alignnone size-full wp-image-4259\" src=\"https:\/\/toy2.com\/wp-content\/uploads\/2022\/04\/Double-female.png\" alt=\"\" width=\"50\" height=\"50\" \/><\/td>\n<td style=\"text-align: center;\"><img decoding=\"async\" class=\"alignnone size-full wp-image-4261\" src=\"https:\/\/toy2.com\/wp-content\/uploads\/2022\/04\/Double-male.png\" alt=\"\" width=\"50\" height=\"50\" \/><\/td>\n<td style=\"text-align: center;\"><img loading=\"lazy\" decoding=\"async\" class=\"alignnone size-full wp-image-4243\" src=\"https:\/\/toy2.com\/wp-content\/uploads\/2022\/04\/Untitled-design-68.png\" alt=\"\" width=\"50\" height=\"50\" \/><\/td>\n<\/tr>\n<tr>\n<td style=\"text-align: center;\"><strong>Anchor<\/strong><\/td>\n<td style=\"text-align: center;\"><strong>Straight<\/strong><\/td>\n<td style=\"text-align: center;\"><\/td>\n<\/tr>\n<tr>\n<td style=\"text-align: center;\">1<\/td>\n<td style=\"text-align: center;\">1<\/td>\n<td style=\"text-align: center;\"><\/td>\n<\/tr>\n<tr>\n<th><img loading=\"lazy\" decoding=\"async\" class=\"alignnone size-full wp-image-4265\" src=\"https:\/\/toy2.com\/wp-content\/uploads\/2022\/04\/Straight-1.png\" alt=\"\" width=\"50\" height=\"50\" \/><\/th>\n<th><img loading=\"lazy\" decoding=\"async\" class=\"alignnone size-full wp-image-4257\" src=\"https:\/\/toy2.com\/wp-content\/uploads\/2022\/04\/Anchor.png\" alt=\"\" width=\"50\" height=\"50\" \/><\/th>\n<th><\/th>\n<\/tr>\n<\/tbody>\n<\/table>\n<p>&nbsp;<\/p>\n<table>\n<tbody>\n<tr>\n<th><strong>Alter<\/strong><\/th>\n<th><strong>Prima Erg\u00e4nzung f\u00fcr<\/strong><\/th>\n<th>Wie viele Kinder k\u00f6nnen zusammen spielen<\/th>\n<th><strong>Schwierigkeit<\/strong><\/th>\n<\/tr>\n<tr>\n<td style=\"text-align: center;\">18+ Monate<\/td>\n<td style=\"text-align: center;\">Kleinere Sammlung<\/td>\n<td style=\"text-align: center;\"><span style=\"font-weight: 400;\">F\u00fcr 1-2 children <\/span><\/td>\n<td style=\"text-align: center;\"><span style=\"font-weight: 400;\">Mittel<\/span><\/td>\n<\/tr>\n<\/tbody>\n<\/table>\n<p><strong>\u00dcber dieses Produkt<\/strong><\/p>\n<ul>\n<li>Ideal f\u00fcr kleine geniale Bauprojekte<\/li>\n<li>Perfekt f\u00fcr den typischen Anf\u00e4nger und kleinere Best\u00e4nde an Plastikbl\u00f6cken und Holzeisenbahnschienen<\/li>\n<li>Mit den verschiedenen Gleisverbindern kann man in 2 oder mehr Ebenen bauen und leicht \u00fcber T\u00fcrschwellen und um M\u00f6bel herum gelangen usw.<\/li>\n<li>Verbindet DUPLO\u00ae, Hubelino, BioBUDDi und \u00e4hnliche mit Holzschienen von BRIO\u00ae, Ikea, VIGA etc.<\/li>\n<\/ul>\n<div class=\"m-product-short-description ck-content clearfix\" data-controller=\"description--short\"><\/div>\n","protected":false},"excerpt":{"rendered":"<p>Mit dem Allround Small lassen sich verschlungene Zugstrecken in vielen Ebenen bauen. Der Allround Small eignet sich zum Ausprobieren der verschiedenen Steckverbindungen. Gro\u00dfartig, um Kinder und Eltern zum kreativen, spielerischen Lernen herauszufordern.<\/p>\n<p>Alle Kinder kennen und lieben sowohl DUPLO\u00ae als auch BRIO\u00ae. Spielzeuge, mit denen wir seit Generationen spielen und mit denen es immer noch Spa\u00df macht, zu bauen. Aber haben Sie schon einmal versucht, mit beiden gleichzeitig zu spielen? Mit den neuen TOY2 Schienenverbindern erhalten Sie kleine Verbinder mit gro\u00dfem Wert. Jetzt k\u00f6nnen Sie die Spielzeuge, die Sie schon haben, miteinander verbinden und pl\u00f6tzlich ergeben sich ganz neue M\u00f6glichkeiten f\u00fcr noch coolere, wildere und stabilere Bahnstrecken.<\/p>\n<p>Bauen Sie auf, bauen Sie rund, bauen Sie sicher. Track Connectors sind f\u00fcr Bauherren, die versuchen wollen, Plastikbausteine und Holzeisenbahnschienen miteinander zu verbinden. Holen Sie viel mehr aus Ihren DUPLO\u00ae und BRIO\u00ae heraus, indem Sie mit beiden bauen.<\/p>\n<p>NB: Bausteine und Schienen sind nicht im Lieferumfang enthalten.<\/p>\n","protected":false},"featured_media":31792,"comment_status":"closed","ping_status":"closed","template":"","meta":{"_acf_changed":false,"inline_featured_image":false},"product_brand":[],"product_cat":[418,228,78,446,85],"product_tag":[],"class_list":{"0":"post-21674","1":"product","2":"type-product","3":"status-publish","4":"has-post-thumbnail","6":"product_cat-allround-de","7":"product_cat-beginner-sets-de","8":"product_cat-new-arrivals-de","9":"product_cat-old-packages-de","10":"product_cat-standard-de","12":"first","13":"instock","14":"featured","15":"taxable","16":"shipping-taxable","17":"purchasable","18":"product-type-simple"},"acf":[],"_links":{"self":[{"href":"https:\/\/toy2.com\/de\/wp-json\/wp\/v2\/product\/21674","targetHints":{"allow":["GET"]}}],"collection":[{"href":"https:\/\/toy2.com\/de\/wp-json\/wp\/v2\/product"}],"about":[{"href":"https:\/\/toy2.com\/de\/wp-json\/wp\/v2\/types\/product"}],"replies":[{"embeddable":true,"href":"https:\/\/toy2.com\/de\/wp-json\/wp\/v2\/comments?post=21674"}],"wp:featuredmedia":[{"embeddable":true,"href":"https:\/\/toy2.com\/de\/wp-json\/wp\/v2\/media\/31792"}],"wp:attachment":[{"href":"https:\/\/toy2.com\/de\/wp-json\/wp\/v2\/media?parent=21674"}],"wp:term":[{"taxonomy":"product_brand","embeddable":true,"href":"https:\/\/toy2.com\/de\/wp-json\/wp\/v2\/product_brand?post=21674"},{"taxonomy":"product_cat","embeddable":true,"href":"https:\/\/toy2.com\/de\/wp-json\/wp\/v2\/product_cat?post=21674"},{"taxonomy":"product_tag","embeddable":true,"href":"https:\/\/toy2.com\/de\/wp-json\/wp\/v2\/product_tag?post=21674"}],"curies":[{"name":"wp","href":"https:\/\/api.w.org\/{rel}","templated":true}]}}