{"id":21028,"date":"2022-09-01T11:42:37","date_gmt":"2022-09-01T11:42:37","guid":{"rendered":"https:\/\/toy2.com\/vare\/allround-large\/"},"modified":"2023-11-02T09:37:34","modified_gmt":"2023-11-02T09:37:34","slug":"allround-large","status":"publish","type":"product","link":"https:\/\/toy2.com\/de\/vare\/allround-large\/","title":{"rendered":"Allround Large<br> 27 TEILE"},"content":{"rendered":"<p>Allround Large<\/p>\n<p>27 Track Connectors in den Farben schwarz und rot<\/p>\n<table>\n<tbody>\n<tr>\n<th>Basis<\/th>\n<th>Verankerung<\/th>\n<th>Gerade<\/th>\n<th>Double Blank<\/th>\n<th>Doppelter Tab<\/th>\n<th>Kreuzung<\/th>\n<\/tr>\n<tr>\n<td style=\"text-align: center;\">6<\/td>\n<td style=\"text-align: center;\">8<\/td>\n<td style=\"text-align: center;\">8<\/td>\n<td style=\"text-align: center;\">2<\/td>\n<td style=\"text-align: center;\">2<\/td>\n<td style=\"text-align: center;\">1<\/td>\n<\/tr>\n<tr>\n<td style=\"text-align: center;\"><img decoding=\"async\" class=\"alignnone wp-image-4253 size-full\" src=\"https:\/\/toy2.com\/wp-content\/uploads\/2022\/04\/Basis-Black.png\" alt=\"\" width=\"50\" height=\"50\" \/><\/td>\n<td style=\"text-align: center;\"><img decoding=\"async\" class=\"alignnone size-full wp-image-4257\" src=\"https:\/\/toy2.com\/wp-content\/uploads\/2022\/04\/Anchor.png\" alt=\"\" width=\"50\" height=\"50\" \/><\/td>\n<td style=\"text-align: center;\"><img decoding=\"async\" class=\"alignnone size-full wp-image-4265\" src=\"https:\/\/toy2.com\/wp-content\/uploads\/2022\/04\/Straight-1.png\" alt=\"\" width=\"50\" height=\"50\" \/><\/td>\n<td style=\"text-align: center;\"><img loading=\"lazy\" decoding=\"async\" class=\"alignnone size-full wp-image-4259\" src=\"https:\/\/toy2.com\/wp-content\/uploads\/2022\/04\/Double-female.png\" alt=\"\" width=\"50\" height=\"50\" \/><\/td>\n<td style=\"text-align: center;\"><img loading=\"lazy\" decoding=\"async\" class=\"alignnone size-full wp-image-4261\" src=\"https:\/\/toy2.com\/wp-content\/uploads\/2022\/04\/Double-male.png\" alt=\"\" width=\"50\" height=\"50\" \/><\/td>\n<td style=\"text-align: center;\"><img loading=\"lazy\" decoding=\"async\" class=\"alignnone size-full wp-image-4243\" src=\"https:\/\/toy2.com\/wp-content\/uploads\/2022\/04\/Untitled-design-68.png\" alt=\"\" width=\"50\" height=\"50\" \/><\/td>\n<\/tr>\n<\/tbody>\n<\/table>\n<p>&nbsp;<\/p>\n<table>\n<tbody>\n<tr>\n<th>Alter<\/th>\n<th>Erforderliche Menge an Steinen und Schienen<\/th>\n<th>Wie viele Kinder k\u00f6nnen zusammen spielen<\/th>\n<th>Schwierigkeitsgrad<\/th>\n<\/tr>\n<tr>\n<td style=\"text-align: center;\">18+ Monate<\/td>\n<td style=\"text-align: center;\">Mittlere Sammlung (30+ Titel)<\/td>\n<td style=\"text-align: center;\">2-4 Kinder im Alter von 3-10 Jahren<\/td>\n<td style=\"text-align: center;\">Zwischenbericht<\/td>\n<\/tr>\n<\/tbody>\n<\/table>\n<p>Mit all den verschiedenen Gleisverbindern k\u00f6nnen Sie 2 oder mehr Ebenen bauen und problemlos \u00fcber T\u00fcrschwellen und um M\u00f6bel herum gelangen usw. Perfekt f\u00fcr den Einstieg in den Gleisbau.<\/p>\n<p><strong>\u00dcber dieses Produkt<\/strong><\/p>\n<ul>\n<li>Ideal f\u00fcr den Bau fortgeschrittener und gro\u00dfer Bauprojekte<\/li>\n<li>Verbindet DUPLO\u00ae, Hubelino, BioBUDDi und \u00e4hnliche mit Holzschienen von BRIO\u00ae, IKEA und anderen.<\/li>\n<li>Perfekt f\u00fcr den typischen Anf\u00e4nger und Fortgeschrittenen sowie f\u00fcr kleinere und gr\u00f6\u00dfere Best\u00e4nde an Kunststoffbl\u00f6cken und Holzschienen<\/li>\n<\/ul>\n","protected":false},"excerpt":{"rendered":"<p>Enth\u00e4lt 27 TOY2 Gleisverbinder.<\/p>\n<p>Mit dem Allround Large k\u00f6nnen Sie ineinander verschlungene Bahnstrecken in vielen Ebenen bauen.<\/p>\n<p>Der Allround Large eignet sich zum Ausprobieren der verschiedenen Verbinder, aber auch zum Erreichen der n\u00e4chsten Baustufe. Gro\u00dfartig, um Kinder und Eltern beim kreativen, spielerischen Lernen herauszufordern.<\/p>\n<p>Kombiniert DUPLO\u00ae, Hubelino, BioBUDDi und \u00c4hnliches mit Eisenbahnschienen von BRIO\u00ae, Ikea, VIGA usw. NB: Baukl\u00f6tze und Schienen sind nicht im Lieferumfang enthalten.<\/p>\n","protected":false},"featured_media":11938,"comment_status":"closed","ping_status":"closed","template":"","meta":{"_acf_changed":false,"inline_featured_image":false},"product_brand":[],"product_cat":[418,77,241,446,85],"product_tag":[],"class_list":{"0":"post-21028","1":"product","2":"type-product","3":"status-publish","4":"has-post-thumbnail","6":"product_cat-allround-de","7":"product_cat-exclusive-on-toy2-com-de","8":"product_cat-intermediate-de","9":"product_cat-old-packages-de","10":"product_cat-standard-de","12":"first","13":"instock","14":"featured","15":"taxable","16":"shipping-taxable","17":"purchasable","18":"product-type-simple"},"acf":[],"_links":{"self":[{"href":"https:\/\/toy2.com\/de\/wp-json\/wp\/v2\/product\/21028","targetHints":{"allow":["GET"]}}],"collection":[{"href":"https:\/\/toy2.com\/de\/wp-json\/wp\/v2\/product"}],"about":[{"href":"https:\/\/toy2.com\/de\/wp-json\/wp\/v2\/types\/product"}],"replies":[{"embeddable":true,"href":"https:\/\/toy2.com\/de\/wp-json\/wp\/v2\/comments?post=21028"}],"wp:featuredmedia":[{"embeddable":true,"href":"https:\/\/toy2.com\/de\/wp-json\/wp\/v2\/media\/11938"}],"wp:attachment":[{"href":"https:\/\/toy2.com\/de\/wp-json\/wp\/v2\/media?parent=21028"}],"wp:term":[{"taxonomy":"product_brand","embeddable":true,"href":"https:\/\/toy2.com\/de\/wp-json\/wp\/v2\/product_brand?post=21028"},{"taxonomy":"product_cat","embeddable":true,"href":"https:\/\/toy2.com\/de\/wp-json\/wp\/v2\/product_cat?post=21028"},{"taxonomy":"product_tag","embeddable":true,"href":"https:\/\/toy2.com\/de\/wp-json\/wp\/v2\/product_tag?post=21028"}],"curies":[{"name":"wp","href":"https:\/\/api.w.org\/{rel}","templated":true}]}}