{"id":12155,"date":"2023-07-04T08:02:33","date_gmt":"2023-07-04T08:02:33","guid":{"rendered":"https:\/\/toy2.com\/?post_type=product&#038;p=12155"},"modified":"2023-11-02T09:28:27","modified_gmt":"2023-11-02T09:28:27","slug":"engineer-set","status":"publish","type":"product","link":"https:\/\/toy2.com\/de\/vare\/engineer-set\/","title":{"rendered":"Engineer Set<br> 64 TEILE"},"content":{"rendered":"<p><strong>Die Box enth\u00e4lt 64 Track Connectors.<br \/>\n<\/strong><\/p>\n<p>&nbsp;<\/p>\n<table>\n<tbody>\n<tr>\n<th>Basis<\/th>\n<th>Double-blank<\/th>\n<th>Double-tab<\/th>\n<\/tr>\n<tr>\n<td style=\"text-align: center;\">31<\/td>\n<td style=\"text-align: center;\">6<\/td>\n<td style=\"text-align: center;\">1<\/td>\n<\/tr>\n<tr>\n<td style=\"text-align: center;\"><img decoding=\"async\" class=\"alignnone wp-image-12076 size-full\" src=\"https:\/\/toy2.com\/wp-content\/uploads\/2022\/09\/Basis-3.png\" alt=\"\" width=\"63\" height=\"63\" \/><\/td>\n<td style=\"text-align: center;\"><img decoding=\"async\" class=\"alignnone wp-image-12079 size-full\" src=\"https:\/\/toy2.com\/wp-content\/uploads\/2022\/09\/Double-female-1.png\" alt=\"\" width=\"63\" height=\"63\" \/><\/td>\n<td style=\"text-align: center;\"><img decoding=\"async\" class=\"alignnone wp-image-12082 size-full\" src=\"https:\/\/toy2.com\/wp-content\/uploads\/2022\/09\/Double-male-1.png\" alt=\"\" width=\"64\" height=\"64\" \/><\/td>\n<\/tr>\n<tr>\n<td style=\"text-align: center;\"><strong>Anchor<\/strong><\/td>\n<td style=\"text-align: center;\"><strong>Straight<\/strong><\/td>\n<td style=\"text-align: center;\"><strong>Intersection<\/strong><\/td>\n<\/tr>\n<tr>\n<td style=\"text-align: center;\">12<\/td>\n<td style=\"text-align: center;\">12<\/td>\n<td style=\"text-align: center;\">2<\/td>\n<\/tr>\n<tr>\n<th><img loading=\"lazy\" decoding=\"async\" class=\"alignnone wp-image-12073 size-full\" style=\"font-weight: 400;\" src=\"https:\/\/toy2.com\/wp-content\/uploads\/2022\/09\/Anchor-1.png\" alt=\"\" width=\"64\" height=\"63\" \/><\/th>\n<th><img loading=\"lazy\" decoding=\"async\" class=\"alignnone wp-image-12088 size-full\" src=\"https:\/\/toy2.com\/wp-content\/uploads\/2022\/09\/Straight-1.png\" alt=\"\" width=\"63\" height=\"63\" \/><\/th>\n<th><img loading=\"lazy\" decoding=\"async\" class=\"alignnone wp-image-12085 size-full\" src=\"https:\/\/toy2.com\/wp-content\/uploads\/2022\/09\/Intersection-1.png\" alt=\"\" width=\"64\" height=\"63\" \/><\/th>\n<\/tr>\n<tr>\n<th>Slope<\/th>\n<th>Arches<\/th>\n<\/tr>\n<tr>\n<td style=\"text-align: center;\">12<\/td>\n<td style=\"text-align: center;\">24<\/td>\n<\/tr>\n<tr>\n<td style=\"text-align: center;\"><img loading=\"lazy\" decoding=\"async\" class=\"alignnone wp-image-12100\" src=\"https:\/\/toy2.com\/wp-content\/uploads\/2022\/09\/Slope.png\" alt=\"\" width=\"64\" height=\"64\" srcset=\"https:\/\/toy2.com\/wp-content\/uploads\/2022\/09\/Slope.png 113w, https:\/\/toy2.com\/wp-content\/uploads\/2022\/09\/Slope-100x100.png 100w\" sizes=\"(max-width: 64px) 100vw, 64px\" \/><\/td>\n<td style=\"text-align: center;\"><img loading=\"lazy\" decoding=\"async\" class=\"alignnone wp-image-12097\" src=\"https:\/\/toy2.com\/wp-content\/uploads\/2022\/09\/Arches.png\" alt=\"\" width=\"64\" height=\"63\" srcset=\"https:\/\/toy2.com\/wp-content\/uploads\/2022\/09\/Arches.png 114w, https:\/\/toy2.com\/wp-content\/uploads\/2022\/09\/Arches-100x100.png 100w\" sizes=\"(max-width: 64px) 100vw, 64px\" \/><\/td>\n<\/tr>\n<\/tbody>\n<\/table>\n<p>&nbsp;<\/p>\n<p><strong>Perfekt f\u00fcr den Start von gro\u00dfen und fortgeschrittenen Bauprojekten. <\/strong><span style=\"font-weight: 400;\">Gro\u00dfartig, um Kinder und Erwachsene, unabh\u00e4ngig des Altersunterschiedes, in einem kreativen Umfeld spielerisch herauszufordern. <\/span><span style=\"font-weight: 400;\">Die Box enth\u00e4lt eine Menge bunter Track Connectors mit allen verf\u00fcgbaren Schienenverbindern.<\/span><\/p>\n<p>&nbsp;<\/p>\n<p><strong>\u00dcber Track Connectors:<\/strong><\/p>\n<ul>\n<li style=\"font-weight: 400;\" aria-level=\"1\"><span style=\"font-weight: 400;\">Alle Arten der Toy2 Track Connector sind so hergestellt, dass sie die gleiche Schienenh\u00f6he erm\u00f6glichen, was eine flache und stabile Strecke garantiert &#8211; auch wenn die Konstruktion fortgeschritten ist.\u00a0<\/span><\/li>\n<li style=\"font-weight: 400;\" aria-level=\"1\"><span style=\"font-weight: 400;\">Alle Track Connector Bausteine sind derart hergestellt, dass sie in der Mitte von DUPLO \/ BiOBUDDi Platten, f\u00fcr die gr\u00f6\u00dftm\u00f6gliche Stabilit\u00e4t sorgen, um vielf\u00e4ltige M\u00f6glichkeiten und kreativen Spielraum im Konstruieren zu bieten.<\/span><\/li>\n<li style=\"font-weight: 400;\" aria-level=\"1\"><span style=\"font-weight: 400;\">Track Connectors zur Verbindung von DUPLO\u00ae, BioBUDDi, Hubelino, Unico u.a. mit Holzeisenbahnen von BRIO, Ikea Lillabo, Melissa, Bigjigs, Little Dutch, VIGA, Hape, u.a.<\/span><\/li>\n<\/ul>\n<p>&nbsp;<\/p>\n<p><strong>31 Basis<\/strong><br \/>\nDas Track Connector kann mit Holzschienen, &#8222;weiblich&#8220; und &#8222;m\u00e4nnlich&#8220; verbunden werden. Er ist so gemacht, dass er zu allen Generationen von Holzschienen passt.<br \/>\nObwohl Track Connectors zu 2&#215;2 Legobausteine passen, dann sind alle Track Connectors so gemacht, dass sie auch in der Mitte von einer Platte von DUPLO oder BiOBUDDi platziert werden k\u00f6nnen. Dann gibt es Raum f\u00fcr mehr Kreativit\u00e4t.<br \/>\nDas Basis Track Connector ist leicht zu verwenden und seine Funktion ist sehr intuitiv. Es ist das prim\u00e4re Werkzeug, wenn Sie mit TOY2 Track Connectors bauen.<\/p>\n<p><strong>12 Straight<\/strong><br \/>\nDas gerade Track Connector eignet sich gut, wenn es Abst\u00e4nde gibt, die nicht genau zum Basis Track Connector passen. Es ist locker gemacht, sodass es verschiede Typen von Schienen unterst\u00fctzt.<br \/>\nF\u00fcr avanzierte Bauwerke ist dieses Track Connector sehr wichtig.<\/p>\n<p><strong>12 Anchor<\/strong><br \/>\nDas biegende Track Connector verankert die Holzschienen von unten. Die biegenden Holzschienen und Y-Kreuzungen haben Vertiefungen unten und oben. Dies Track Connector verankert sich mit diesen Vertiefungen. Das erm\u00f6glicht komplexe Bauwerke, die nicht nur in die H\u00f6he gehen, aber erm\u00f6glicht auch Teilung des Verlaufs der Holzeisenbahn in der H\u00f6he.<br \/>\nDas biegende Track Connector ist notwendig, wenn das Bauen mit TOY2 Track Connector auf die n\u00e4chste Ebene kommen soll. Es stilisiert einfach das Bauwerk.<\/p>\n<p><strong>6 Double Blank<\/strong><br \/>\nTOY2 Track Connector Wechsler entfernen Begrenzungen, wenn zwei gleiche Enden treffen. Eine Holzschiene hat ja zwei verschiedene Enden. Mit Wechsel Weibling kann die Richtung ge\u00e4ndert werden.<\/p>\n<p><strong>1 Double Tab<\/strong><br \/>\nTOY2 Track Connector Wechsler entfernen Begrenzungen, wenn zwei gleiche Enden treffen. Eine Holzschiene hat ja zwei verschiedene Enden. Mit Wechsel M\u00e4nnlich kann die Richtung, wie beim Wechsel Weiblich, ge\u00e4ndert werden.<\/p>\n<p><strong>2 Intersection<\/strong><br \/>\nMit der Kreuzung von TOY2 Track Connector k\u00f6nnen die Schienen sich kreuzen auf der selben Ebene. Ohne dieses Connector ist Schienenkreuzung nur m\u00f6glich, wenn die Schienen \u00fcber oder unter einander sich kreuzen.<br \/>\nSie sind locker gemacht, sodass sie verschiedenen Schienen unterst\u00fctzen. Und deshalb kann man Schienen mit dem Connector verbinden, auch wenn sie mit einander nicht genau zusammenpassen. Der Kreuzung Connector ist notwendig, wenn man komplizierte Bauwerke bauen m\u00f6chte.<\/p>\n<div class=\"m-product-short-description ck-content clearfix\" data-controller=\"description--short\"><\/div>\n","protected":false},"excerpt":{"rendered":"<p><strong>Engineer Set <span style=\"font-weight: 400;\">ist von allen das fortschrittlichste Set. Du kannst hohe oder kompaktere Konstruktionen bauen. Du hast die Option, mit vielen T\u00fcrmen aus Bausteinen Br\u00fccken zu bauen, die \u00fcber gro\u00dfe Schluchten <\/span><\/strong><span style=\"font-weight: 400;\">f\u00fchren und das auf mehreren Ebenen.<\/span><\/p>\n","protected":false},"featured_media":23490,"comment_status":"closed","ping_status":"closed","template":"","meta":{"_acf_changed":false,"inline_featured_image":false},"product_brand":[],"product_cat":[219,429,77,85],"product_tag":[214],"class_list":{"0":"post-12155","1":"product","2":"type-product","3":"status-publish","4":"has-post-thumbnail","6":"product_cat-advanced-de","7":"product_cat-engineer-de","8":"product_cat-exclusive-on-toy2-com-de","9":"product_cat-standard-de","10":"product_tag-free-shipping-de","12":"first","13":"instock","14":"sale","15":"featured","16":"taxable","17":"shipping-taxable","18":"purchasable","19":"product-type-simple"},"acf":[],"_links":{"self":[{"href":"https:\/\/toy2.com\/de\/wp-json\/wp\/v2\/product\/12155","targetHints":{"allow":["GET"]}}],"collection":[{"href":"https:\/\/toy2.com\/de\/wp-json\/wp\/v2\/product"}],"about":[{"href":"https:\/\/toy2.com\/de\/wp-json\/wp\/v2\/types\/product"}],"replies":[{"embeddable":true,"href":"https:\/\/toy2.com\/de\/wp-json\/wp\/v2\/comments?post=12155"}],"wp:featuredmedia":[{"embeddable":true,"href":"https:\/\/toy2.com\/de\/wp-json\/wp\/v2\/media\/23490"}],"wp:attachment":[{"href":"https:\/\/toy2.com\/de\/wp-json\/wp\/v2\/media?parent=12155"}],"wp:term":[{"taxonomy":"product_brand","embeddable":true,"href":"https:\/\/toy2.com\/de\/wp-json\/wp\/v2\/product_brand?post=12155"},{"taxonomy":"product_cat","embeddable":true,"href":"https:\/\/toy2.com\/de\/wp-json\/wp\/v2\/product_cat?post=12155"},{"taxonomy":"product_tag","embeddable":true,"href":"https:\/\/toy2.com\/de\/wp-json\/wp\/v2\/product_tag?post=12155"}],"curies":[{"name":"wp","href":"https:\/\/api.w.org\/{rel}","templated":true}]}}