{"id":21670,"date":"2022-09-01T11:51:57","date_gmt":"2022-09-01T11:51:57","guid":{"rendered":"https:\/\/toy2.com\/vare\/allround-small\/"},"modified":"2023-10-30T11:34:01","modified_gmt":"2023-10-30T11:34:01","slug":"allround-small","status":"publish","type":"product","link":"https:\/\/toy2.com\/da\/vare\/allround-small\/","title":{"rendered":"Allround Small<br> 8 dele"},"content":{"rendered":"<p><strong>\u00c6sken indeholder 8 Track Connectors.<\/strong><\/p>\n<table>\n<tbody>\n<tr>\n<th>Basis<\/th>\n<th>Double Female<\/th>\n<th>Double Male<\/th>\n<th>Intersection<\/th>\n<\/tr>\n<tr>\n<td style=\"text-align: center;\">4<\/td>\n<td style=\"text-align: center;\">1<\/td>\n<td style=\"text-align: center;\">1<\/td>\n<td style=\"text-align: center;\">0<\/td>\n<\/tr>\n<tr>\n<td style=\"text-align: center;\"><img decoding=\"async\" class=\"alignnone wp-image-4253 size-full\" src=\"https:\/\/toy2.com\/wp-content\/uploads\/2022\/04\/Basis-Black.png\" alt=\"\" width=\"50\" height=\"50\" \/><\/td>\n<td style=\"text-align: center;\"><img decoding=\"async\" class=\"alignnone size-full wp-image-4259\" src=\"https:\/\/toy2.com\/wp-content\/uploads\/2022\/04\/Double-female.png\" alt=\"\" width=\"50\" height=\"50\" \/><\/td>\n<td style=\"text-align: center;\"><img decoding=\"async\" class=\"alignnone size-full wp-image-4261\" src=\"https:\/\/toy2.com\/wp-content\/uploads\/2022\/04\/Double-male.png\" alt=\"\" width=\"50\" height=\"50\" \/><\/td>\n<td style=\"text-align: center;\"><img loading=\"lazy\" decoding=\"async\" class=\"alignnone size-full wp-image-4243\" src=\"https:\/\/toy2.com\/wp-content\/uploads\/2022\/04\/Untitled-design-68.png\" alt=\"\" width=\"50\" height=\"50\" \/><\/td>\n<\/tr>\n<tr>\n<td style=\"text-align: center;\"><strong>Anchor<\/strong><\/td>\n<td style=\"text-align: center;\"><strong>Straight<\/strong><\/td>\n<td style=\"text-align: center;\"><\/td>\n<\/tr>\n<tr>\n<td style=\"text-align: center;\">1<\/td>\n<td style=\"text-align: center;\">1<\/td>\n<td style=\"text-align: center;\"><\/td>\n<\/tr>\n<tr>\n<th><img loading=\"lazy\" decoding=\"async\" class=\"alignnone size-full wp-image-4265\" src=\"https:\/\/toy2.com\/wp-content\/uploads\/2022\/04\/Straight-1.png\" alt=\"\" width=\"50\" height=\"50\" \/><\/th>\n<th><img loading=\"lazy\" decoding=\"async\" class=\"alignnone size-full wp-image-4257\" src=\"https:\/\/toy2.com\/wp-content\/uploads\/2022\/04\/Anchor.png\" alt=\"\" width=\"50\" height=\"50\" \/><\/th>\n<th><\/th>\n<\/tr>\n<\/tbody>\n<\/table>\n<p>&nbsp;<\/p>\n<table>\n<tbody>\n<tr>\n<th>Alder<\/th>\n<th>Skinner og Klodser<br \/>\np\u00e5kr\u00e6vet<\/th>\n<th>Hvor mange b\u00f8rn?<\/th>\n<th>Sv\u00e6rhedsgrad<\/th>\n<\/tr>\n<tr>\n<td style=\"text-align: center;\">3+ \u00e5r<\/td>\n<td style=\"text-align: center;\">Lille samling<\/td>\n<td style=\"text-align: center;\">1-3 b\u00f8rn p\u00e5 3-10 \u00e5r<\/td>\n<td style=\"text-align: center;\">Nemt<\/td>\n<\/tr>\n<\/tbody>\n<\/table>\n<p>&nbsp;<\/p>\n<p><strong>Om dette produkt<\/strong><\/p>\n<ul>\n<li>Ideel til sm\u00e5, fantastiske byggeprojekter<\/li>\n<li>Perfekt til den typiske nybegynder og et mindre lager af plastikklodser og togskinner i tr\u00e6<\/li>\n<li>Med alle de forskellige Track Connectors kan du bygge i 2 eller flere niveauer og nemt komme over d\u00f8rtrin og rundt om m\u00f8bler osv.<\/li>\n<li>Forbinder DUPLO\u00ae, Hubelino, BioBUDDi og lignende med tr\u00e6skinner fra BRIO\u00ae, Ikea, VIGA osv.<\/li>\n<\/ul>\n<div class=\"m-product-short-description ck-content clearfix\" data-controller=\"description--short\"><\/div>\n","protected":false},"excerpt":{"rendered":"<p>Med Allround Small kan du bygge sammenflettede togbaner i mange niveauer. Allround Small er god til at afpr\u00f8ve alle de forskellige stik. Perfekt til at udfordre b\u00f8rn og for\u00e6ldre i kreativ, legende l\u00e6ring.<\/p>\n<p>Alle b\u00f8rn kender og elsker b\u00e5de DUPLO\u00ae og BRIO\u00ae. Leget\u00f8j, som vi har leget med i generationer, og som stadig er sjovt at bygge med. Men har du pr\u00f8vet at lege med begge p\u00e5 \u00e9n gang? Med de nye TOY2 Track Connectors f\u00e5r du sm\u00e5 stik med stor v\u00e6rdi. Nu kan du forbinde det leget\u00f8j, du allerede har, og pludselig opst\u00e5r der helt nye muligheder for endnu sejere, vildere og mere stabile togbaner.<\/p>\n<p>Byg op, byg rundt, byg sikkert. Track Connectors er til bygherrer, der vil pr\u00f8ve at bygge plastikklodser og tr\u00e6baner sammen. F\u00e5 meget mere ud af din DUPLO\u00ae og BRIO\u00ae ved at bygge med begge dele.<\/p>\n<p>NB: Byggeklodser og skinner er ikke inkluderet.<\/p>\n","protected":false},"featured_media":31788,"comment_status":"closed","ping_status":"closed","template":"","meta":{"_acf_changed":false,"inline_featured_image":false},"product_brand":[],"product_cat":[414,224,69,443,63],"product_tag":[],"class_list":{"0":"post-21670","1":"product","2":"type-product","3":"status-publish","4":"has-post-thumbnail","6":"product_cat-allround-da","7":"product_cat-beginner-sets-da","8":"product_cat-new-arrivals-da","9":"product_cat-old-packages-da","10":"product_cat-standard-da","12":"first","13":"instock","14":"featured","15":"taxable","16":"shipping-taxable","17":"purchasable","18":"product-type-simple"},"acf":[],"_links":{"self":[{"href":"https:\/\/toy2.com\/da\/wp-json\/wp\/v2\/product\/21670","targetHints":{"allow":["GET"]}}],"collection":[{"href":"https:\/\/toy2.com\/da\/wp-json\/wp\/v2\/product"}],"about":[{"href":"https:\/\/toy2.com\/da\/wp-json\/wp\/v2\/types\/product"}],"replies":[{"embeddable":true,"href":"https:\/\/toy2.com\/da\/wp-json\/wp\/v2\/comments?post=21670"}],"wp:featuredmedia":[{"embeddable":true,"href":"https:\/\/toy2.com\/da\/wp-json\/wp\/v2\/media\/31788"}],"wp:attachment":[{"href":"https:\/\/toy2.com\/da\/wp-json\/wp\/v2\/media?parent=21670"}],"wp:term":[{"taxonomy":"product_brand","embeddable":true,"href":"https:\/\/toy2.com\/da\/wp-json\/wp\/v2\/product_brand?post=21670"},{"taxonomy":"product_cat","embeddable":true,"href":"https:\/\/toy2.com\/da\/wp-json\/wp\/v2\/product_cat?post=21670"},{"taxonomy":"product_tag","embeddable":true,"href":"https:\/\/toy2.com\/da\/wp-json\/wp\/v2\/product_tag?post=21670"}],"curies":[{"name":"wp","href":"https:\/\/api.w.org\/{rel}","templated":true}]}}