{"id":20913,"date":"2023-07-04T08:07:55","date_gmt":"2023-07-04T08:07:55","guid":{"rendered":"https:\/\/toy2.com\/vare\/builder-set-2\/"},"modified":"2024-12-03T08:19:50","modified_gmt":"2024-12-03T08:19:50","slug":"builder-set-2","status":"publish","type":"product","link":"https:\/\/toy2.com\/da\/vare\/builder-set-2\/","title":{"rendered":"Builder Set<br> 22 dele"},"content":{"rendered":"<p><strong>Bygges\u00e6ttet indeholder 22 sporforbindere<br \/>\n<\/strong><\/p>\n<table>\n<tbody>\n<tr>\n<th>Basis<\/th>\n<th>Dobbelt-blank<\/th>\n<th>Dobbelt-tab<\/th>\n<\/tr>\n<tr>\n<td style=\"text-align: center;\">16<\/td>\n<td style=\"text-align: center;\">2<\/td>\n<td style=\"text-align: center;\">1<\/td>\n<\/tr>\n<tr>\n<td style=\"text-align: center;\"><img decoding=\"async\" class=\"alignnone wp-image-12076 size-full\" src=\"https:\/\/toy2.com\/wp-content\/uploads\/2022\/09\/Basis-3.png\" alt=\"\" width=\"63\" height=\"63\" \/><\/td>\n<td style=\"text-align: center;\"><img decoding=\"async\" class=\"alignnone wp-image-12079 size-full\" src=\"https:\/\/toy2.com\/wp-content\/uploads\/2022\/09\/Double-female-1.png\" alt=\"\" width=\"63\" height=\"63\" \/><\/td>\n<td style=\"text-align: center;\"><img decoding=\"async\" class=\"alignnone wp-image-12082 size-full\" src=\"https:\/\/toy2.com\/wp-content\/uploads\/2022\/09\/Double-male-1.png\" alt=\"\" width=\"64\" height=\"64\" \/><\/td>\n<\/tr>\n<tr>\n<td style=\"text-align: center;\"><strong>Anker<\/strong><\/td>\n<td style=\"text-align: center;\"><strong>Sk\u00e6ringspunkt<\/strong><\/td>\n<\/tr>\n<tr>\n<td style=\"text-align: center;\">2<\/td>\n<td style=\"text-align: center;\">1<\/td>\n<\/tr>\n<tr>\n<th><img loading=\"lazy\" decoding=\"async\" class=\"alignnone wp-image-12073 size-full\" style=\"font-weight: 400;\" src=\"https:\/\/toy2.com\/wp-content\/uploads\/2022\/09\/Anchor-1.png\" alt=\"\" width=\"64\" height=\"63\" \/><\/th>\n<th><img loading=\"lazy\" decoding=\"async\" class=\"alignnone wp-image-12085 size-full\" src=\"https:\/\/toy2.com\/wp-content\/uploads\/2022\/09\/Intersection-1.png\" alt=\"\" width=\"64\" height=\"63\" \/><\/th>\n<\/tr>\n<\/tbody>\n<\/table>\n<p>&nbsp;<\/p>\n<table>\n<tbody>\n<tr>\n<th>Alder<\/th>\n<th>M\u00e6ngde af mursten og<br \/>\nspor p\u00e5kr\u00e6vet<\/th>\n<th>Hvor mange<br \/>\nb\u00f8rn kan lege sammen<\/th>\n<th>Sv\u00e6rhedsgrad<\/th>\n<\/tr>\n<tr>\n<td style=\"text-align: center;\">18+ m\u00e5neder<\/td>\n<td style=\"text-align: center;\">Lille samling<\/td>\n<td style=\"text-align: center;\">1-2 b\u00f8rn<\/td>\n<td style=\"text-align: center;\">Let<\/td>\n<\/tr>\n<\/tbody>\n<\/table>\n<p>&nbsp;<\/p>\n<p><b>Om dette produkt<\/b><\/p>\n<ul>\n<li>Alle typer TOY2 Track Connector-blokke er designet til at have samme skinneh\u00f8jde, hvilket giver et fladt og stabilt togspor &#8211; selv n\u00e5r konstruktionen er avanceret.<\/li>\n<li>Alle Track Connector-klodser er designet til at sidde i midten af DUPLO\/BiOBUDDi-plader for at give den st\u00f8rst mulige frihed til kreativ konstruktion.<\/li>\n<li>Kombinerer DUPLO\u00ae, BioBUDDi og tilsvarende med togskinner fra BRIO\u00ae, Thomas&amp;Friends, Ikea Lillabo, VIGA m.fl.<\/li>\n<\/ul>\n<div class=\"m-product-short-description ck-content clearfix\" data-controller=\"description--short\"><\/div>\n","protected":false},"excerpt":{"rendered":"<p><strong>Bygges\u00e6ttet er<\/strong> perfekt til at starte byggeprojekter, selv for mindre b\u00f8rn. Det er perfekt til at bygge i to eller flere niveauer med s\u00f8jler under forbindelsesstykkerne. En fleksibel start p\u00e5 sm\u00e5 byggeprojekter.<\/p>\n<p><strong>Velegnet til den typiske nybegynder og mindre byggere og til sm\u00e5 klods\/skinne-samlinger.<\/strong> \u00c6sken indeholder 5 forskellige Track Connectors.<\/p>\n<p><strong>Alle b\u00f8rn kender og elsker b\u00e5de DUPLO\u00ae og BRIO\u00ae<\/strong>. Leget\u00f8j, som vi har leget med i generationer, og som stadig er sjovt at bygge med. <strong>Men har du pr\u00f8vet at lege med begge p\u00e5 \u00e9n gang?<\/strong> Med de nye <strong>TOY2 Track Connectors<\/strong> f\u00e5r du sm\u00e5 stik med stor v\u00e6rdi. Nu kan du <strong>forbinde det leget\u00f8j, du allerede har<\/strong>, og pludselig opst\u00e5r der helt nye muligheder for endnu sejere, vildere og mere stabile togbaner.<\/p>\n<p>NB: Byggeklodser og skinner er ikke inkluderet.<\/p>\n","protected":false},"featured_media":28569,"comment_status":"closed","ping_status":"closed","template":"","meta":{"_acf_changed":false,"inline_featured_image":false},"product_brand":[],"product_cat":[224,408,71,63,72],"product_tag":[215],"class_list":{"0":"post-20913","1":"product","2":"type-product","3":"status-publish","4":"has-post-thumbnail","6":"product_cat-beginner-sets-da","7":"product_cat-builder-da","8":"product_cat-exclusive-on-toy2-com-da","9":"product_cat-standard-da","10":"product_cat-ukategoriseret-da","11":"product_tag-free-shipping-da","13":"first","14":"instock","15":"sale","16":"featured","17":"taxable","18":"shipping-taxable","19":"purchasable","20":"product-type-simple"},"acf":[],"_links":{"self":[{"href":"https:\/\/toy2.com\/da\/wp-json\/wp\/v2\/product\/20913","targetHints":{"allow":["GET"]}}],"collection":[{"href":"https:\/\/toy2.com\/da\/wp-json\/wp\/v2\/product"}],"about":[{"href":"https:\/\/toy2.com\/da\/wp-json\/wp\/v2\/types\/product"}],"replies":[{"embeddable":true,"href":"https:\/\/toy2.com\/da\/wp-json\/wp\/v2\/comments?post=20913"}],"wp:featuredmedia":[{"embeddable":true,"href":"https:\/\/toy2.com\/da\/wp-json\/wp\/v2\/media\/28569"}],"wp:attachment":[{"href":"https:\/\/toy2.com\/da\/wp-json\/wp\/v2\/media?parent=20913"}],"wp:term":[{"taxonomy":"product_brand","embeddable":true,"href":"https:\/\/toy2.com\/da\/wp-json\/wp\/v2\/product_brand?post=20913"},{"taxonomy":"product_cat","embeddable":true,"href":"https:\/\/toy2.com\/da\/wp-json\/wp\/v2\/product_cat?post=20913"},{"taxonomy":"product_tag","embeddable":true,"href":"https:\/\/toy2.com\/da\/wp-json\/wp\/v2\/product_tag?post=20913"}],"curies":[{"name":"wp","href":"https:\/\/api.w.org\/{rel}","templated":true}]}}