{"id":1285,"date":"2021-10-23T23:12:43","date_gmt":"2021-10-23T23:12:43","guid":{"rendered":"https:\/\/toy2.com\/?page_id=1285"},"modified":"2025-08-23T12:40:50","modified_gmt":"2025-08-23T12:40:50","slug":"no-keep-interested","status":"publish","type":"page","link":"https:\/\/toy2.com\/da\/no-keep-interested\/","title":{"rendered":"NO-keep-interested"},"content":{"rendered":"\t\t<div data-elementor-type=\"wp-page\" data-elementor-id=\"1285\" class=\"elementor elementor-1285\" data-elementor-post-type=\"page\">\n\t\t\t\t\t\t<section class=\"elementor-section elementor-top-section elementor-element elementor-element-762a21a2 elementor-section-height-min-height elementor-section-items-top elementor-section-boxed elementor-section-height-default\" data-id=\"762a21a2\" data-element_type=\"section\" data-e-type=\"section\" data-settings=\"{&quot;background_background&quot;:&quot;classic&quot;,&quot;shape_divider_bottom&quot;:&quot;curve&quot;,&quot;shape_divider_bottom_negative&quot;:&quot;yes&quot;}\">\n\t\t\t\t\t<div class=\"elementor-shape elementor-shape-bottom\" aria-hidden=\"true\" data-negative=\"true\">\n\t\t\t<svg xmlns=\"http:\/\/www.w3.org\/2000\/svg\" viewBox=\"0 0 1000 100\" preserveAspectRatio=\"none\">\n\t<path class=\"elementor-shape-fill\" d=\"M500,97C126.7,96.3,0.8,19.8,0,0v100l1000,0V1C1000,19.4,873.3,97.8,500,97z\"\/>\n<\/svg>\t\t<\/div>\n\t\t\t\t\t<div class=\"elementor-container elementor-column-gap-default\">\n\t\t\t\t\t<div class=\"elementor-column elementor-col-100 elementor-top-column elementor-element elementor-element-271aec29\" data-id=\"271aec29\" data-element_type=\"column\" data-e-type=\"column\">\n\t\t\t<div class=\"elementor-widget-wrap elementor-element-populated\">\n\t\t\t\t\t\t<div class=\"elementor-element elementor-element-4560b0c5 elementor-widget elementor-widget-heading\" data-id=\"4560b0c5\" data-element_type=\"widget\" data-e-type=\"widget\" data-widget_type=\"heading.default\">\n\t\t\t\t<div class=\"elementor-widget-container\">\n\t\t\t\t\t<h2 class=\"elementor-heading-title elementor-size-default\">Hvordan f\u00e5 barna interessert i de gamle lekene?\ud83e\udd14<\/h2>\t\t\t\t<\/div>\n\t\t\t\t<\/div>\n\t\t\t\t<div class=\"elementor-element elementor-element-826f967 elementor-align-center elementor-widget elementor-widget-button\" data-id=\"826f967\" data-element_type=\"widget\" data-e-type=\"widget\" data-widget_type=\"button.default\">\n\t\t\t\t<div class=\"elementor-widget-container\">\n\t\t\t\t\t\t\t\t\t<div class=\"elementor-button-wrapper\">\n\t\t\t\t\t<a class=\"elementor-button elementor-button-link elementor-size-sm\" href=\"#shopnow-1\">\n\t\t\t\t\t\t<span class=\"elementor-button-content-wrapper\">\n\t\t\t\t\t\t\t\t\t<span class=\"elementor-button-text\">Handle n\u00e5 <\/span>\n\t\t\t\t\t<\/span>\n\t\t\t\t\t<\/a>\n\t\t\t\t<\/div>\n\t\t\t\t\t\t\t\t<\/div>\n\t\t\t\t<\/div>\n\t\t\t\t\t<\/div>\n\t\t<\/div>\n\t\t\t\t\t<\/div>\n\t\t<\/section>\n\t\t\t\t<section class=\"elementor-section elementor-top-section elementor-element elementor-element-4571be2 elementor-section-boxed elementor-section-height-default elementor-section-height-default\" data-id=\"4571be2\" data-element_type=\"section\" data-e-type=\"section\">\n\t\t\t\t\t\t<div class=\"elementor-container elementor-column-gap-default\">\n\t\t\t\t\t<div class=\"elementor-column elementor-col-100 elementor-top-column elementor-element elementor-element-156f73c\" data-id=\"156f73c\" data-element_type=\"column\" data-e-type=\"column\">\n\t\t\t<div class=\"elementor-widget-wrap elementor-element-populated\">\n\t\t\t\t\t\t<div class=\"elementor-element elementor-element-bc5aff4 elementor-widget elementor-widget-heading\" data-id=\"bc5aff4\" data-element_type=\"widget\" data-e-type=\"widget\" data-widget_type=\"heading.default\">\n\t\t\t\t<div class=\"elementor-widget-container\">\n\t\t\t\t\t<h2 class=\"elementor-heading-title elementor-size-default\">Gi nytt liv til de gamle lekene <\/h2>\t\t\t\t<\/div>\n\t\t\t\t<\/div>\n\t\t\t\t\t<\/div>\n\t\t<\/div>\n\t\t\t\t\t<\/div>\n\t\t<\/section>\n\t\t\t\t<section class=\"elementor-section elementor-top-section elementor-element elementor-element-71a70e9 elementor-section-boxed elementor-section-height-default elementor-section-height-default\" data-id=\"71a70e9\" data-element_type=\"section\" data-e-type=\"section\" data-settings=\"{&quot;background_background&quot;:&quot;classic&quot;}\">\n\t\t\t\t\t\t<div class=\"elementor-container elementor-column-gap-default\">\n\t\t\t\t\t<div class=\"elementor-column elementor-col-50 elementor-top-column elementor-element elementor-element-713a229\" data-id=\"713a229\" data-element_type=\"column\" data-e-type=\"column\">\n\t\t\t<div class=\"elementor-widget-wrap elementor-element-populated\">\n\t\t\t\t\t\t<div class=\"elementor-element elementor-element-5902e08 elementor-widget elementor-widget-video\" data-id=\"5902e08\" data-element_type=\"widget\" data-e-type=\"widget\" data-settings=\"{&quot;youtube_url&quot;:&quot;https:\\\/\\\/youtu.be\\\/KkVgmEw9QZs&quot;,&quot;autoplay&quot;:&quot;yes&quot;,&quot;play_on_mobile&quot;:&quot;yes&quot;,&quot;mute&quot;:&quot;yes&quot;,&quot;lazy_load&quot;:&quot;yes&quot;,&quot;video_type&quot;:&quot;youtube&quot;}\" data-widget_type=\"video.default\">\n\t\t\t\t<div class=\"elementor-widget-container\">\n\t\t\t\t\t\t\t<div class=\"elementor-wrapper elementor-open-inline\">\n\t\t\t<div class=\"elementor-video\"><\/div>\t\t<\/div>\n\t\t\t\t\t\t<\/div>\n\t\t\t\t<\/div>\n\t\t\t\t\t<\/div>\n\t\t<\/div>\n\t\t\t\t<div class=\"elementor-column elementor-col-50 elementor-top-column elementor-element elementor-element-f5dd8f8\" data-id=\"f5dd8f8\" data-element_type=\"column\" data-e-type=\"column\">\n\t\t\t<div class=\"elementor-widget-wrap elementor-element-populated\">\n\t\t\t\t\t\t<div class=\"elementor-element elementor-element-a9ef831 elementor-widget elementor-widget-text-editor\" data-id=\"a9ef831\" data-element_type=\"widget\" data-e-type=\"widget\" data-widget_type=\"text-editor.default\">\n\t\t\t\t<div class=\"elementor-widget-container\">\n\t\t\t\t\t\t\t\t\t<h2><strong>TOY2 Track Connectors gj\u00f8r det mulig \u00e5 koble sammen togskinner av tre (f.eks. fra BRIO\u00ae eller IKEA) med DUPLO\u00ae-byggeklosser og lignende.<\/strong><\/h2>\t\t\t\t\t\t\t\t<\/div>\n\t\t\t\t<\/div>\n\t\t\t\t<div class=\"elementor-element elementor-element-752c361 premium-atext__switch elementor-widget elementor-widget-premium-addon-fancy-text\" data-id=\"752c361\" data-element_type=\"widget\" data-e-type=\"widget\" data-widget_type=\"premium-addon-fancy-text.default\">\n\t\t\t\t<div class=\"elementor-widget-container\">\n\t\t\t\t\t\t\t<div class=\"premium-atext__wrapper premium-atext__zoomout \" data-start-effect=\"page_load\" data-settings=\"{&quot;effect&quot;:&quot;zoomout&quot;,&quot;delay&quot;:&quot;&quot;,&quot;count&quot;:&quot;&quot;,&quot;loading&quot;:false,&quot;style&quot;:&quot;switch&quot;}\">\n\n\t\t\t<h3 class=\"premium-atext__headline\">\n\t\t\t\t\t\t\t<span class=\"premium-prefix-text\">\n\t\t\t\t\t<span >Dette gir deg og barna muligheten til \u00e5: <\/span>\n\t\t\t\t<\/span>\n\t\t\t\n\t\t\t\t\t\t<div class=\"premium-atext__text\" style='display: inline-block; text-align: center'>\n\t\t\t\t<ul class=\"premium-atext__items-wrapper\">\n\t\t\t\t\t\t\t\t\t<li class=\"premium-fancy-list-items premium-fancy-item-visible\">\n\t\t\t\t\t\t\t\u2714\ufe0fBygge fantastiske togskinner i tre \t\t\t\t\t\t<\/li>\n\t\t\t\t\t\t\t\t\t\t\t<li class=\"premium-fancy-list-items premium-fancy-item-hidden\">\n\t\t\t\t\t\t\t\u2714\ufe0fBygge noe sammen, uavhengig av aldersforskjell\t\t\t\t\t\t<\/li>\n\t\t\t\t\t\t\t\t\t\t\t<li class=\"premium-fancy-list-items premium-fancy-item-hidden\">\n\t\t\t\t\t\t\t\u2714\ufe0fMorsomme og utfordrende byggeprosjekter \u2013 ogs\u00e5 for voksne\t\t\t\t\t\t<\/li>\n\t\t\t\t\t\t\t\t\t\t\t<li class=\"premium-fancy-list-items premium-fancy-item-hidden\">\n\t\t\t\t\t\t\t\u2714\ufe0fGi nytt liv til de gamle lekene\t\t\t\t\t\t<\/li>\n\t\t\t\t\t\t\t\t\t<\/ul>\n\t\t\t<\/div>\n\t\t\t\n\t\t\t\n\t\t\t\n\t\t\t<\/h3>\n\t\t<\/div>\n\t\t\t\t\t\t<\/div>\n\t\t\t\t<\/div>\n\t\t\t\t<div class=\"elementor-element elementor-element-5034c47 elementor-widget elementor-widget-text-editor\" data-id=\"5034c47\" data-element_type=\"widget\" data-e-type=\"widget\" data-widget_type=\"text-editor.default\">\n\t\t\t\t<div class=\"elementor-widget-container\">\n\t\t\t\t\t\t\t\t\t<p>TOY2 Track Connectors kobler ikke bare sammen leker, men ogs\u00e5 barn og voksne!<\/p>\t\t\t\t\t\t\t\t<\/div>\n\t\t\t\t<\/div>\n\t\t\t\t\t<\/div>\n\t\t<\/div>\n\t\t\t\t\t<\/div>\n\t\t<\/section>\n\t\t\t\t<section class=\"elementor-section elementor-top-section elementor-element elementor-element-a79011f elementor-section-boxed elementor-section-height-default elementor-section-height-default\" data-id=\"a79011f\" data-element_type=\"section\" data-e-type=\"section\" data-settings=\"{&quot;background_background&quot;:&quot;classic&quot;}\">\n\t\t\t\t\t\t<div class=\"elementor-container elementor-column-gap-default\">\n\t\t\t\t\t<div class=\"elementor-column elementor-col-50 elementor-top-column elementor-element elementor-element-0e22dc4\" data-id=\"0e22dc4\" data-element_type=\"column\" data-e-type=\"column\">\n\t\t\t<div class=\"elementor-widget-wrap elementor-element-populated\">\n\t\t\t\t\t\t<div class=\"elementor-element elementor-element-65ff4a1 elementor-cta--skin-classic elementor-animated-content elementor-bg-transform elementor-bg-transform-zoom-in elementor-widget elementor-widget-call-to-action\" data-id=\"65ff4a1\" data-element_type=\"widget\" data-e-type=\"widget\" data-widget_type=\"call-to-action.default\">\n\t\t\t\t<div class=\"elementor-widget-container\">\n\t\t\t\t\t\t\t<div class=\"elementor-cta\">\n\t\t\t\t\t\t\t<div class=\"elementor-cta__content\">\n\t\t\t\t\n\t\t\t\t\t\t\t\t\t<h2 class=\"elementor-cta__title elementor-cta__content-item elementor-content-item\">\n\t\t\t\t\t\t<i>\"Etter v\u00e5r mening er Track Connectors definitivt noe alle burde ha! Det tok ikke lang tid f\u00f8r vi s\u00e5 de gamle lekene bli levende igjen\"<\/i>\t\t\t\t\t<\/h2>\n\t\t\t\t\n\t\t\t\t\t\t\t\t\t<div class=\"elementor-cta__description elementor-cta__content-item elementor-content-item\">\n\t\t\t\t\t\t\"Vi la snart merke til hvordan barna v\u00e5re ga liv til de gamle lekene, ja, til og med de p\u00e5 13 og 15 \u00e5r. Det fungerer utmerket, og det passer godt. \n<br>\n<br>\nForuten det faktum at man kan lage nye vakre kreasjoner, la vi merke til at barna v\u00e5re plutselig ble kreative igjen. DUPLO-blokkene ble for eksempel brukt til \u00e5 lage en stasjon. \n<br>\nMen trelekene fant ogs\u00e5 veien ut av skapet, og f\u00f8r vi visste ordet av det hadde vi en komplett by i stua. \n<br>\n<br>\n\u00c5 bringe disse to verdenene sammen har v\u00e6rt en stor suksess!\n\n<br>\n<br>\n<b>- go-or-no-go.nl<\/b>\t\t\t\t\t<\/div>\n\t\t\t\t\n\t\t\t\t\t\t\t<\/div>\n\t\t\t\t\t\t<\/div>\n\t\t\t\t\t\t<\/div>\n\t\t\t\t<\/div>\n\t\t\t\t\t<\/div>\n\t\t<\/div>\n\t\t\t\t<div class=\"elementor-column elementor-col-50 elementor-top-column elementor-element elementor-element-fb2d7e8 elementor-hidden-mobile\" data-id=\"fb2d7e8\" data-element_type=\"column\" data-e-type=\"column\">\n\t\t\t<div class=\"elementor-widget-wrap elementor-element-populated\">\n\t\t\t\t\t\t<div class=\"elementor-element elementor-element-2499207 elementor-widget elementor-widget-image\" data-id=\"2499207\" data-element_type=\"widget\" data-e-type=\"widget\" data-widget_type=\"image.default\">\n\t\t\t\t<div class=\"elementor-widget-container\">\n\t\t\t\t\t\t\t\t\t\t\t\t\t\t\t<img fetchpriority=\"high\" decoding=\"async\" width=\"800\" height=\"600\" src=\"https:\/\/toy2.com\/wp-content\/uploads\/2021\/12\/Spelen-met-track-connectors-scaled-1-1024x768.jpg\" class=\"attachment-large size-large wp-image-2828\" alt=\"\" srcset=\"https:\/\/toy2.com\/wp-content\/uploads\/2021\/12\/Spelen-met-track-connectors-scaled-1-1024x768.jpg 1024w, https:\/\/toy2.com\/wp-content\/uploads\/2021\/12\/Spelen-met-track-connectors-scaled-1-600x450.jpg 600w, https:\/\/toy2.com\/wp-content\/uploads\/2021\/12\/Spelen-met-track-connectors-scaled-1-300x225.jpg 300w, https:\/\/toy2.com\/wp-content\/uploads\/2021\/12\/Spelen-met-track-connectors-scaled-1-768x576.jpg 768w, https:\/\/toy2.com\/wp-content\/uploads\/2021\/12\/Spelen-met-track-connectors-scaled-1-1536x1152.jpg 1536w, https:\/\/toy2.com\/wp-content\/uploads\/2021\/12\/Spelen-met-track-connectors-scaled-1.jpg 1638w\" sizes=\"(max-width: 800px) 100vw, 800px\" \/>\t\t\t\t\t\t\t\t\t\t\t\t\t\t\t<\/div>\n\t\t\t\t<\/div>\n\t\t\t\t\t<\/div>\n\t\t<\/div>\n\t\t\t\t\t<\/div>\n\t\t<\/section>\n\t\t\t\t<section class=\"elementor-section elementor-top-section elementor-element elementor-element-375595d elementor-section-boxed elementor-section-height-default elementor-section-height-default\" data-id=\"375595d\" data-element_type=\"section\" data-e-type=\"section\">\n\t\t\t\t\t\t<div class=\"elementor-container elementor-column-gap-default\">\n\t\t\t\t\t<div class=\"elementor-column elementor-col-100 elementor-top-column elementor-element elementor-element-64a209c\" data-id=\"64a209c\" data-element_type=\"column\" data-e-type=\"column\">\n\t\t\t<div class=\"elementor-widget-wrap elementor-element-populated\">\n\t\t\t\t\t\t<div class=\"elementor-element elementor-element-e47a1b6 elementor-widget elementor-widget-gallery\" data-id=\"e47a1b6\" data-element_type=\"widget\" data-e-type=\"widget\" data-settings=\"{&quot;columns&quot;:2,&quot;lazyload&quot;:&quot;yes&quot;,&quot;gallery_layout&quot;:&quot;grid&quot;,&quot;columns_tablet&quot;:2,&quot;columns_mobile&quot;:1,&quot;gap&quot;:{&quot;unit&quot;:&quot;px&quot;,&quot;size&quot;:10,&quot;sizes&quot;:[]},&quot;gap_tablet&quot;:{&quot;unit&quot;:&quot;px&quot;,&quot;size&quot;:10,&quot;sizes&quot;:[]},&quot;gap_mobile&quot;:{&quot;unit&quot;:&quot;px&quot;,&quot;size&quot;:10,&quot;sizes&quot;:[]},&quot;link_to&quot;:&quot;file&quot;,&quot;aspect_ratio&quot;:&quot;3:2&quot;,&quot;overlay_background&quot;:&quot;yes&quot;,&quot;content_hover_animation&quot;:&quot;fade-in&quot;}\" data-widget_type=\"gallery.default\">\n\t\t\t\t<div class=\"elementor-widget-container\">\n\t\t\t\t\t\t\t<div class=\"elementor-gallery__container\">\n\t\t\t\t\t\t\t<a class=\"e-gallery-item elementor-gallery-item elementor-animated-content\" href=\"https:\/\/toy2.com\/wp-content\/uploads\/2023\/11\/Toy2_30-scaled-1-1.jpg\" data-elementor-open-lightbox=\"yes\" data-elementor-lightbox-slideshow=\"e47a1b6\" data-elementor-lightbox-title=\"Toy2_30-scaled-1-1.jpg\" data-e-action-hash=\"#elementor-action%3Aaction%3Dlightbox%26settings%3DeyJpZCI6MjUwMDIsInVybCI6Imh0dHBzOlwvXC90b3kyLmNvbVwvd3AtY29udGVudFwvdXBsb2Fkc1wvMjAyM1wvMTFcL1RveTJfMzAtc2NhbGVkLTEtMS5qcGciLCJzbGlkZXNob3ciOiJlNDdhMWI2In0%3D\">\n\t\t\t\t\t<div class=\"e-gallery-image elementor-gallery-item__image\" data-thumbnail=\"https:\/\/toy2.com\/wp-content\/uploads\/2023\/11\/Toy2_30-scaled-1-1-1024x682.jpg\" data-width=\"800\" data-height=\"533\" aria-label=\"\" role=\"img\" ><\/div>\n\t\t\t\t\t\t\t\t\t\t\t<div class=\"elementor-gallery-item__overlay\"><\/div>\n\t\t\t\t\t\t\t\t\t\t\t\t\t\t<\/a>\n\t\t\t\t\t\t\t<a class=\"e-gallery-item elementor-gallery-item elementor-animated-content\" href=\"https:\/\/toy2.com\/wp-content\/uploads\/2022\/11\/310742196_10160365063832662_8888869204909372628_n.jpg\" data-elementor-open-lightbox=\"yes\" data-elementor-lightbox-slideshow=\"e47a1b6\" data-elementor-lightbox-title=\"310742196_10160365063832662_8888869204909372628_n\" data-e-action-hash=\"#elementor-action%3Aaction%3Dlightbox%26settings%3DeyJpZCI6ODMwNSwidXJsIjoiaHR0cHM6XC9cL3RveTIuY29tXC93cC1jb250ZW50XC91cGxvYWRzXC8yMDIyXC8xMVwvMzEwNzQyMTk2XzEwMTYwMzY1MDYzODMyNjYyXzg4ODg4NjkyMDQ5MDkzNzI2Mjhfbi5qcGciLCJzbGlkZXNob3ciOiJlNDdhMWI2In0%3D\">\n\t\t\t\t\t<div class=\"e-gallery-image elementor-gallery-item__image\" data-thumbnail=\"https:\/\/toy2.com\/wp-content\/uploads\/2022\/11\/310742196_10160365063832662_8888869204909372628_n-1024x769.jpg\" data-width=\"800\" data-height=\"601\" aria-label=\"\" role=\"img\" ><\/div>\n\t\t\t\t\t\t\t\t\t\t\t<div class=\"elementor-gallery-item__overlay\"><\/div>\n\t\t\t\t\t\t\t\t\t\t\t\t\t\t<\/a>\n\t\t\t\t\t\t\t<a class=\"e-gallery-item elementor-gallery-item elementor-animated-content\" href=\"https:\/\/toy2.com\/wp-content\/uploads\/2021\/07\/20200803_135808.jpg\" data-elementor-open-lightbox=\"yes\" data-elementor-lightbox-slideshow=\"e47a1b6\" data-elementor-lightbox-title=\"20200803_135808\" data-e-action-hash=\"#elementor-action%3Aaction%3Dlightbox%26settings%3DeyJpZCI6NzQyLCJ1cmwiOiJodHRwczpcL1wvdG95Mi5jb21cL3dwLWNvbnRlbnRcL3VwbG9hZHNcLzIwMjFcLzA3XC8yMDIwMDgwM18xMzU4MDguanBnIiwic2xpZGVzaG93IjoiZTQ3YTFiNiJ9\">\n\t\t\t\t\t<div class=\"e-gallery-image elementor-gallery-item__image\" data-thumbnail=\"https:\/\/toy2.com\/wp-content\/uploads\/2021\/07\/20200803_135808-1024x768.jpg\" data-width=\"800\" data-height=\"600\" aria-label=\"\" role=\"img\" ><\/div>\n\t\t\t\t\t\t\t\t\t\t\t<div class=\"elementor-gallery-item__overlay\"><\/div>\n\t\t\t\t\t\t\t\t\t\t\t\t\t\t<\/a>\n\t\t\t\t\t\t\t<a class=\"e-gallery-item elementor-gallery-item elementor-animated-content\" href=\"https:\/\/toy2.com\/wp-content\/uploads\/2023\/11\/Toy2_4-scaled-1-1-1.jpg\" data-elementor-open-lightbox=\"yes\" data-elementor-lightbox-slideshow=\"e47a1b6\" data-elementor-lightbox-title=\"Toy2_4-scaled-1-1.jpg\" data-e-action-hash=\"#elementor-action%3Aaction%3Dlightbox%26settings%3DeyJpZCI6MjQ3NTksInVybCI6Imh0dHBzOlwvXC90b3kyLmNvbVwvd3AtY29udGVudFwvdXBsb2Fkc1wvMjAyM1wvMTFcL1RveTJfNC1zY2FsZWQtMS0xLTEuanBnIiwic2xpZGVzaG93IjoiZTQ3YTFiNiJ9\">\n\t\t\t\t\t<div class=\"e-gallery-image elementor-gallery-item__image\" data-thumbnail=\"https:\/\/toy2.com\/wp-content\/uploads\/2023\/11\/Toy2_4-scaled-1-1-1-1024x682.jpg\" data-width=\"800\" data-height=\"533\" aria-label=\"\" role=\"img\" ><\/div>\n\t\t\t\t\t\t\t\t\t\t\t<div class=\"elementor-gallery-item__overlay\"><\/div>\n\t\t\t\t\t\t\t\t\t\t\t\t\t\t<\/a>\n\t\t\t\t\t<\/div>\n\t\t\t\t\t<\/div>\n\t\t\t\t<\/div>\n\t\t\t\t\t<\/div>\n\t\t<\/div>\n\t\t\t\t\t<\/div>\n\t\t<\/section>\n\t\t\t\t<section class=\"elementor-section elementor-top-section elementor-element elementor-element-47791a0 elementor-section-boxed elementor-section-height-default elementor-section-height-default\" data-id=\"47791a0\" data-element_type=\"section\" data-e-type=\"section\" data-settings=\"{&quot;background_background&quot;:&quot;classic&quot;}\">\n\t\t\t\t\t\t<div class=\"elementor-container elementor-column-gap-default\">\n\t\t\t\t\t<div class=\"elementor-column elementor-col-100 elementor-top-column elementor-element elementor-element-c1ccc28\" data-id=\"c1ccc28\" data-element_type=\"column\" data-e-type=\"column\">\n\t\t\t<div class=\"elementor-widget-wrap elementor-element-populated\">\n\t\t\t\t\t\t<div class=\"elementor-element elementor-element-3bca286 elementor-widget elementor-widget-menu-anchor\" data-id=\"3bca286\" data-element_type=\"widget\" data-e-type=\"widget\" data-widget_type=\"menu-anchor.default\">\n\t\t\t\t<div class=\"elementor-widget-container\">\n\t\t\t\t\t\t\t<div class=\"elementor-menu-anchor\" id=\"shopnow-1\"><\/div>\n\t\t\t\t\t\t<\/div>\n\t\t\t\t<\/div>\n\t\t\t\t<div class=\"elementor-element elementor-element-cf74949 elementor-widget elementor-widget-heading\" data-id=\"cf74949\" data-element_type=\"widget\" data-e-type=\"widget\" data-widget_type=\"heading.default\">\n\t\t\t\t<div class=\"elementor-widget-container\">\n\t\t\t\t\t<h2 class=\"elementor-heading-title elementor-size-default\"><span lang=\"sv\"><span data-language-for-alternatives=\"sv\" data-language-to-translate-into=\"da\" data-phrase-index=\"0\" data-number-of-phrases=\"1\"><span>Handle<\/span><\/span><\/span> n\u00e5:<\/h2>\t\t\t\t<\/div>\n\t\t\t\t<\/div>\n\t\t\t\t\t<\/div>\n\t\t<\/div>\n\t\t\t\t\t<\/div>\n\t\t<\/section>\n\t\t\t\t<section class=\"elementor-section elementor-top-section elementor-element elementor-element-c0478e4 elementor-section-boxed elementor-section-height-default elementor-section-height-default\" data-id=\"c0478e4\" data-element_type=\"section\" data-e-type=\"section\">\n\t\t\t\t\t\t<div class=\"elementor-container elementor-column-gap-default\">\n\t\t\t\t\t<div class=\"elementor-column elementor-col-100 elementor-top-column elementor-element elementor-element-02726cd\" data-id=\"02726cd\" data-element_type=\"column\" data-e-type=\"column\">\n\t\t\t<div class=\"elementor-widget-wrap elementor-element-populated\">\n\t\t\t\t\t\t<div class=\"elementor-element elementor-element-4478a4e elementor-align-center elementor-widget elementor-widget-button\" data-id=\"4478a4e\" data-element_type=\"widget\" data-e-type=\"widget\" data-widget_type=\"button.default\">\n\t\t\t\t<div class=\"elementor-widget-container\">\n\t\t\t\t\t\t\t\t\t<div class=\"elementor-button-wrapper\">\n\t\t\t\t\t<a class=\"elementor-button elementor-button-link elementor-size-xl\" href=\"https:\/\/www.jollyroom.no\/search?text=Toy2\" id=\"vendorclick_no_jollyroom\">\n\t\t\t\t\t\t<span class=\"elementor-button-content-wrapper\">\n\t\t\t\t\t\t\t\t\t<span class=\"elementor-button-text\">Visit Vendor<\/span>\n\t\t\t\t\t<\/span>\n\t\t\t\t\t<\/a>\n\t\t\t\t<\/div>\n\t\t\t\t\t\t\t\t<\/div>\n\t\t\t\t<\/div>\n\t\t\t\t<div class=\"elementor-element elementor-element-01e2afc elementor-align-center elementor-widget elementor-widget-button\" data-id=\"01e2afc\" data-element_type=\"widget\" data-e-type=\"widget\" data-widget_type=\"button.default\">\n\t\t\t\t<div class=\"elementor-widget-container\">\n\t\t\t\t\t\t\t\t\t<div class=\"elementor-button-wrapper\">\n\t\t\t\t\t<a class=\"elementor-button elementor-button-link elementor-size-xl\" href=\"https:\/\/lt45.net\/c\/?si=15381&#038;li=1666262&#038;wi=380505&#038;ws=&#038;dl=leker%2Fmerke%3Dtrack-connector%2F\" id=\"vendorclick_no_coolshop\">\n\t\t\t\t\t\t<span class=\"elementor-button-content-wrapper\">\n\t\t\t\t\t\t\t\t\t<span class=\"elementor-button-text\">Visit Vendor<\/span>\n\t\t\t\t\t<\/span>\n\t\t\t\t\t<\/a>\n\t\t\t\t<\/div>\n\t\t\t\t\t\t\t\t<\/div>\n\t\t\t\t<\/div>\n\t\t\t\t<div class=\"elementor-element elementor-element-6b4a3f2 elementor-align-center elementor-widget elementor-widget-button\" data-id=\"6b4a3f2\" data-element_type=\"widget\" data-e-type=\"widget\" data-widget_type=\"button.default\">\n\t\t\t\t<div class=\"elementor-widget-container\">\n\t\t\t\t\t\t\t\t\t<div class=\"elementor-button-wrapper\">\n\t\t\t\t\t<a class=\"elementor-button elementor-button-link elementor-size-xl\" href=\"https:\/\/toy2.com\/shop\/\" id=\"vendorclick_no_toy2\">\n\t\t\t\t\t\t<span class=\"elementor-button-content-wrapper\">\n\t\t\t\t\t\t\t\t\t<span class=\"elementor-button-text\">Visit Vendor<\/span>\n\t\t\t\t\t<\/span>\n\t\t\t\t\t<\/a>\n\t\t\t\t<\/div>\n\t\t\t\t\t\t\t\t<\/div>\n\t\t\t\t<\/div>\n\t\t\t\t\t<\/div>\n\t\t<\/div>\n\t\t\t\t\t<\/div>\n\t\t<\/section>\n\t\t\t\t<section class=\"elementor-section elementor-top-section elementor-element elementor-element-edbebac elementor-section-boxed elementor-section-height-default elementor-section-height-default\" data-id=\"edbebac\" data-element_type=\"section\" data-e-type=\"section\">\n\t\t\t\t\t\t<div class=\"elementor-container elementor-column-gap-default\">\n\t\t\t\t\t<div class=\"elementor-column elementor-col-100 elementor-top-column elementor-element elementor-element-63cba5c\" data-id=\"63cba5c\" data-element_type=\"column\" data-e-type=\"column\">\n\t\t\t<div class=\"elementor-widget-wrap elementor-element-populated\">\n\t\t\t\t\t\t<div class=\"elementor-element elementor-element-7e1cda9 elementor-align-center elementor-widget elementor-widget-button\" data-id=\"7e1cda9\" data-element_type=\"widget\" data-e-type=\"widget\" data-widget_type=\"button.default\">\n\t\t\t\t<div class=\"elementor-widget-container\">\n\t\t\t\t\t\t\t\t\t<div class=\"elementor-button-wrapper\">\n\t\t\t\t\t<a class=\"elementor-button elementor-button-link elementor-size-xl\" href=\"https:\/\/www.proshop.no\/?s=Toy2\" id=\"vendorclick_no_proshop\">\n\t\t\t\t\t\t<span class=\"elementor-button-content-wrapper\">\n\t\t\t\t\t\t\t\t\t<span class=\"elementor-button-text\">Visit Vendor<\/span>\n\t\t\t\t\t<\/span>\n\t\t\t\t\t<\/a>\n\t\t\t\t<\/div>\n\t\t\t\t\t\t\t\t<\/div>\n\t\t\t\t<\/div>\n\t\t\t\t<div class=\"elementor-element elementor-element-84378f5 elementor-widget elementor-widget-image\" data-id=\"84378f5\" data-element_type=\"widget\" data-e-type=\"widget\" data-widget_type=\"image.default\">\n\t\t\t\t<div class=\"elementor-widget-container\">\n\t\t\t\t\t\t\t\t\t\t\t\t\t\t\t\t<a href=\"https:\/\/www.trustpilot.com\/review\/squar3d.dk\">\n\t\t\t\t\t\t\t<img decoding=\"async\" width=\"258\" height=\"101\" src=\"https:\/\/toy2.com\/wp-content\/uploads\/2022\/07\/truspilot-e1656782991922.png\" class=\"attachment-medium size-medium wp-image-4327\" alt=\"\" \/>\t\t\t\t\t\t\t\t<\/a>\n\t\t\t\t\t\t\t\t\t\t\t\t\t\t\t<\/div>\n\t\t\t\t<\/div>\n\t\t\t\t\t<\/div>\n\t\t<\/div>\n\t\t\t\t\t<\/div>\n\t\t<\/section>\n\t\t\t\t<\/div>\n\t\t","protected":false},"excerpt":{"rendered":"<p>Hvordan f\u00e5 barna interessert i de gamle lekene?\ud83e\udd14 Handle n\u00e5 Gi nytt liv til de gamle lekene https:\/\/youtu.be\/KkVgmEw9QZs TOY2 Track Connectors gj\u00f8r det mulig \u00e5 koble sammen togskinner av tre (f.eks. fra BRIO\u00ae eller IKEA) med DUPLO\u00ae-byggeklosser og lignende. Dette gir deg og barna muligheten til \u00e5: \u2714\ufe0fBygge fantastiske togskinner i tre \u2714\ufe0fBygge noe sammen, [&hellip;]<\/p>\n","protected":false},"author":2,"featured_media":0,"parent":0,"menu_order":65,"comment_status":"closed","ping_status":"closed","template":"","meta":{"_acf_changed":false,"inline_featured_image":false,"footnotes":""},"class_list":["post-1285","page","type-page","status-publish","hentry"],"acf":[],"_links":{"self":[{"href":"https:\/\/toy2.com\/da\/wp-json\/wp\/v2\/pages\/1285","targetHints":{"allow":["GET"]}}],"collection":[{"href":"https:\/\/toy2.com\/da\/wp-json\/wp\/v2\/pages"}],"about":[{"href":"https:\/\/toy2.com\/da\/wp-json\/wp\/v2\/types\/page"}],"author":[{"embeddable":true,"href":"https:\/\/toy2.com\/da\/wp-json\/wp\/v2\/users\/2"}],"replies":[{"embeddable":true,"href":"https:\/\/toy2.com\/da\/wp-json\/wp\/v2\/comments?post=1285"}],"version-history":[{"count":124,"href":"https:\/\/toy2.com\/da\/wp-json\/wp\/v2\/pages\/1285\/revisions"}],"predecessor-version":[{"id":33004,"href":"https:\/\/toy2.com\/da\/wp-json\/wp\/v2\/pages\/1285\/revisions\/33004"}],"wp:attachment":[{"href":"https:\/\/toy2.com\/da\/wp-json\/wp\/v2\/media?parent=1285"}],"curies":[{"name":"wp","href":"https:\/\/api.w.org\/{rel}","templated":true}]}}